
{"id":94,"date":"2019-09-01T09:24:09","date_gmt":"2019-09-01T09:24:09","guid":{"rendered":"https:\/\/demo.casethemes.net\/induxe\/?page_id=94"},"modified":"2024-09-09T12:17:33","modified_gmt":"2024-09-09T10:17:33","slug":"services-distributeurs-chenille-mini-pelle","status":"publish","type":"page","link":"https:\/\/minitop.it\/fr\/services-distributeurs-chenille-mini-pelle\/","title":{"rendered":"Services et chenilles caoutchouc pour les pros du TP"},"content":{"rendered":"<div class=\"wpb-content-wrapper\"><p>[vc_row content_placement=&#8221;middle&#8221;][vc_column css=&#8221;.vc_custom_1573154049887{padding-top: 0px !important;}&#8221; offset=&#8221;vc_col-lg-6 vc_col-md-6&#8243;][ct_heading text=&#8221;D\u00e9di\u00e9s aux distributeurs de mat\u00e9riel TP<\/p>\n<p>Qualit\u00e9 <cite><i>Service<\/i><\/cite> R\u00e9activit\u00e9 <cite><i>Consid\u00e9ration<\/i><\/cite>&#8221; font_size=&#8221;50&#8243; font_size_md=&#8221;50&#8243; font_size_sm=&#8221;50&#8243; font_size_xs=&#8221;45&#8243; line_height=&#8221;70&#8243; line_height_md=&#8221;70&#8243; line_height_sm=&#8221;70&#8243; line_height_xs=&#8221;55&#8243; font_weight=&#8221;500&#8243; font_style=&#8221;&#8221; letter_spacing=&#8221;0.03em&#8221; subtitle=&#8221;SERVICES AUX REVENDEURS&#8221; subtitle_font_size=&#8221;22&#8243; description=&#8221;Avec plus de 25 ans sur le march\u00e9 international, <strong>Minitop est une r\u00e9f\u00e9rence<\/strong> pour les concessionnaires du secteur de la construction.&#8221; description_font_size=&#8221;26&#8243; description_line_height=&#8221;40&#8243; des_font_weight=&#8221;500&#8243; description_color=&#8221;#999999&#8243; margin_bottom=&#8221;25&#8243; sub_margin_bottom=&#8221;7&#8243;][ct_heading font_weight=&#8221;&#8221; font_style=&#8221;&#8221; description=&#8221;Chaque \u00e9tape, de la production de la large gamme de chenilles renforc\u00e9es pour engins et mini pelles \u00e0 la livraison au destinataire, implique directement le personnel de Minitop qui, gr\u00e2ce \u00e0 son accueil, son exp\u00e9rience et \u00e0 ses comp\u00e9tences, est en mesure de <strong>garantir un produit et un service hautement professionnels<\/strong> \u00e0 ses clients.<br \/>\nNos <strong>entrep\u00f4ts optimis\u00e9s<\/strong> nous permettent de g\u00e9rer et allouer <strong>plus de 400 tailles diff\u00e9rentes et adaptables de chenilles caoutchouc pour mini pelle<\/strong>, ce qui, gr\u00e2ce \u00e0 un approvisionnement constant, garantit la <strong>disponibilit\u00e9 de plusieurs milliers de chenilles en caoutchouc<\/strong> pr\u00eates \u00e0 rejoindre n&#8217;importe quel endroit dans le monde.<br \/>\n<strong>Minitop logistics<\/strong>, par le biais de transitaires s\u00e9lectionn\u00e9s, est en mesure de livrer parfaitement le destinataire dans les plus brefs d\u00e9lais, gr\u00e2ce aux diff\u00e9rentes options offertes au d\u00e9taillant.<br \/>\nPour Minitop, le d\u00e9taillant est un partenaire d&#8217;excellence \u00e0 qui <strong>nous offrons un produit et une gamme de services sur mesure<\/strong>, et ce fonctionnement est un principe fondamental pour tout le personnel de Minitop.&#8221; des_font_weight=&#8221;&#8221; description_color=&#8221;#222222&#8243; sub_margin_bottom=&#8221;7&#8243;][ct_space space_lg=&#8221;23&#8243; space_md=&#8221;23&#8243; space_sm=&#8221;23&#8243; space_xs=&#8221;23&#8243;][ct_button button_text=&#8221;L&#8217;histoire de Minitop&#8221; button_link=&#8221;url:%2Ffr%2Fa-propos-de-nous%2F%23histoire|title:Entrez%20dans%20l&#8217;histoire%20de%20Minitop&#8221; padding_top=&#8221;2&#8243; padding_bottom=&#8221;2&#8243;][ct_space space_lg=&#8221;0&#8243; space_md=&#8221;0&#8243; space_sm=&#8221;55&#8243; space_xs=&#8221;55&#8243;][\/vc_column][vc_column offset=&#8221;vc_col-lg-6 vc_col-md-6&#8243;][ct_banner image_feature=&#8221;13182&#8243; img_size=&#8221;600&#215;800&#8243; ct_image_align=&#8221;image_align_xs_right&#8221; cms_template=&#8221;ct_banner.php&#8221;][\/vc_column][\/vc_row][vc_row][vc_column css=&#8221;.vc_custom_1573153784108{padding-top: 0px !important;}&#8221;][ct_space space_lg=&#8221;100&#8243; space_md=&#8221;100&#8243; space_sm=&#8221;60&#8243; space_xs=&#8221;40&#8243;][\/vc_column][\/vc_row][vc_row full_width=&#8221;stretch_row_content_no_spaces&#8221; equal_height=&#8221;yes&#8221; el_id=&#8221;offrepourtouslespros&#8221;][vc_column parallax=&#8221;content-moving&#8221; parallax_image=&#8221;13188&#8243; parallax_speed_bg=&#8221;1&#8243; css=&#8221;.vc_custom_1649771561762{padding-top: 0px !important;}&#8221; offset=&#8221;vc_col-lg-6 vc_col-md-6&#8243;][ct_space space_lg=&#8221;700&#8243; space_md=&#8221;700&#8243; space_sm=&#8221;700&#8243; space_xs=&#8221;575&#8243;][\/vc_column][vc_column ct_column_class=&#8221;rm-padding-lg&#8221; css=&#8221;.vc_custom_1640961644548{padding-top: 0px !important;padding-right: 65px !important;padding-left: 65px !important;background-color: #de0c16 !important;}&#8221; offset=&#8221;vc_col-lg-6 vc_col-md-6&#8243;][ct_space space_lg=&#8221;50&#8243; space_md=&#8221;50&#8243; space_sm=&#8221;50&#8243; space_xs=&#8221;50&#8243;][ct_heading text=&#8221;Pour tous les professionnels de l&#8217;univers des machines de travaux publics<\/p>\n<p>Minitop dispose d&#8217;une offre adapt\u00e9e et de services 100% adapt\u00e9s \u00e0 votre activit\u00e9 !&#8221; font_size=&#8221;32&#8243; font_size_md=&#8221;32&#8243; font_size_sm=&#8221;32&#8243; font_size_xs=&#8221;32&#8243; line_height=&#8221;45&#8243; line_height_md=&#8221;45&#8243; line_height_sm=&#8221;45&#8243; line_height_xs=&#8221;45&#8243; font_weight=&#8221;&#8221; font_style=&#8221;&#8221; text_color=&#8221;#ffffff&#8221; des_font_weight=&#8221;&#8221; margin_bottom=&#8221;25&#8243;][ct_fancybox cms_template=&#8221;ct_fancybox&#8211;layout2.php&#8221; title_color=&#8221;#ffffff&#8221; description_color=&#8221;#ffffff&#8221; icon_list=&#8221;flaticon&#8221; icon_color=&#8221;#ffffff&#8221; title=&#8221;Concessionnaires de machines&#8221; description=&#8221;En plus de 25 ans d&#8217;activit\u00e9, Minitop a \u00e9t\u00e9 confront\u00e9 aux diff\u00e9rentes \u00e9volutions de la chenille en caoutchouc qui ont marqu\u00e9es le secteur des engins de terrassement. Au quotidien, cela signifie pour nous de g\u00e9rer les confirmations de commande et les livraisons, de la simple chenille en caoutchouc au conteneur de 20&#8220; contenant des centaines de r\u00e9f\u00e9rences.&#8221; icon_flaticon=&#8221;flaticon-coding&#8221;][ct_space space_lg=&#8221;15&#8243; space_md=&#8221;15&#8243; space_sm=&#8221;15&#8243; space_xs=&#8221;15&#8243;][ct_fancybox cms_template=&#8221;ct_fancybox&#8211;layout2.php&#8221; title_color=&#8221;#ffffff&#8221; description_color=&#8221;#ffffff&#8221; icon_list=&#8221;flaticon&#8221; icon_color=&#8221;#ffffff&#8221; title=&#8221;D\u00e9taillants de pi\u00e8ces d\u00e9tach\u00e9es&#8221; description=&#8221;Minitop fourni de nombreux d\u00e9taillants de pi\u00e8ces d\u00e9tach\u00e9es pour l&#8217;entretien et la r\u00e9paration de minipelle et pelle partout en Europe. Notre offre logistique sait parfaitement s&#8217;adapter \u00e0 des tailles de commandes adapt\u00e9es aux d\u00e9taillants tout en offrant le service d&#8217;un stock disponible en continu dans nos d\u00e9p\u00f4ts.&#8221; icon_flaticon=&#8221;flaticon-tooth-2&#8243;][ct_space space_lg=&#8221;15&#8243; space_md=&#8221;15&#8243; space_sm=&#8221;15&#8243; space_xs=&#8221;15&#8243;][ct_fancybox cms_template=&#8221;ct_fancybox&#8211;layout2.php&#8221; title_color=&#8221;#ffffff&#8221; description_color=&#8221;#ffffff&#8221; icon_list=&#8221;flaticon&#8221; icon_color=&#8221;#ffffff&#8221; title=&#8221;Commer\u00e7ants en ligne&#8221; description=&#8221;Minitop est le partenaire id\u00e9al et fiable pour tous les revendeurs qui vendent des chenilles en caoutchouc par le biais de leur site e-commerce, \u00e9galement en raison de la confidentialit\u00e9 des donn\u00e9es trait\u00e9es relatives aux destinataires des marchandises.<br \/>\nLe service ROL (Reseller On Line) offre tous les avantages requis par les vendeurs d\u00e9sireux de proposer aux utilisateurs l&#8217;achat d&#8217;articles dont ils ne sont pas propri\u00e9taires, mais qui sont mis \u00e0 la disposition du public gr\u00e2ce \u00e0 des accords sp\u00e9ciaux entre les commer\u00e7ants et les fabricants : le propri\u00e9taire d&#8217;un magasin de ce type se limite donc \u00e0 servir d&#8217;interm\u00e9diaire entre le fournisseur et le consommateur, sans avoir \u00e0 se pr\u00e9occuper de la recherche et de la livraison du produit.<br \/>\nCe type de service est trait\u00e9 avec une exp\u00e9dition et un emballage anonymes, en joignant la documentation de transport du d\u00e9taillant si n\u00e9cessaire en utilisant la livraison express.<br \/>\nDes dizaines de d\u00e9taillants en ligne internationaux confient chaque jour leur activit\u00e9 \u00e0 Minitop, en raison du facteur de disponibilit\u00e9 \u00e9lev\u00e9 des marchandises et de l&#8217;efficacit\u00e9 du service.&#8221; icon_flaticon=&#8221;flaticon-hospital&#8221;][ct_space space_lg=&#8221;52&#8243; space_md=&#8221;52&#8243; space_sm=&#8221;52&#8243; space_xs=&#8221;52&#8243;][\/vc_column][\/vc_row][vc_row full_width=&#8221;stretch_row&#8221; css=&#8221;.vc_custom_1649252537143{background-color: #eaeaea !important;}&#8221; el_id=&#8221;servicesauxpros&#8221;][vc_column css=&#8221;.vc_custom_1570724274135{padding-top: 0px !important;}&#8221;][ct_space space_lg=&#8221;90&#8243; space_md=&#8221;90&#8243; space_sm=&#8221;60&#8243; space_xs=&#8221;60&#8243;][vc_row_inner][vc_column_inner width=&#8221;1\/6&#8243;][\/vc_column_inner][vc_column_inner width=&#8221;2\/3&#8243;][ct_heading text=&#8221;Des services d\u00e9di\u00e9s aux revendeurs de chenilles caoutchouc&#8221; align_lg=&#8221;align-center&#8221; align_md=&#8221;center&#8221; align_sm=&#8221;align-center-sm&#8221; align_xs=&#8221;align-center-xs&#8221; font_weight=&#8221;&#8221; font_style=&#8221;&#8221; description=&#8221;<strong>Pens\u00e9s par des professionnels pour des professionnels<\/strong>, nos services sp\u00e9cifiques d\u00e9di\u00e9s aux revendeurs de chenilles caoutchouc nous permettent de vous assurer <strong>un service de grande qualit\u00e9 parfaitement adapt\u00e9s \u00e0 vos besoins<\/strong>.&#8221; des_font_weight=&#8221;&#8221;][ct_space space_lg=&#8221;60&#8243; space_md=&#8221;60&#8243; space_sm=&#8221;60&#8243; space_xs=&#8221;60&#8243;][\/vc_column_inner][vc_column_inner width=&#8221;1\/6&#8243;][\/vc_column_inner][\/vc_row_inner][ct_fancybox_grid content_list=&#8221;%5B%7B%22title%22%3A%22UN%20CONSEILLER%20TECHNIQUE%20ET%20COMMERCIAL%20ATTITR%C3%89%22%2C%22number_title%22%3A%221%22%2C%22fcb_content%22%3A%22Les%20conseillers%20de%20vente%20de%20Minitop%20sont%20form%C3%A9s%20pour%20r%C3%A9pondre%20%C3%A0%20toutes%20vos%20questions%20techniques%20et%20commerciales.%20La%20qualit%C3%A9%20de%20nos%20maillons%20en%20fer%20forg%C3%A9%20ou%20de%20notre%20c%C3%A2blage%20continu%20en%20acier%20inoxydable%20n&#8217;auront%20plus%20aucun%20secret%20pour%20vous.%20Ils%20sont%20en%20mesure%20de%20formuler%20des%20offres%20et%20des%20commandes%20standards%20ou%20personnalis%C3%A9es%20dans%20les%20plus%20brefs%20d%C3%A9lais.%3C%2Fbr%3E%20%5CnNos%20revendeurs%20sont%20toujours%20%3Cstrong%3Esuivi%20par%20un%20commercial%20Minitop%20de%20r%C3%A9f%C3%A9rence%20attitr%C3%A9%3C%2Fstrong%3E%20pour%20une%20communication%20directe%20et%20une%20parfaite%20connaissance%20de%20votre%20entreprise.%3C%2Fbr%3E%5Cn%3Ca%20href%3D%5C%22%2Ffr%2Fcontact-fr%2F%5C%22%3EContactez%20votre%20commercial%20r%C3%A9f%C3%A9rent%3C%2Fa%3E%22%2C%22icon_flaticon%22%3A%22flaticon-phone-call%22%2C%22item_link%22%3A%22url%3A%2523%7C%7C%7C%22%7D%2C%7B%22title%22%3A%22UN%20PORTAIL%20EXTRANET%22%2C%22number_title%22%3A%222%22%2C%22fcb_content%22%3A%22Gr%C3%A2ce%20au%20%3Ca%20href%3D%5C%22https%3A%2F%2Fexnet.minitop.it%2F%5C%22%3Eportail%20extranet%20de%20Minitop%3C%2Fa%3E%2C%20vous%20pouvez%20%C3%A0%20tout%20moment%20%3Cstrong%3Eidentifier%20facilement%20le%20mod%C3%A8le%20de%20chenilles%20caoutchouc%20%3C%2Fstrong%3Eadapt%C3%A9%20%C3%A0%20votre%20machine%2C%20mais%20aussi%20%3Cstrong%3Ev%C3%A9rifier%20la%20disponibilit%C3%A9%20en%20stock%20%3C%2Fstrong%3E%20des%20chenilles%20et%20%3Cstrong%3Epasser%20vos%20commandes%20en%20ligne%3C%2Fstrong%3E.%3C%2Fbr%3E%5CnLe%20catalogue%20des%20applications%20dispose%20d&#8217;un%20nouveau%20moteur%20de%20recherche%20pour%20faciliter%20la%20s%C3%A9lection%20correcte%20des%20pistes%20dans%20le%20cas%20de%20mod%C3%A8les%20avec%20des%20solutions%20diff%C3%A9rentes.%3C%2Fbr%3E%5CnLe%20portail%20extranet%20vous%20permet%20%C3%A9galement%20d&#8217;avoir%20un%20suivi%20rapide%20de%20l&#8217;historique%20de%20vos%20commandes.%22%2C%22icon_flaticon%22%3A%22flaticon-hospital%22%2C%22item_link%22%3A%22url%3A%2523%7C%7C%7C%22%7D%2C%7B%22title%22%3A%22UNE%20LOGISTIQUE%20D%C3%89DI%C3%89E%22%2C%22number_title%22%3A%223%22%2C%22fcb_content%22%3A%22Chaque%20commande%20exp%C3%A9di%C3%A9e%20par%20Minitop%20suit%20un%20protocole%20pr%C3%A9cis%20qui%20tient%20compte%20des%20conditions%20commerciales%20et%20logistiques%20en%20place%20avec%20le%20d%C3%A9taillant.%20%3Cstrong%3EChaque%20revendeur%20est%20consid%C3%A9r%C3%A9%20de%20fa%C3%A7on%20parfaitement%20personnalis%C3%A9e%3C%2Fstrong%3E.%20%5CnDu%20type%20de%20palette%2C%20en%20passant%20par%20l&#8217;emballage%2C%20le%20sceau%20de%20s%C3%A9curit%C3%A9%20ou%20encore%20le%20format%20d&#8217;exp%C3%A9dition%2024h%2C%2048h%20ou%2072h%2C%20tout%20est%20%3Cstrong%3E100%25%20r%C3%A9alis%C3%A9%20selon%20la%20demande%20du%20revendeur%3C%2Fstrong%3E.%5CnLes%20transitaires%20partenaires%20de%20Minitop%20op%C3%A9rant%20au%20niveau%20international%20sont%20contr%C3%B4l%C3%A9s%20r%C3%A9guli%C3%A8rement%20afin%20de%20s&#8217;assurer%20que%20les%20conditions%20de%20livraison%20convenues%20sont%20respect%C3%A9es.%5Cn%5Cn%22%2C%22icon_flaticon%22%3A%22flaticon-twitter%22%7D%5D&#8221; col_xs=&#8221;1&#8243; col_sm=&#8221;2&#8243; col_md=&#8221;3&#8243; col_lg=&#8221;3&#8243; col_xl=&#8221;3&#8243;][ct_space space_lg=&#8221;60&#8243; space_md=&#8221;60&#8243; space_sm=&#8221;20&#8243; space_xs=&#8221;20&#8243;][\/vc_column][\/vc_row][vc_row full_width=&#8221;stretch_row_content_no_spaces&#8221; equal_height=&#8221;yes&#8221; css=&#8221;.vc_custom_1572018142518{background-color: #ffffff !important;}&#8221;][vc_column ct_column_class=&#8221;rm-padding-lg&#8221; css=&#8221;.vc_custom_1573153960206{padding-top: 0px !important;padding-right: 115px !important;padding-left: 115px !important;}&#8221; offset=&#8221;vc_col-lg-7 vc_col-md-7&#8243;][ct_space space_lg=&#8221;75&#8243; space_md=&#8221;75&#8243; space_sm=&#8221;40&#8243; space_xs=&#8221;40&#8243;][ct_heading text=&#8221;Une \u00e9quipe de professionnels d\u00e9termin\u00e9s \u00e0 vous offrir le meilleur des services&#8221; font_size=&#8221;35&#8243; font_size_md=&#8221;35&#8243; font_size_sm=&#8221;35&#8243; font_size_xs=&#8221;35&#8243; line_height=&#8221;45&#8243; line_height_md=&#8221;45&#8243; line_height_sm=&#8221;45&#8243; line_height_xs=&#8221;45&#8243; font_weight=&#8221;600&#8243; font_style=&#8221;&#8221; description=&#8221;Tout le personnel est orient\u00e9 vers une seule mission : satisfaire vos demandes.&#8221; description_font_size=&#8221;15&#8243; des_font_weight=&#8221;&#8221; description_color=&#8221;#494949&#8243;][ct_space space_lg=&#8221;50&#8243; space_md=&#8221;50&#8243; space_sm=&#8221;25&#8243; space_xs=&#8221;25&#8243;][ct_heading text=&#8221;Minitop: le taux de satisfaction de nos clients*&#8221; font_weight=&#8221;&#8221; font_style=&#8221;&#8221; des_font_weight=&#8221;&#8221;][ct_space space_lg=&#8221;50&#8243; space_md=&#8221;50&#8243; space_sm=&#8221;25&#8243; space_xs=&#8221;25&#8243;][ct_progressbar ct_progressbar_list=&#8221;%5B%7B%22item_title%22%3A%22Qualit%C3%A9%20du%20produit%22%2C%22value%22%3A%2298%22%7D%2C%7B%22item_title%22%3A%22Disponibilit%C3%A9%20du%20produit%20en%20stock%22%2C%22value%22%3A%2293%22%7D%2C%7B%22item_title%22%3A%22Assistance%20technique%20commerciale%22%2C%22value%22%3A%2299%22%7D%2C%7B%22item_title%22%3A%22Fid%C3%A9lisation%20des%20clients%22%2C%22value%22%3A%2289%22%7D%5D&#8221; font_weight=&#8221;600&#8243;][ct_heading font_size=&#8221;35&#8243; font_size_md=&#8221;35&#8243; font_size_sm=&#8221;35&#8243; font_size_xs=&#8221;35&#8243; line_height=&#8221;45&#8243; line_height_md=&#8221;45&#8243; line_height_sm=&#8221;45&#8243; line_height_xs=&#8221;45&#8243; font_weight=&#8221;600&#8243; font_style=&#8221;&#8221; description=&#8221;*rapport interne au 31-12-2021&#8243; description_font_size=&#8221;15&#8243; des_font_weight=&#8221;&#8221; description_color=&#8221;#494949&#8243;][ct_space space_lg=&#8221;75&#8243; space_md=&#8221;75&#8243; space_sm=&#8221;40&#8243; space_xs=&#8221;40&#8243;][ct_heading text=&#8221;Devenez vous aussi un revendeur de chenilles Minitop !&#8221; font_size=&#8221;35&#8243; font_size_md=&#8221;35&#8243; font_size_sm=&#8221;35&#8243; font_size_xs=&#8221;35&#8243; line_height=&#8221;45&#8243; line_height_md=&#8221;45&#8243; line_height_sm=&#8221;45&#8243; line_height_xs=&#8221;45&#8243; font_weight=&#8221;600&#8243; font_style=&#8221;&#8221; description=&#8221;Pour le faire, contactez l&#8217;un de nos conseillers commerciaux.&#8221; description_font_size=&#8221;15&#8243; des_font_weight=&#8221;&#8221; description_color=&#8221;#494949&#8243;][ct_space space_lg=&#8221;50&#8243; space_md=&#8221;50&#8243; space_sm=&#8221;25&#8243; space_xs=&#8221;25&#8243;][ct_button button_text=&#8221;Contactez votre conseiller local&#8221; button_link=&#8221;url:%2Ffr%2Fcontact-fr%2F|title:Contact&#8221; button_size=&#8221;size-lg&#8221; icon_fontawesome=&#8221;fas fa-address-card&#8221; padding_top=&#8221;2&#8243; padding_bottom=&#8221;2&#8243; animation=&#8221;bounceInDown&#8221;][ct_space space_lg=&#8221;55&#8243; space_md=&#8221;55&#8243; space_sm=&#8221;40&#8243; space_xs=&#8221;40&#8243;][\/vc_column][vc_column parallax=&#8221;content-moving&#8221; parallax_image=&#8221;21377&#8243; parallax_speed_bg=&#8221;1.2&#8243; offset=&#8221;vc_col-lg-5 vc_col-md-5&#8243;][ct_space space_lg=&#8221;540&#8243; space_md=&#8221;450&#8243; space_sm=&#8221;450&#8243; space_xs=&#8221;450&#8243;][\/vc_column][\/vc_row]<\/p>\n<\/div>","protected":false},"excerpt":{"rendered":"<p>[vc_row content_placement=&#8221;middle&#8221;][vc_column css=&#8221;.vc_custom_1573154049887{padding-top: 0px !important;}&#8221; offset=&#8221;vc_col-lg-6 vc_col-md-6&#8243;][ct_heading text=&#8221;D\u00e9di\u00e9s aux distributeurs de mat\u00e9riel TP Qualit\u00e9 Service R\u00e9activit\u00e9 Consid\u00e9ration&#8221; font_size=&#8221;50&#8243; font_size_md=&#8221;50&#8243; font_size_sm=&#8221;50&#8243; font_size_xs=&#8221;45&#8243; line_height=&#8221;70&#8243; line_height_md=&#8221;70&#8243; line_height_sm=&#8221;70&#8243; line_height_xs=&#8221;55&#8243; font_weight=&#8221;500&#8243; font_style=&#8221;&#8221; letter_spacing=&#8221;0.03em&#8221; subtitle=&#8221;SERVICES AUX REVENDEURS&#8221; subtitle_font_size=&#8221;22&#8243; description=&#8221;Avec plus de 25 ans sur le march\u00e9 international, Minitop est une r\u00e9f\u00e9rence pour les concessionnaires du secteur de la construction.&#8221; description_font_size=&#8221;26&#8243; description_line_height=&#8221;40&#8243; [&hellip;]<\/p>\n","protected":false},"author":1,"featured_media":0,"parent":0,"menu_order":0,"comment_status":"closed","ping_status":"closed","template":"","meta":{"_themeisle_gutenberg_block_has_review":false,"footnotes":""},"class_list":["post-94","page","type-page","status-publish","hentry"],"yoast_head":"<!-- This site is optimized with the Yoast SEO plugin v22.2 - https:\/\/yoast.com\/wordpress\/plugins\/seo\/ -->\n<title>Services et chenilles caoutchouc pour les pros du TP - Minitop<\/title>\n<meta name=\"description\" content=\"D\u00e9couvrez l&#039;offre 100% d\u00e9di\u00e9e aux distributeurs de chenilles caoutchouc et devenez distributeurs de chenilles pour mini pelle !\" \/>\n<meta name=\"robots\" content=\"index, follow, max-snippet:-1, max-image-preview:large, max-video-preview:-1\" \/>\n<link rel=\"canonical\" href=\"https:\/\/minitop.it\/fr\/services-distributeurs-chenille-mini-pelle\/\" \/>\n<meta property=\"og:locale\" content=\"fr_FR\" \/>\n<meta property=\"og:type\" content=\"article\" \/>\n<meta property=\"og:title\" content=\"Services et chenilles caoutchouc pour les pros du TP - Minitop\" \/>\n<meta property=\"og:description\" content=\"D\u00e9couvrez l&#039;offre 100% d\u00e9di\u00e9e aux distributeurs de chenilles caoutchouc et devenez distributeurs de chenilles pour mini pelle !\" \/>\n<meta property=\"og:url\" content=\"https:\/\/minitop.it\/fr\/services-distributeurs-chenille-mini-pelle\/\" \/>\n<meta property=\"og:site_name\" content=\"Minitop\" \/>\n<meta property=\"article:publisher\" content=\"https:\/\/www.facebook.com\/minitopsrl\" \/>\n<meta property=\"article:modified_time\" content=\"2024-09-09T10:17:33+00:00\" \/>\n<meta name=\"twitter:card\" content=\"summary_large_image\" \/>\n<meta name=\"twitter:label1\" content=\"Dur\u00e9e de lecture estim\u00e9e\" \/>\n\t<meta name=\"twitter:data1\" content=\"5 minutes\" \/>\n<script type=\"application\/ld+json\" class=\"yoast-schema-graph\">{\"@context\":\"https:\/\/schema.org\",\"@graph\":[{\"@type\":\"WebPage\",\"@id\":\"https:\/\/minitop.it\/fr\/services-distributeurs-chenille-mini-pelle\/\",\"url\":\"https:\/\/minitop.it\/fr\/services-distributeurs-chenille-mini-pelle\/\",\"name\":\"Services et chenilles caoutchouc pour les pros du TP - Minitop\",\"isPartOf\":{\"@id\":\"https:\/\/minitop.it\/#website\"},\"datePublished\":\"2019-09-01T09:24:09+00:00\",\"dateModified\":\"2024-09-09T10:17:33+00:00\",\"description\":\"D\u00e9couvrez l'offre 100% d\u00e9di\u00e9e aux distributeurs de chenilles caoutchouc et devenez distributeurs de chenilles pour mini pelle !\",\"breadcrumb\":{\"@id\":\"https:\/\/minitop.it\/fr\/services-distributeurs-chenille-mini-pelle\/#breadcrumb\"},\"inLanguage\":\"fr-FR\",\"potentialAction\":[{\"@type\":\"ReadAction\",\"target\":[\"https:\/\/minitop.it\/fr\/services-distributeurs-chenille-mini-pelle\/\"]}]},{\"@type\":\"BreadcrumbList\",\"@id\":\"https:\/\/minitop.it\/fr\/services-distributeurs-chenille-mini-pelle\/#breadcrumb\",\"itemListElement\":[{\"@type\":\"ListItem\",\"position\":1,\"name\":\"Home\",\"item\":\"https:\/\/minitop.it\/fr\/\"},{\"@type\":\"ListItem\",\"position\":2,\"name\":\"Services et chenilles caoutchouc pour les pros du TP\"}]},{\"@type\":\"WebSite\",\"@id\":\"https:\/\/minitop.it\/#website\",\"url\":\"https:\/\/minitop.it\/\",\"name\":\"Minitop\",\"description\":\"Le sp\u00e9cialiste de la chenille caoutchouc\",\"publisher\":{\"@id\":\"https:\/\/minitop.it\/#organization\"},\"potentialAction\":[{\"@type\":\"SearchAction\",\"target\":{\"@type\":\"EntryPoint\",\"urlTemplate\":\"https:\/\/minitop.it\/?s={search_term_string}\"},\"query-input\":\"required name=search_term_string\"}],\"inLanguage\":\"fr-FR\"},{\"@type\":\"Organization\",\"@id\":\"https:\/\/minitop.it\/#organization\",\"name\":\"Minitop\",\"url\":\"https:\/\/minitop.it\/\",\"logo\":{\"@type\":\"ImageObject\",\"inLanguage\":\"fr-FR\",\"@id\":\"https:\/\/minitop.it\/#\/schema\/logo\/image\/\",\"url\":\"https:\/\/minitop.it\/wp-content\/uploads\/2022\/04\/cropped-logominitoptr.png\",\"contentUrl\":\"https:\/\/minitop.it\/wp-content\/uploads\/2022\/04\/cropped-logominitoptr.png\",\"width\":512,\"height\":512,\"caption\":\"Minitop\"},\"image\":{\"@id\":\"https:\/\/minitop.it\/#\/schema\/logo\/image\/\"},\"sameAs\":[\"https:\/\/www.facebook.com\/minitopsrl\",\"https:\/\/www.linkedin.com\/company\/gruppominitopsrl\/\",\"https:\/\/www.youtube.com\/channel\/UC4SxXfoXCpelUKZa-ui9vuA\/featured?cbrd=1\"]}]}<\/script>\n<!-- \/ Yoast SEO plugin. -->","yoast_head_json":{"title":"Services et chenilles caoutchouc pour les pros du TP - Minitop","description":"D\u00e9couvrez l'offre 100% d\u00e9di\u00e9e aux distributeurs de chenilles caoutchouc et devenez distributeurs de chenilles pour mini pelle !","robots":{"index":"index","follow":"follow","max-snippet":"max-snippet:-1","max-image-preview":"max-image-preview:large","max-video-preview":"max-video-preview:-1"},"canonical":"https:\/\/minitop.it\/fr\/services-distributeurs-chenille-mini-pelle\/","og_locale":"fr_FR","og_type":"article","og_title":"Services et chenilles caoutchouc pour les pros du TP - Minitop","og_description":"D\u00e9couvrez l'offre 100% d\u00e9di\u00e9e aux distributeurs de chenilles caoutchouc et devenez distributeurs de chenilles pour mini pelle !","og_url":"https:\/\/minitop.it\/fr\/services-distributeurs-chenille-mini-pelle\/","og_site_name":"Minitop","article_publisher":"https:\/\/www.facebook.com\/minitopsrl","article_modified_time":"2024-09-09T10:17:33+00:00","twitter_card":"summary_large_image","twitter_misc":{"Dur\u00e9e de lecture estim\u00e9e":"5 minutes"},"schema":{"@context":"https:\/\/schema.org","@graph":[{"@type":"WebPage","@id":"https:\/\/minitop.it\/fr\/services-distributeurs-chenille-mini-pelle\/","url":"https:\/\/minitop.it\/fr\/services-distributeurs-chenille-mini-pelle\/","name":"Services et chenilles caoutchouc pour les pros du TP - Minitop","isPartOf":{"@id":"https:\/\/minitop.it\/#website"},"datePublished":"2019-09-01T09:24:09+00:00","dateModified":"2024-09-09T10:17:33+00:00","description":"D\u00e9couvrez l'offre 100% d\u00e9di\u00e9e aux distributeurs de chenilles caoutchouc et devenez distributeurs de chenilles pour mini pelle !","breadcrumb":{"@id":"https:\/\/minitop.it\/fr\/services-distributeurs-chenille-mini-pelle\/#breadcrumb"},"inLanguage":"fr-FR","potentialAction":[{"@type":"ReadAction","target":["https:\/\/minitop.it\/fr\/services-distributeurs-chenille-mini-pelle\/"]}]},{"@type":"BreadcrumbList","@id":"https:\/\/minitop.it\/fr\/services-distributeurs-chenille-mini-pelle\/#breadcrumb","itemListElement":[{"@type":"ListItem","position":1,"name":"Home","item":"https:\/\/minitop.it\/fr\/"},{"@type":"ListItem","position":2,"name":"Services et chenilles caoutchouc pour les pros du TP"}]},{"@type":"WebSite","@id":"https:\/\/minitop.it\/#website","url":"https:\/\/minitop.it\/","name":"Minitop","description":"Le sp\u00e9cialiste de la chenille caoutchouc","publisher":{"@id":"https:\/\/minitop.it\/#organization"},"potentialAction":[{"@type":"SearchAction","target":{"@type":"EntryPoint","urlTemplate":"https:\/\/minitop.it\/?s={search_term_string}"},"query-input":"required name=search_term_string"}],"inLanguage":"fr-FR"},{"@type":"Organization","@id":"https:\/\/minitop.it\/#organization","name":"Minitop","url":"https:\/\/minitop.it\/","logo":{"@type":"ImageObject","inLanguage":"fr-FR","@id":"https:\/\/minitop.it\/#\/schema\/logo\/image\/","url":"https:\/\/minitop.it\/wp-content\/uploads\/2022\/04\/cropped-logominitoptr.png","contentUrl":"https:\/\/minitop.it\/wp-content\/uploads\/2022\/04\/cropped-logominitoptr.png","width":512,"height":512,"caption":"Minitop"},"image":{"@id":"https:\/\/minitop.it\/#\/schema\/logo\/image\/"},"sameAs":["https:\/\/www.facebook.com\/minitopsrl","https:\/\/www.linkedin.com\/company\/gruppominitopsrl\/","https:\/\/www.youtube.com\/channel\/UC4SxXfoXCpelUKZa-ui9vuA\/featured?cbrd=1"]}]}},"_links":{"self":[{"href":"https:\/\/minitop.it\/fr\/wp-json\/wp\/v2\/pages\/94","targetHints":{"allow":["GET"]}}],"collection":[{"href":"https:\/\/minitop.it\/fr\/wp-json\/wp\/v2\/pages"}],"about":[{"href":"https:\/\/minitop.it\/fr\/wp-json\/wp\/v2\/types\/page"}],"author":[{"embeddable":true,"href":"https:\/\/minitop.it\/fr\/wp-json\/wp\/v2\/users\/1"}],"replies":[{"embeddable":true,"href":"https:\/\/minitop.it\/fr\/wp-json\/wp\/v2\/comments?post=94"}],"version-history":[{"count":0,"href":"https:\/\/minitop.it\/fr\/wp-json\/wp\/v2\/pages\/94\/revisions"}],"wp:attachment":[{"href":"https:\/\/minitop.it\/fr\/wp-json\/wp\/v2\/media?parent=94"}],"curies":[{"name":"wp","href":"https:\/\/api.w.org\/{rel}","templated":true}]}}