
{"id":2606,"date":"2021-03-21T08:39:52","date_gmt":"2021-03-21T08:39:52","guid":{"rendered":"https:\/\/demo.casethemes.net\/induxe\/?page_id=2606"},"modified":"2023-01-10T12:04:09","modified_gmt":"2023-01-10T11:04:09","slug":"blog-chenille-mini-pelle","status":"publish","type":"page","link":"https:\/\/minitop.it\/fr\/blog-chenille-mini-pelle\/","title":{"rendered":"Blog"},"content":{"rendered":"<div class=\"wpb-content-wrapper\"><p>[vc_row][vc_column][ct_blog_grid limit=&#8221;8&#8243; col_xs=&#8221;1&#8243; col_sm=&#8221;3&#8243; col_md=&#8221;3&#8243; col_lg=&#8221;3&#8243; col_xl=&#8221;3&#8243;][\/vc_column][\/vc_row]<\/p>\n<\/div>","protected":false},"excerpt":{"rendered":"<p>[vc_row][vc_column][ct_blog_grid limit=&#8221;8&#8243; col_xs=&#8221;1&#8243; col_sm=&#8221;3&#8243; col_md=&#8221;3&#8243; col_lg=&#8221;3&#8243; col_xl=&#8221;3&#8243;][\/vc_column][\/vc_row]<\/p>\n","protected":false},"author":1,"featured_media":0,"parent":0,"menu_order":0,"comment_status":"closed","ping_status":"closed","template":"","meta":{"_themeisle_gutenberg_block_has_review":false,"footnotes":""},"class_list":["post-2606","page","type-page","status-publish","hentry"],"yoast_head":"<!-- This site is optimized with the Yoast SEO plugin v22.2 - https:\/\/yoast.com\/wordpress\/plugins\/seo\/ -->\n<title>Blog - Minitop : Les nouveaut\u00e9s en chenille mini pelle<\/title>\n<meta name=\"description\" content=\"Toutes les nouveaut\u00e9s \u00e0 propos des chenilles caoutchouc et tutoriels vid\u00e9o de montage de chenilles caoutchouc pour mini pelle.\" \/>\n<meta name=\"robots\" content=\"index, follow, max-snippet:-1, max-image-preview:large, max-video-preview:-1\" \/>\n<link rel=\"canonical\" href=\"https:\/\/minitop.it\/fr\/blog-chenille-mini-pelle\/\" \/>\n<meta property=\"og:locale\" content=\"fr_FR\" \/>\n<meta property=\"og:type\" content=\"article\" \/>\n<meta property=\"og:title\" content=\"Blog - Minitop : Les nouveaut\u00e9s en chenille mini pelle\" \/>\n<meta property=\"og:description\" content=\"Toutes les nouveaut\u00e9s \u00e0 propos des chenilles caoutchouc et tutoriels vid\u00e9o de montage de chenilles caoutchouc pour mini pelle.\" \/>\n<meta property=\"og:url\" content=\"https:\/\/minitop.it\/fr\/blog-chenille-mini-pelle\/\" \/>\n<meta property=\"og:site_name\" content=\"Minitop\" \/>\n<meta property=\"article:publisher\" content=\"https:\/\/www.facebook.com\/minitopsrl\" \/>\n<meta property=\"article:modified_time\" content=\"2023-01-10T11:04:09+00:00\" \/>\n<meta name=\"twitter:card\" content=\"summary_large_image\" \/>\n<meta name=\"twitter:label1\" content=\"Dur\u00e9e de lecture estim\u00e9e\" \/>\n\t<meta name=\"twitter:data1\" content=\"1 minute\" \/>\n<script type=\"application\/ld+json\" class=\"yoast-schema-graph\">{\"@context\":\"https:\/\/schema.org\",\"@graph\":[{\"@type\":\"WebPage\",\"@id\":\"https:\/\/minitop.it\/fr\/blog-chenille-mini-pelle\/\",\"url\":\"https:\/\/minitop.it\/fr\/blog-chenille-mini-pelle\/\",\"name\":\"Blog - Minitop : Les nouveaut\u00e9s en chenille mini pelle\",\"isPartOf\":{\"@id\":\"https:\/\/minitop.it\/#website\"},\"datePublished\":\"2021-03-21T08:39:52+00:00\",\"dateModified\":\"2023-01-10T11:04:09+00:00\",\"description\":\"Toutes les nouveaut\u00e9s \u00e0 propos des chenilles caoutchouc et tutoriels vid\u00e9o de montage de chenilles caoutchouc pour mini pelle.\",\"breadcrumb\":{\"@id\":\"https:\/\/minitop.it\/fr\/blog-chenille-mini-pelle\/#breadcrumb\"},\"inLanguage\":\"fr-FR\",\"potentialAction\":[{\"@type\":\"ReadAction\",\"target\":[\"https:\/\/minitop.it\/fr\/blog-chenille-mini-pelle\/\"]}]},{\"@type\":\"BreadcrumbList\",\"@id\":\"https:\/\/minitop.it\/fr\/blog-chenille-mini-pelle\/#breadcrumb\",\"itemListElement\":[{\"@type\":\"ListItem\",\"position\":1,\"name\":\"Home\",\"item\":\"https:\/\/minitop.it\/fr\/\"},{\"@type\":\"ListItem\",\"position\":2,\"name\":\"Blog\"}]},{\"@type\":\"WebSite\",\"@id\":\"https:\/\/minitop.it\/#website\",\"url\":\"https:\/\/minitop.it\/\",\"name\":\"Minitop\",\"description\":\"Le sp\u00e9cialiste de la chenille caoutchouc\",\"publisher\":{\"@id\":\"https:\/\/minitop.it\/#organization\"},\"potentialAction\":[{\"@type\":\"SearchAction\",\"target\":{\"@type\":\"EntryPoint\",\"urlTemplate\":\"https:\/\/minitop.it\/?s={search_term_string}\"},\"query-input\":\"required name=search_term_string\"}],\"inLanguage\":\"fr-FR\"},{\"@type\":\"Organization\",\"@id\":\"https:\/\/minitop.it\/#organization\",\"name\":\"Minitop\",\"url\":\"https:\/\/minitop.it\/\",\"logo\":{\"@type\":\"ImageObject\",\"inLanguage\":\"fr-FR\",\"@id\":\"https:\/\/minitop.it\/#\/schema\/logo\/image\/\",\"url\":\"https:\/\/minitop.it\/wp-content\/uploads\/2022\/04\/cropped-logominitoptr.png\",\"contentUrl\":\"https:\/\/minitop.it\/wp-content\/uploads\/2022\/04\/cropped-logominitoptr.png\",\"width\":512,\"height\":512,\"caption\":\"Minitop\"},\"image\":{\"@id\":\"https:\/\/minitop.it\/#\/schema\/logo\/image\/\"},\"sameAs\":[\"https:\/\/www.facebook.com\/minitopsrl\",\"https:\/\/www.linkedin.com\/company\/gruppominitopsrl\/\",\"https:\/\/www.youtube.com\/channel\/UC4SxXfoXCpelUKZa-ui9vuA\/featured?cbrd=1\"]}]}<\/script>\n<!-- \/ Yoast SEO plugin. -->","yoast_head_json":{"title":"Blog - Minitop : Les nouveaut\u00e9s en chenille mini pelle","description":"Toutes les nouveaut\u00e9s \u00e0 propos des chenilles caoutchouc et tutoriels vid\u00e9o de montage de chenilles caoutchouc pour mini pelle.","robots":{"index":"index","follow":"follow","max-snippet":"max-snippet:-1","max-image-preview":"max-image-preview:large","max-video-preview":"max-video-preview:-1"},"canonical":"https:\/\/minitop.it\/fr\/blog-chenille-mini-pelle\/","og_locale":"fr_FR","og_type":"article","og_title":"Blog - Minitop : Les nouveaut\u00e9s en chenille mini pelle","og_description":"Toutes les nouveaut\u00e9s \u00e0 propos des chenilles caoutchouc et tutoriels vid\u00e9o de montage de chenilles caoutchouc pour mini pelle.","og_url":"https:\/\/minitop.it\/fr\/blog-chenille-mini-pelle\/","og_site_name":"Minitop","article_publisher":"https:\/\/www.facebook.com\/minitopsrl","article_modified_time":"2023-01-10T11:04:09+00:00","twitter_card":"summary_large_image","twitter_misc":{"Dur\u00e9e de lecture estim\u00e9e":"1 minute"},"schema":{"@context":"https:\/\/schema.org","@graph":[{"@type":"WebPage","@id":"https:\/\/minitop.it\/fr\/blog-chenille-mini-pelle\/","url":"https:\/\/minitop.it\/fr\/blog-chenille-mini-pelle\/","name":"Blog - Minitop : Les nouveaut\u00e9s en chenille mini pelle","isPartOf":{"@id":"https:\/\/minitop.it\/#website"},"datePublished":"2021-03-21T08:39:52+00:00","dateModified":"2023-01-10T11:04:09+00:00","description":"Toutes les nouveaut\u00e9s \u00e0 propos des chenilles caoutchouc et tutoriels vid\u00e9o de montage de chenilles caoutchouc pour mini pelle.","breadcrumb":{"@id":"https:\/\/minitop.it\/fr\/blog-chenille-mini-pelle\/#breadcrumb"},"inLanguage":"fr-FR","potentialAction":[{"@type":"ReadAction","target":["https:\/\/minitop.it\/fr\/blog-chenille-mini-pelle\/"]}]},{"@type":"BreadcrumbList","@id":"https:\/\/minitop.it\/fr\/blog-chenille-mini-pelle\/#breadcrumb","itemListElement":[{"@type":"ListItem","position":1,"name":"Home","item":"https:\/\/minitop.it\/fr\/"},{"@type":"ListItem","position":2,"name":"Blog"}]},{"@type":"WebSite","@id":"https:\/\/minitop.it\/#website","url":"https:\/\/minitop.it\/","name":"Minitop","description":"Le sp\u00e9cialiste de la chenille caoutchouc","publisher":{"@id":"https:\/\/minitop.it\/#organization"},"potentialAction":[{"@type":"SearchAction","target":{"@type":"EntryPoint","urlTemplate":"https:\/\/minitop.it\/?s={search_term_string}"},"query-input":"required name=search_term_string"}],"inLanguage":"fr-FR"},{"@type":"Organization","@id":"https:\/\/minitop.it\/#organization","name":"Minitop","url":"https:\/\/minitop.it\/","logo":{"@type":"ImageObject","inLanguage":"fr-FR","@id":"https:\/\/minitop.it\/#\/schema\/logo\/image\/","url":"https:\/\/minitop.it\/wp-content\/uploads\/2022\/04\/cropped-logominitoptr.png","contentUrl":"https:\/\/minitop.it\/wp-content\/uploads\/2022\/04\/cropped-logominitoptr.png","width":512,"height":512,"caption":"Minitop"},"image":{"@id":"https:\/\/minitop.it\/#\/schema\/logo\/image\/"},"sameAs":["https:\/\/www.facebook.com\/minitopsrl","https:\/\/www.linkedin.com\/company\/gruppominitopsrl\/","https:\/\/www.youtube.com\/channel\/UC4SxXfoXCpelUKZa-ui9vuA\/featured?cbrd=1"]}]}},"_links":{"self":[{"href":"https:\/\/minitop.it\/fr\/wp-json\/wp\/v2\/pages\/2606","targetHints":{"allow":["GET"]}}],"collection":[{"href":"https:\/\/minitop.it\/fr\/wp-json\/wp\/v2\/pages"}],"about":[{"href":"https:\/\/minitop.it\/fr\/wp-json\/wp\/v2\/types\/page"}],"author":[{"embeddable":true,"href":"https:\/\/minitop.it\/fr\/wp-json\/wp\/v2\/users\/1"}],"replies":[{"embeddable":true,"href":"https:\/\/minitop.it\/fr\/wp-json\/wp\/v2\/comments?post=2606"}],"version-history":[{"count":0,"href":"https:\/\/minitop.it\/fr\/wp-json\/wp\/v2\/pages\/2606\/revisions"}],"wp:attachment":[{"href":"https:\/\/minitop.it\/fr\/wp-json\/wp\/v2\/media?parent=2606"}],"curies":[{"name":"wp","href":"https:\/\/api.w.org\/{rel}","templated":true}]}}