
{"id":21634,"date":"2025-05-09T17:04:54","date_gmt":"2025-05-09T15:04:54","guid":{"rendered":"https:\/\/minitop.it\/?page_id=21634"},"modified":"2025-06-27T09:04:26","modified_gmt":"2025-06-27T07:04:26","slug":"composants-pour-trains-de-roulement","status":"publish","type":"page","link":"https:\/\/minitop.it\/fr\/composants-pour-trains-de-roulement\/","title":{"rendered":"Composants pour trains de roulement"},"content":{"rendered":"<div class=\"wpb-content-wrapper\"><p>[vc_row full_width=&#8221;stretch_row_content_no_spaces&#8221; equal_height=&#8221;yes&#8221; css=&#8221;.vc_custom_1644245426602{padding-top: 50px !important;}&#8221;][vc_column][vc_row_inner][vc_column_inner][vc_column_text]<\/p>\n<h2 style=\"text-align: center;\"><\/h2>\n<h2 style=\"text-align: center;\">D\u00e9couvrez notre large gamme de composants pour trains de roulement<\/h2>\n<p style=\"text-align: center;\">La gamme de trains de roulement comprend un large \u00e9ventail de composants de haute qualit\u00e9 con\u00e7us pour garantir d&#8217;excellentes performances et une grande fiabilit\u00e9 dans les op\u00e9rations les plus exigeantes.<\/p>\n<p style=\"text-align: center;\">Pi\u00e8ces pour trains de chenilles, fabriqu\u00e9es avec des mat\u00e9riaux de haute qualit\u00e9 et une technologie avanc\u00e9e pour garantir la durabilit\u00e9 et la r\u00e9sistance \u00e0 l&#8217;usure des trains de chenilles.<\/p>\n<p>[\/vc_column_text][\/vc_column_inner][\/vc_row_inner][\/vc_column][\/vc_row][vc_row][vc_column width=&#8221;1\/2&#8243;][vc_column_text]<\/p>\n<h2 style=\"text-align: center;\">Galets inf\u00e9rieurs et sup\u00e9rieurs<\/h2>\n<p style=\"text-align: center;\">Les galets de chenille en caoutchouc sont essentiels pour la stabilit\u00e9 et la mobilit\u00e9. Ils assurent une r\u00e9partition uniforme du poids et une longue dur\u00e9e de vie, m\u00eame dans des conditions de travail difficiles. Nos galets inf\u00e9rieurs et sup\u00e9rieurs sont con\u00e7us pour r\u00e9sister aux chocs, r\u00e9duire l&#8217;usure et am\u00e9liorer l&#8217;efficacit\u00e9 op\u00e9rationnelle.<\/p>\n<p>[\/vc_column_text][vc_empty_space][\/vc_column][vc_column width=&#8221;1\/2&#8243;][vc_single_image image=&#8221;21553&#8243; img_size=&#8221;400&#215;200&#8243; alignment=&#8221;center&#8221;][\/vc_column][\/vc_row][vc_row][vc_column width=&#8221;1\/2&#8243;][vc_single_image image=&#8221;21583&#8243; img_size=&#8221;medium&#8221; alignment=&#8221;center&#8221;][\/vc_column][vc_column width=&#8221;1\/2&#8243;][vc_column_text]<\/p>\n<h2 style=\"text-align: center;\">Roues folles<\/h2>\n<p style=\"text-align: center;\">Les roues folles des mini-pelles jouent un r\u00f4le crucial dans le maintien de la tension des chenilles et dans la fluidit\u00e9 des mouvements du train de roulement. Nos roues folles sont con\u00e7ues pour une r\u00e9sistance maximale \u00e0 l&#8217;usure et une longue dur\u00e9e de vie, m\u00eame dans des environnements de travail extr\u00eames.<\/p>\n<p>[\/vc_column_text][vc_empty_space][\/vc_column][\/vc_row][vc_row][vc_column width=&#8221;1\/2&#8243;][vc_column_text]<\/p>\n<h2 style=\"text-align: center;\">Barbotins<\/h2>\n<p style=\"text-align: center;\">Les barbotins des chenilles constituent le c\u0153ur du syst\u00e8me d&#8217;entra\u00eenement, fournissant la traction n\u00e9cessaire aux op\u00e9rations de creusement. Nos mod\u00e8les sont construits pour r\u00e9sister \u00e0 de lourdes charges et garantir des performances optimales dans toutes les situations.<\/p>\n<p>[\/vc_column_text][\/vc_column][vc_column width=&#8221;1\/2&#8243;][vc_single_image image=&#8221;21568&#8243; img_size=&#8221;medium&#8221; alignment=&#8221;center&#8221;][\/vc_column][\/vc_row][vc_row][vc_column][vc_column_text]<\/p>\n<p style=\"text-align: center;\">Chaque composant de la gamme a \u00e9t\u00e9 con\u00e7u pour r\u00e9pondre aux exigences les plus \u00e9lev\u00e9es des professionnels, dans le but d&#8217;am\u00e9liorer la productivit\u00e9 et de r\u00e9duire les co\u00fbts de maintenance. Faites confiance \u00e0 la qualit\u00e9 et \u00e0 l&#8217;innovation de nos produits pour trains de roulement et d\u00e9couvrez un nouveau niveau d&#8217;efficacit\u00e9 et de fiabilit\u00e9.<\/p>\n<p style=\"text-align: center;\">Pour plus d&#8217;informations techniques ou pour toute question, veuillez nous contacter en remplissant notre formulaire de contact.<\/p>\n<p style=\"text-align: center;\"><i>Minitop<\/i><\/p>\n<p>[\/vc_column_text][\/vc_column][\/vc_row][vc_row][vc_column][ct_contact_form id=&#8221;745&#8243;][\/vc_column][\/vc_row]<\/p>\n<\/div>","protected":false},"excerpt":{"rendered":"<p>[vc_row full_width=&#8221;stretch_row_content_no_spaces&#8221; equal_height=&#8221;yes&#8221; css=&#8221;.vc_custom_1644245426602{padding-top: 50px !important;}&#8221;][vc_column][vc_row_inner][vc_column_inner][vc_column_text] D\u00e9couvrez notre large gamme de composants pour trains de roulement La gamme de trains de roulement comprend un large \u00e9ventail de composants de haute qualit\u00e9 con\u00e7us pour garantir d&#8217;excellentes performances et une grande fiabilit\u00e9 dans les op\u00e9rations les plus exigeantes. Pi\u00e8ces pour trains de chenilles, fabriqu\u00e9es avec des mat\u00e9riaux [&hellip;]<\/p>\n","protected":false},"author":7,"featured_media":0,"parent":0,"menu_order":0,"comment_status":"closed","ping_status":"closed","template":"","meta":{"_themeisle_gutenberg_block_has_review":false,"footnotes":""},"class_list":["post-21634","page","type-page","status-publish","hentry"],"yoast_head":"<!-- This site is optimized with the Yoast SEO plugin v22.2 - https:\/\/yoast.com\/wordpress\/plugins\/seo\/ -->\n<title>Composants pour trains de roulement - Minitop<\/title>\n<meta name=\"description\" content=\"La gamme de trains de roulement Minitop comprend un large \u00e9ventail de composants de haute qualit\u00e9.\" \/>\n<meta name=\"robots\" content=\"index, follow, max-snippet:-1, max-image-preview:large, max-video-preview:-1\" \/>\n<link rel=\"canonical\" href=\"https:\/\/minitop.it\/fr\/composants-pour-trains-de-roulement\/\" \/>\n<meta property=\"og:locale\" content=\"fr_FR\" \/>\n<meta property=\"og:type\" content=\"article\" \/>\n<meta property=\"og:title\" content=\"Composants pour trains de roulement - Minitop\" \/>\n<meta property=\"og:description\" content=\"La gamme de trains de roulement Minitop comprend un large \u00e9ventail de composants de haute qualit\u00e9.\" \/>\n<meta property=\"og:url\" content=\"https:\/\/minitop.it\/fr\/composants-pour-trains-de-roulement\/\" \/>\n<meta property=\"og:site_name\" content=\"Minitop\" \/>\n<meta property=\"article:publisher\" content=\"https:\/\/www.facebook.com\/minitopsrl\" \/>\n<meta property=\"article:modified_time\" content=\"2025-06-27T07:04:26+00:00\" \/>\n<meta name=\"twitter:card\" content=\"summary_large_image\" \/>\n<meta name=\"twitter:label1\" content=\"Dur\u00e9e de lecture estim\u00e9e\" \/>\n\t<meta name=\"twitter:data1\" content=\"3 minutes\" \/>\n<script type=\"application\/ld+json\" class=\"yoast-schema-graph\">{\"@context\":\"https:\/\/schema.org\",\"@graph\":[{\"@type\":\"WebPage\",\"@id\":\"https:\/\/minitop.it\/fr\/composants-pour-trains-de-roulement\/\",\"url\":\"https:\/\/minitop.it\/fr\/composants-pour-trains-de-roulement\/\",\"name\":\"Composants pour trains de roulement - Minitop\",\"isPartOf\":{\"@id\":\"https:\/\/minitop.it\/#website\"},\"datePublished\":\"2025-05-09T15:04:54+00:00\",\"dateModified\":\"2025-06-27T07:04:26+00:00\",\"description\":\"La gamme de trains de roulement Minitop comprend un large \u00e9ventail de composants de haute qualit\u00e9.\",\"breadcrumb\":{\"@id\":\"https:\/\/minitop.it\/fr\/composants-pour-trains-de-roulement\/#breadcrumb\"},\"inLanguage\":\"fr-FR\",\"potentialAction\":[{\"@type\":\"ReadAction\",\"target\":[\"https:\/\/minitop.it\/fr\/composants-pour-trains-de-roulement\/\"]}]},{\"@type\":\"BreadcrumbList\",\"@id\":\"https:\/\/minitop.it\/fr\/composants-pour-trains-de-roulement\/#breadcrumb\",\"itemListElement\":[{\"@type\":\"ListItem\",\"position\":1,\"name\":\"Home\",\"item\":\"https:\/\/minitop.it\/fr\/\"},{\"@type\":\"ListItem\",\"position\":2,\"name\":\"Composants pour trains de roulement\"}]},{\"@type\":\"WebSite\",\"@id\":\"https:\/\/minitop.it\/#website\",\"url\":\"https:\/\/minitop.it\/\",\"name\":\"Minitop\",\"description\":\"Le sp\u00e9cialiste de la chenille caoutchouc\",\"publisher\":{\"@id\":\"https:\/\/minitop.it\/#organization\"},\"potentialAction\":[{\"@type\":\"SearchAction\",\"target\":{\"@type\":\"EntryPoint\",\"urlTemplate\":\"https:\/\/minitop.it\/?s={search_term_string}\"},\"query-input\":\"required name=search_term_string\"}],\"inLanguage\":\"fr-FR\"},{\"@type\":\"Organization\",\"@id\":\"https:\/\/minitop.it\/#organization\",\"name\":\"Minitop\",\"url\":\"https:\/\/minitop.it\/\",\"logo\":{\"@type\":\"ImageObject\",\"inLanguage\":\"fr-FR\",\"@id\":\"https:\/\/minitop.it\/#\/schema\/logo\/image\/\",\"url\":\"https:\/\/minitop.it\/wp-content\/uploads\/2022\/04\/cropped-logominitoptr.png\",\"contentUrl\":\"https:\/\/minitop.it\/wp-content\/uploads\/2022\/04\/cropped-logominitoptr.png\",\"width\":512,\"height\":512,\"caption\":\"Minitop\"},\"image\":{\"@id\":\"https:\/\/minitop.it\/#\/schema\/logo\/image\/\"},\"sameAs\":[\"https:\/\/www.facebook.com\/minitopsrl\",\"https:\/\/www.linkedin.com\/company\/gruppominitopsrl\/\",\"https:\/\/www.youtube.com\/channel\/UC4SxXfoXCpelUKZa-ui9vuA\/featured?cbrd=1\"]}]}<\/script>\n<!-- \/ Yoast SEO plugin. -->","yoast_head_json":{"title":"Composants pour trains de roulement - Minitop","description":"La gamme de trains de roulement Minitop comprend un large \u00e9ventail de composants de haute qualit\u00e9.","robots":{"index":"index","follow":"follow","max-snippet":"max-snippet:-1","max-image-preview":"max-image-preview:large","max-video-preview":"max-video-preview:-1"},"canonical":"https:\/\/minitop.it\/fr\/composants-pour-trains-de-roulement\/","og_locale":"fr_FR","og_type":"article","og_title":"Composants pour trains de roulement - Minitop","og_description":"La gamme de trains de roulement Minitop comprend un large \u00e9ventail de composants de haute qualit\u00e9.","og_url":"https:\/\/minitop.it\/fr\/composants-pour-trains-de-roulement\/","og_site_name":"Minitop","article_publisher":"https:\/\/www.facebook.com\/minitopsrl","article_modified_time":"2025-06-27T07:04:26+00:00","twitter_card":"summary_large_image","twitter_misc":{"Dur\u00e9e de lecture estim\u00e9e":"3 minutes"},"schema":{"@context":"https:\/\/schema.org","@graph":[{"@type":"WebPage","@id":"https:\/\/minitop.it\/fr\/composants-pour-trains-de-roulement\/","url":"https:\/\/minitop.it\/fr\/composants-pour-trains-de-roulement\/","name":"Composants pour trains de roulement - Minitop","isPartOf":{"@id":"https:\/\/minitop.it\/#website"},"datePublished":"2025-05-09T15:04:54+00:00","dateModified":"2025-06-27T07:04:26+00:00","description":"La gamme de trains de roulement Minitop comprend un large \u00e9ventail de composants de haute qualit\u00e9.","breadcrumb":{"@id":"https:\/\/minitop.it\/fr\/composants-pour-trains-de-roulement\/#breadcrumb"},"inLanguage":"fr-FR","potentialAction":[{"@type":"ReadAction","target":["https:\/\/minitop.it\/fr\/composants-pour-trains-de-roulement\/"]}]},{"@type":"BreadcrumbList","@id":"https:\/\/minitop.it\/fr\/composants-pour-trains-de-roulement\/#breadcrumb","itemListElement":[{"@type":"ListItem","position":1,"name":"Home","item":"https:\/\/minitop.it\/fr\/"},{"@type":"ListItem","position":2,"name":"Composants pour trains de roulement"}]},{"@type":"WebSite","@id":"https:\/\/minitop.it\/#website","url":"https:\/\/minitop.it\/","name":"Minitop","description":"Le sp\u00e9cialiste de la chenille caoutchouc","publisher":{"@id":"https:\/\/minitop.it\/#organization"},"potentialAction":[{"@type":"SearchAction","target":{"@type":"EntryPoint","urlTemplate":"https:\/\/minitop.it\/?s={search_term_string}"},"query-input":"required name=search_term_string"}],"inLanguage":"fr-FR"},{"@type":"Organization","@id":"https:\/\/minitop.it\/#organization","name":"Minitop","url":"https:\/\/minitop.it\/","logo":{"@type":"ImageObject","inLanguage":"fr-FR","@id":"https:\/\/minitop.it\/#\/schema\/logo\/image\/","url":"https:\/\/minitop.it\/wp-content\/uploads\/2022\/04\/cropped-logominitoptr.png","contentUrl":"https:\/\/minitop.it\/wp-content\/uploads\/2022\/04\/cropped-logominitoptr.png","width":512,"height":512,"caption":"Minitop"},"image":{"@id":"https:\/\/minitop.it\/#\/schema\/logo\/image\/"},"sameAs":["https:\/\/www.facebook.com\/minitopsrl","https:\/\/www.linkedin.com\/company\/gruppominitopsrl\/","https:\/\/www.youtube.com\/channel\/UC4SxXfoXCpelUKZa-ui9vuA\/featured?cbrd=1"]}]}},"_links":{"self":[{"href":"https:\/\/minitop.it\/fr\/wp-json\/wp\/v2\/pages\/21634","targetHints":{"allow":["GET"]}}],"collection":[{"href":"https:\/\/minitop.it\/fr\/wp-json\/wp\/v2\/pages"}],"about":[{"href":"https:\/\/minitop.it\/fr\/wp-json\/wp\/v2\/types\/page"}],"author":[{"embeddable":true,"href":"https:\/\/minitop.it\/fr\/wp-json\/wp\/v2\/users\/7"}],"replies":[{"embeddable":true,"href":"https:\/\/minitop.it\/fr\/wp-json\/wp\/v2\/comments?post=21634"}],"version-history":[{"count":0,"href":"https:\/\/minitop.it\/fr\/wp-json\/wp\/v2\/pages\/21634\/revisions"}],"wp:attachment":[{"href":"https:\/\/minitop.it\/fr\/wp-json\/wp\/v2\/media?parent=21634"}],"curies":[{"name":"wp","href":"https:\/\/api.w.org\/{rel}","templated":true}]}}