
{"id":111,"date":"2019-09-01T09:33:07","date_gmt":"2019-09-01T09:33:07","guid":{"rendered":"https:\/\/demo.casethemes.net\/induxe\/?page_id=111"},"modified":"2023-08-30T16:24:01","modified_gmt":"2023-08-30T14:24:01","slug":"faqs-chenilles-caoutchouc","status":"publish","type":"page","link":"https:\/\/minitop.it\/fr\/faqs-chenilles-caoutchouc\/","title":{"rendered":"FAQs chenilles caoutchouc"},"content":{"rendered":"<div class=\"wpb-content-wrapper\"><p>[vc_row][vc_column css=&#8221;.vc_custom_1573062026478{padding-top: 0px !important;}&#8221;][ct_space space_lg=&#8221;75&#8243; space_md=&#8221;75&#8243; space_sm=&#8221;60&#8243; space_xs=&#8221;60&#8243;][\/vc_column][\/vc_row][vc_row][vc_column width=&#8221;1\/6&#8243;][\/vc_column][vc_column width=&#8221;2\/3&#8243;][ct_heading text=&#8221;Tout savoir sur les chenilles caoutchouc et Minitop en 10 questions !&#8221; align_lg=&#8221;align-center&#8221; align_md=&#8221;center&#8221; align_sm=&#8221;align-center-sm&#8221; align_xs=&#8221;align-center-xs&#8221; font_size=&#8221;35&#8243; font_size_md=&#8221;35&#8243; font_size_sm=&#8221;35&#8243; font_size_xs=&#8221;35&#8243; line_height=&#8221;45&#8243; line_height_md=&#8221;45&#8243; line_height_sm=&#8221;45&#8243; line_height_xs=&#8221;45&#8243; font_weight=&#8221;500&#8243; font_style=&#8221;&#8221; theme_custom_fonts=&#8221;poppin-medium&#8221; subtitle=&#8221;La Foire aux Questions&#8221; description=&#8221;Nous avons regroup\u00e9 ici les r\u00e9ponses aux questions les plus courantes pos\u00e9es par nos clients ou partenaires. Nous esp\u00e9rons que cela vous permettra de gagner un temps pr\u00e9cieux et d&#8217;obtenir les r\u00e9ponses \u00e0 toutes vos interrogations.&#8221; des_font_weight=&#8221;&#8221; margin_bottom=&#8221;20&#8243;][ct_space space_lg=&#8221;55&#8243; space_md=&#8221;55&#8243; space_sm=&#8221;55&#8243; space_xs=&#8221;55&#8243;][\/vc_column][vc_column width=&#8221;1\/6&#8243;][\/vc_column][\/vc_row][vc_row][vc_column css=&#8221;.vc_custom_1572772705775{padding-top: 0px !important;}&#8221;][ct_textbox cms_template=&#8221;ct_textbox&#8211;layout3.php&#8221; font_weight=&#8221;400&#8243; title=&#8221;Acc\u00e8s rapide aux 10 questions les plus fr\u00e9quentes&#8221;][ct_space space_lg=&#8221;55&#8243; space_md=&#8221;55&#8243; space_sm=&#8221;55&#8243; space_xs=&#8221;55&#8243;][\/vc_column][\/vc_row][vc_row][vc_column][ct_accordion ct_accordion=&#8221;%5B%7B%22ac_title%22%3A%221.%20Comment%20choisir%20ses%20chenilles%20en%20caoutchouc%20%3F%22%2C%22ac_content%22%3A%22Pour%20choisir%20vos%20chenilles%20caoutchouc%20vous%20devez%20prendre%20en%20compte%20avant%20tout%20le%20%3Cstrong%3Emod%C3%A8le%20de%20votre%20machine%3C%2Fstrong%3E.%3C%2Fbr%3E%5CnN&#8217;h%C3%A9sitez%20pas%20%C3%A0%20%3Cstrong%3Eutiliser%20notre%20%3Ca%20href%3D%5C%22%2Fchenilles-mini-pelle%2F%23search-form%5C%22%3Emoteur%20de%20recherche%3C%2Fa%3E%3C%2Fstrong%3E%20pour%20identifier%20le%20mod%C3%A8le%20de%20chenilles%20pr%C3%A9conis%C3%A9%20par%20le%20constructeur%20de%20votre%20machine.%3C%2Fbr%3E%5CnAussi%2C%20nous%20vous%20invitons%20%C3%A0%20porter%20attention%20%C3%A0%20la%20%3Cstrong%3Equalit%C3%A9%20des%20chenilles%3C%2Fstrong%3E.%3C%2Fbr%3E%5CnIl%20existe%20sur%20le%20march%C3%A9%20une%20grande%20diversit%C3%A9%20de%20qualit%C3%A9s.%20Nombreuses%20sont%20les%20chenilles%20vendues%20%C3%A0%20bas%20prix%20qui%20ne%20sont%20pas%20renforc%C3%A9es%20et%20qui%20finissent%20par%20couter%20cher%20tant%20leur%20dur%C3%A9e%20de%20vie%20est%20limit%C3%A9e%20comparativement%20aux%20%3Cstrong%3Echenilles%20renforc%C3%A9es%20Minitop%20qui%20sont%20garanties%20pour%20une%20utilisation%20durable%3C%2Fstrong%3E.%22%7D%2C%7B%22ac_title%22%3A%222.%20Quelle%20dimension%20de%20chenilles%20caoutchouc%20pour%20ma%20machine%20%3F%22%2C%22ac_content%22%3A%22Chaque%20machine%2C%20selon%20sa%20marque%2C%20son%20mod%C3%A8le%20et%20son%20ch%C3%A2ssis%2C%20est%20pr%C3%A9vue%20pour%20fonctionner%20avec%20%3Cstrong%3E%20une%20dimension%20pr%C3%A9cise%20de%20chenilles%20caoutchouc%20%3C%2Fstrong%3E.%3C%2Fbr%3E%5CnPour%20vous%20assurer%20que%20votre%20machine%20utilise%20encore%20la%20dimension%20de%20chenilles%20pr%C3%A9conis%C3%A9e%20par%20le%20constructeur%20nous%20vous%20recommandons%20de%20%3Cstrong%3Ev%C3%A9rifier%20la%20dimension%20grav%C3%A9e%20sur%20vos%20chenilles%3C%2Fstrong%3E%20actuelles%20avant%20de%20passer%20commande.%3C%2Fbr%3E%5CnN&#8217;h%C3%A9sitez%20pas%20%C3%A0%20utiliser%20notre%20%3Cstrong%3E%3Ca%20href%3D%5C%22%2Fchenilles-mini-pelle%2F%23search-form%5C%22%3Emoteur%20de%20recherche%3C%2Fa%3E%3C%2Fstrong%3E%20pour%20identifier%20le%20mod%C3%A8le%20de%20chenilles%20pr%C3%A9conis%C3%A9%20par%20le%20constructeur%20de%20votre%20machine.%5Cn%22%7D%2C%7B%22ac_title%22%3A%223.%20Quand%20remplacer%20ses%20chenilles%20caoutchouc%20%3F%22%2C%22ac_content%22%3A%22D%C3%A8s%20lors%20que%20vous%20constatez%20un%20%3Cstrong%3E%C3%A9tirement%20anormal%20de%20vos%20chenilles%20caoutchouc%3C%2Fstrong%3E%20ou%20que%20votre%20%3Cstrong%3Emini%20pelle%20d%C3%A9chenille%3C%2Fstrong%3E%2C%20nous%20vous%20invitons%20%C3%A0%20pr%C3%A9voir%20le%20remplacement%20des%20chenilles.%3C%2Fbr%3E%5CnCela%20vous%20assurera%20de%20ne%20pas%20endommager%20votre%20machine%20et%20vous%20permettra%20de%20ne%20pas%20avoir%20une%20pelle%20immobilis%C3%A9e%20sur%20un%20chantier%20pour%20cause%20de%20chenille%20cass%C3%A9e.%5Cn%22%7D%2C%7B%22ac_title%22%3A%224.%20Comment%20changer%20ses%20chenilles%20en%20caoutchouc%20%3F%22%2C%22ac_content%22%3A%22Parce%20que%20rien%20ne%20vaut%20une%20d%C3%A9monstration%20en%20%3Cstrong%3Evid%C3%A9o%20d&#8217;un%20remplacement%20de%20chenille%20caoutchouc%20sur%20une%20mini%20pelle%3C%2Fstrong%3E%20pour%20comprendre%20facilement%2C%20n&#8217;h%C3%A9sitez%20pas%20%C3%A0%20%3Cstrong%3Econsulter%20notre%20%3Ca%20href%3D%5C%22https%3A%2F%2Fminitop.it%2Ffr%2Fcomment-remplacer-les-chenilles-en-caoutchouc-tutoriel%2F%5C%22%3Etutoriel%3C%2Fa%3E%3C%2Fstrong%3E.%22%7D%2C%7B%22ac_title%22%3A%225.%20Les%20chenilles%20caoutchouc%20ont%20elles%20un%20sens%20%3F%22%2C%22ac_content%22%3A%22Les%20chenilles%20caoutchouc%20n&#8217;ont%20%3Cstrong%3Epas%20de%20sens%20de%20montage%3C%2Fstrong%3E%20%C3%A0%20proprement%20parl%C3%A9%20%3Cstrong%3Eexception%20faite%20des%20chenilles%20caoutchouc%20dites%20%5C%22d%C3%A9port%C3%A9es%5C%22%3C%2Fstrong%3E.%3C%2Fbr%3E%5CnLes%20chenilles%20d%C3%A9port%C3%A9es%2C%20que%20l&#8217;on%20retrouve%20principalement%20sur%20les%20mini%20pelles%20YANMAR%2C%20ont%20une%20voie%20de%20guidage%20qui%20n&#8217;est%20pas%20au%20centre%20de%20la%20largeur%20de%20celle-ci%20mais%20au%201%2F3.%3C%2Fbr%3E%5CnSi%20vous%20avez%20des%20chenilles%20d%C3%A9port%C3%A9es%20il%20convient%20donc%20de%20faire%20attention%20au%20sens%20de%20montage%20pour%20le%20d%C3%A9port%20le%20plus%20large%20de%20la%20chenille%20soit%20du%20bon%20cot%C3%A9.%5Cn%22%7D%2C%7B%22ac_title%22%3A%226.%20Peut%20t&#8217;on%20mettre%20des%20chenilles%20caoutchouc%20sur%20une%20pelle%20en%20cha%C3%AEnes%20acier%20%3F%22%2C%22ac_content%22%3A%22%3Cstrong%3EOui%2C%20sur%20certaines%20machines%3C%2Fstrong%3E%20mais%20%3Cstrong%3Eattention%20ce%20n&#8217;est%20pas%20syst%C3%A9matique%3C%2Fstrong%3E.%3C%2Fbr%3E%5CnToutes%20les%20machines%20ne%20peuvent%20pas%20passer%20de%20cha%C3%AEnes%20acier%20%C3%A0%20chenilles%20caoutchouc%20et%20surtout%20il%20convient%20de%20v%C3%A9rifier%20la%20compatibilit%C3%A9%20de%20vos%20pi%C3%A8ces%20de%20roulement%20(galets%20inf%C3%A9rieurs%2C%20galets%20sup%C3%A9rieurs%2C%20barbotins%20et%20roues%20folles)%20avant%20tout%20changement.%3C%2Fbr%3E%5CnNous%20vous%20invitons%20tr%C3%A8s%20vivement%20%C3%A0%20%3Cstrong%3E%3Ca%20href%3D%5C%22%2Fcontact%2F%23search-form%5C%22%3Ev%C3%A9rifier%20les%20possibilit%C3%A9s%20sur%20votre%20machine%20avec%20votre%20conseiller%20r%C3%A9f%C3%A9rent%20avant%20toute%20commande%3C%2Fa%3E%3C%2Fstrong%3E.%5Cn%22%7D%2C%7B%22ac_title%22%3A%227.%20Depuis%20combien%20d&#8217;ann%C3%A9e%20Minitop%20fabrique%20ses%20chenilles%20caoutchouc%20%3F%22%2C%22ac_content%22%3A%22Avec%20plus%20de%20%3Cstrong%3E27%20ans%20d&#8217;exp%C3%A9rience%20sur%20le%20march%C3%A9%20international%3C%2Fstrong%3E%2C%20les%20chenilles%20en%20caoutchouc%20Minitop%20sont%20devenues%20une%20r%C3%A9f%C3%A9rence%20pour%20les%20concessionnaires%20de%20la%20construction.%5CnEn%20tant%20que%3Cstrong%3E%20%3Ca%20href%3D%5C%22https%3A%2F%2Fminitop.it%2Ffr%2Fa-propos-de-nous%2F%5C%22%3Esp%C3%A9cialistes%20de%20l&#8217;industrie%20des%20chenilles%20en%20caoutchouc%3C%2Fa%3E%3C%2Fstrong%3E%2C%20nous%20nous%20effor%C3%A7ons%20constamment%20d&#8217;am%C3%A9liorer%20et%20d&#8217;innover%20nos%20chenilles%20en%20caoutchouc%20pour%20suivre%20les%20progr%C3%A8s%20technologiques%20des%20machines.%22%7D%2C%7B%22ac_title%22%3A%228.%20O%C3%B9%20est%20situ%C3%A9e%20la%20soci%C3%A9t%C3%A9%20Minitop%20%3F%22%2C%22ac_content%22%3A%22Le%20si%C3%A8ge%20social%20de%20Minitop%20est%20implant%C3%A9%20depuis%20sa%20cr%C3%A9ation%20%C3%A0%20%3Cstrong%3EBricherasio%3C%2Fstrong%3E%2C%20en%20p%C3%A9riph%C3%A9rie%20de%20Turin%20dans%20le%20Pi%C3%A9mont%20%3Cstrong%3Een%20Italie%3C%2Fstrong%3E.%20%5CnCette%20localisation%20centrale%20en%20Europe%20est%20un%20%C3%A9l%C3%A9ment%20clef%20du%20d%C3%A9veloppement%20de%20Minitop%20%C3%A0%20l&#8217;international.%20Depuis%20Turin%20les%20exp%C3%A9ditions%20sont%20tr%C3%A8s%20rapides%20vers%20tous%20les%20pays%20Europ%C3%A9ens%20%3A%20France%2C%20Allemagne%2C%20Espagne%2C%20Angleterre%2C%20Norv%C3%A8ge%2C%20Finlande%20et%20plus%20encore%20!%22%7D%2C%7B%22ac_title%22%3A%229.%20Quel%20est%20le%20d%C3%A9lai%20de%20livraison%20des%20chenilles%20caoutchouc%20%3F%22%2C%22ac_content%22%3A%22Afin%20de%20toujours%20vous%20satisfaire%2C%20%3Cstrong%3Enous%20choisissons%20ensemble%2C%20avec%20vous%2C%20le%20transporteur%20adapt%C3%A9%20%C3%A0%20votre%20besoin.%3C%2Fstrong%3E%20%5CnPour%20les%20commandes%20de%20petites%20quantit%C3%A9s%20la%20livraison%20s&#8217;effectue%20par%20%3Cstrong%3Etransporteur%20express%20sous%2048h%20en%20France%2C%20Allemagne%2C%20Espagne%2C%20Belgique.%3C%2Fstrong%3E%5CnPour%20les%20commandes%20de%20camion%20entier%20ou%20de%20container%20le%20d%C3%A9lai%20est%20convenu%20avec%20vous%20en%20fonction%20de%20vos%20besoins%20et%20de%20vos%20possibilit%C3%A9s%20logistiques.%5CnN&#8217;h%C3%A9sitez%20pas%20%C3%A0%20%3Cstrong%3E%3Ca%20href%3D%5C%22https%3A%2F%2Fminitop.it%2Ffr%2Fa-propos-de-nous%2F%23equipe%5C%22%3Enous%20contacter%20pour%20toute%20demande%20de%20d%C3%A9lai%20pr%C3%A9cis%3C%2Fa%3E%3C%2Fstrong%3E%20et%20nous%20vous%20communiquerons%20les%20possibilit%C3%A9s%20li%C3%A9es%20%C3%A0%20votre%20commande.%22%7D%2C%7B%22ac_title%22%3A%2210.%20Est%20t&#8217;il%20possible%20de%20livrer%20des%20chenilles%20directement%20sur%20un%20chantier%20%3F%22%2C%22ac_content%22%3A%22Bien%20s%C3%BBr%20!%20%5CnNous%20assurons%20la%20%3Cstrong%3Elivraison%20de%20vos%20nouvelles%20chenilles%20caoutchouc%20directement%20sur%20votre%20chantier%3C%2Fstrong%3E%20pour%20permettre%20%C3%A0%20votre%20%C3%A9quipe%20de%20reprendre%20le%20travail%20au%20plus%20vite.%5CnPour%20cela%20il%20vous%20suffit%20de%20le%20pr%C3%A9ciser%20lors%20de%20votre%20commande%20%C3%A0%20votre%20%3Cstrong%3E%3Ca%20href%3D%5C%22https%3A%2F%2Fminitop.it%2Ffr%2Fa-propos-de-nous%2F%23equipe%5C%22%3Econseiller%20commercial%20%3C%2Fa%3E%3C%2Fstrong%3Een%20indiquant%20l&#8217;adresse%20pr%C3%A9cise%20du%20chantier%20ainsi%20que%20le%20contact%20habilit%C3%A9%20%C3%A0%20r%C3%A9ceptionner%20les%20chenilles%20sur%20place.%5Cn%22%7D%5D&#8221; theme_custom_fonts=&#8221;poppin-semibold&#8221; custom_fonts=&#8221;true&#8221; google_fonts=&#8221;font_family:Prociono%3Aregular|font_style:400%20regular%3A400%3Anormal&#8221; font_size=&#8221;17&#8243; active_section=&#8221;1&#8243; animation=&#8221;none&#8221;][ct_space space_lg=&#8221;90&#8243; space_md=&#8221;90&#8243; space_sm=&#8221;70&#8243; space_xs=&#8221;70&#8243;][\/vc_column][\/vc_row][vc_row content_placement=&#8221;middle&#8221;][vc_column width=&#8221;1\/6&#8243;][\/vc_column][vc_column width=&#8221;2\/3&#8243;][ct_heading text=&#8221;Besoin d&#8217;aide et de conseils ?&#8221; align_lg=&#8221;align-center&#8221; align_md=&#8221;center&#8221; align_sm=&#8221;align-center-sm&#8221; align_xs=&#8221;align-center-xs&#8221; font_size=&#8221;35&#8243; font_size_md=&#8221;35&#8243; font_size_sm=&#8221;35&#8243; font_size_xs=&#8221;35&#8243; line_height=&#8221;45&#8243; line_height_md=&#8221;45&#8243; line_height_sm=&#8221;45&#8243; line_height_xs=&#8221;45&#8243; font_weight=&#8221;500&#8243; font_style=&#8221;&#8221; theme_custom_fonts=&#8221;poppin-medium&#8221; subtitle=&#8221;L&#8217;\u00e9quipe Minitop est \u00e0 votre \u00e9coute&#8221; description=&#8221;N&#8217;h\u00e9sitez pas \u00e0 nous contacter si vous avez besoin d&#8217;informations compl\u00e9mentaires sur les chenilles caoutchouc pour mini pelle.<br \/>\nNous sommes \u00e0 votre disposition pour vous accompagner !&#8221; des_font_weight=&#8221;&#8221; margin_bottom=&#8221;20&#8243;][ct_space space_lg=&#8221;55&#8243; space_md=&#8221;55&#8243; space_sm=&#8221;55&#8243; space_xs=&#8221;55&#8243;][ct_button button_text=&#8221;Contactez nous&#8221; button_link=&#8221;url:https%3A%2F%2Fminitop.it%2Ffr%2Fcontact-fr%2F|title:Contact&#8221; align_lg=&#8221;align-center&#8221; align_md=&#8221;align-center-md&#8221; align_sm=&#8221;align-center-sm&#8221; align_xs=&#8221;align-center-xs&#8221;][ct_space space_lg=&#8221;55&#8243; space_md=&#8221;55&#8243; space_sm=&#8221;55&#8243; space_xs=&#8221;55&#8243;][\/vc_column][vc_column width=&#8221;1\/6&#8243;][\/vc_column][\/vc_row]<\/p>\n<\/div>","protected":false},"excerpt":{"rendered":"<p>[vc_row][vc_column css=&#8221;.vc_custom_1573062026478{padding-top: 0px !important;}&#8221;][ct_space space_lg=&#8221;75&#8243; space_md=&#8221;75&#8243; space_sm=&#8221;60&#8243; space_xs=&#8221;60&#8243;][\/vc_column][\/vc_row][vc_row][vc_column width=&#8221;1\/6&#8243;][\/vc_column][vc_column width=&#8221;2\/3&#8243;][ct_heading text=&#8221;Tout savoir sur les chenilles caoutchouc et Minitop en 10 questions !&#8221; align_lg=&#8221;align-center&#8221; align_md=&#8221;center&#8221; align_sm=&#8221;align-center-sm&#8221; align_xs=&#8221;align-center-xs&#8221; font_size=&#8221;35&#8243; font_size_md=&#8221;35&#8243; font_size_sm=&#8221;35&#8243; font_size_xs=&#8221;35&#8243; line_height=&#8221;45&#8243; line_height_md=&#8221;45&#8243; line_height_sm=&#8221;45&#8243; line_height_xs=&#8221;45&#8243; font_weight=&#8221;500&#8243; font_style=&#8221;&#8221; theme_custom_fonts=&#8221;poppin-medium&#8221; subtitle=&#8221;La Foire aux Questions&#8221; description=&#8221;Nous avons regroup\u00e9 ici les r\u00e9ponses aux questions les plus courantes pos\u00e9es par nos [&hellip;]<\/p>\n","protected":false},"author":1,"featured_media":0,"parent":0,"menu_order":0,"comment_status":"closed","ping_status":"closed","template":"","meta":{"_themeisle_gutenberg_block_has_review":false,"footnotes":""},"class_list":["post-111","page","type-page","status-publish","hentry"],"yoast_head":"<!-- This site is optimized with the Yoast SEO plugin v22.2 - https:\/\/yoast.com\/wordpress\/plugins\/seo\/ -->\n<title>FAQs chenilles caoutchouc - Minitop<\/title>\n<meta name=\"description\" content=\"Les r\u00e9ponses \u00e0 toutes vos questions concernant les chenilles caoutchouc pour mini pelle ! Comment mesure une chenille ? Et plus encore !\" \/>\n<meta name=\"robots\" content=\"index, follow, max-snippet:-1, max-image-preview:large, max-video-preview:-1\" \/>\n<link rel=\"canonical\" href=\"https:\/\/minitop.it\/fr\/faqs-chenilles-caoutchouc\/\" \/>\n<meta property=\"og:locale\" content=\"fr_FR\" \/>\n<meta property=\"og:type\" content=\"article\" \/>\n<meta property=\"og:title\" content=\"FAQs chenilles caoutchouc - Minitop\" \/>\n<meta property=\"og:description\" content=\"Les r\u00e9ponses \u00e0 toutes vos questions concernant les chenilles caoutchouc pour mini pelle ! Comment mesure une chenille ? Et plus encore !\" \/>\n<meta property=\"og:url\" content=\"https:\/\/minitop.it\/fr\/faqs-chenilles-caoutchouc\/\" \/>\n<meta property=\"og:site_name\" content=\"Minitop\" \/>\n<meta property=\"article:publisher\" content=\"https:\/\/www.facebook.com\/minitopsrl\" \/>\n<meta property=\"article:modified_time\" content=\"2023-08-30T14:24:01+00:00\" \/>\n<meta name=\"twitter:card\" content=\"summary_large_image\" \/>\n<meta name=\"twitter:label1\" content=\"Dur\u00e9e de lecture estim\u00e9e\" \/>\n\t<meta name=\"twitter:data1\" content=\"1 minute\" \/>\n<script type=\"application\/ld+json\" class=\"yoast-schema-graph\">{\"@context\":\"https:\/\/schema.org\",\"@graph\":[{\"@type\":\"WebPage\",\"@id\":\"https:\/\/minitop.it\/fr\/faqs-chenilles-caoutchouc\/\",\"url\":\"https:\/\/minitop.it\/fr\/faqs-chenilles-caoutchouc\/\",\"name\":\"FAQs chenilles caoutchouc - Minitop\",\"isPartOf\":{\"@id\":\"https:\/\/minitop.it\/#website\"},\"datePublished\":\"2019-09-01T09:33:07+00:00\",\"dateModified\":\"2023-08-30T14:24:01+00:00\",\"description\":\"Les r\u00e9ponses \u00e0 toutes vos questions concernant les chenilles caoutchouc pour mini pelle ! Comment mesure une chenille ? Et plus encore !\",\"breadcrumb\":{\"@id\":\"https:\/\/minitop.it\/fr\/faqs-chenilles-caoutchouc\/#breadcrumb\"},\"inLanguage\":\"fr-FR\",\"potentialAction\":[{\"@type\":\"ReadAction\",\"target\":[\"https:\/\/minitop.it\/fr\/faqs-chenilles-caoutchouc\/\"]}]},{\"@type\":\"BreadcrumbList\",\"@id\":\"https:\/\/minitop.it\/fr\/faqs-chenilles-caoutchouc\/#breadcrumb\",\"itemListElement\":[{\"@type\":\"ListItem\",\"position\":1,\"name\":\"Home\",\"item\":\"https:\/\/minitop.it\/fr\/\"},{\"@type\":\"ListItem\",\"position\":2,\"name\":\"FAQs chenilles caoutchouc\"}]},{\"@type\":\"WebSite\",\"@id\":\"https:\/\/minitop.it\/#website\",\"url\":\"https:\/\/minitop.it\/\",\"name\":\"Minitop\",\"description\":\"Le sp\u00e9cialiste de la chenille caoutchouc\",\"publisher\":{\"@id\":\"https:\/\/minitop.it\/#organization\"},\"potentialAction\":[{\"@type\":\"SearchAction\",\"target\":{\"@type\":\"EntryPoint\",\"urlTemplate\":\"https:\/\/minitop.it\/?s={search_term_string}\"},\"query-input\":\"required name=search_term_string\"}],\"inLanguage\":\"fr-FR\"},{\"@type\":\"Organization\",\"@id\":\"https:\/\/minitop.it\/#organization\",\"name\":\"Minitop\",\"url\":\"https:\/\/minitop.it\/\",\"logo\":{\"@type\":\"ImageObject\",\"inLanguage\":\"fr-FR\",\"@id\":\"https:\/\/minitop.it\/#\/schema\/logo\/image\/\",\"url\":\"https:\/\/minitop.it\/wp-content\/uploads\/2022\/04\/cropped-logominitoptr.png\",\"contentUrl\":\"https:\/\/minitop.it\/wp-content\/uploads\/2022\/04\/cropped-logominitoptr.png\",\"width\":512,\"height\":512,\"caption\":\"Minitop\"},\"image\":{\"@id\":\"https:\/\/minitop.it\/#\/schema\/logo\/image\/\"},\"sameAs\":[\"https:\/\/www.facebook.com\/minitopsrl\",\"https:\/\/www.linkedin.com\/company\/gruppominitopsrl\/\",\"https:\/\/www.youtube.com\/channel\/UC4SxXfoXCpelUKZa-ui9vuA\/featured?cbrd=1\"]}]}<\/script>\n<!-- \/ Yoast SEO plugin. -->","yoast_head_json":{"title":"FAQs chenilles caoutchouc - Minitop","description":"Les r\u00e9ponses \u00e0 toutes vos questions concernant les chenilles caoutchouc pour mini pelle ! Comment mesure une chenille ? Et plus encore !","robots":{"index":"index","follow":"follow","max-snippet":"max-snippet:-1","max-image-preview":"max-image-preview:large","max-video-preview":"max-video-preview:-1"},"canonical":"https:\/\/minitop.it\/fr\/faqs-chenilles-caoutchouc\/","og_locale":"fr_FR","og_type":"article","og_title":"FAQs chenilles caoutchouc - Minitop","og_description":"Les r\u00e9ponses \u00e0 toutes vos questions concernant les chenilles caoutchouc pour mini pelle ! Comment mesure une chenille ? Et plus encore !","og_url":"https:\/\/minitop.it\/fr\/faqs-chenilles-caoutchouc\/","og_site_name":"Minitop","article_publisher":"https:\/\/www.facebook.com\/minitopsrl","article_modified_time":"2023-08-30T14:24:01+00:00","twitter_card":"summary_large_image","twitter_misc":{"Dur\u00e9e de lecture estim\u00e9e":"1 minute"},"schema":{"@context":"https:\/\/schema.org","@graph":[{"@type":"WebPage","@id":"https:\/\/minitop.it\/fr\/faqs-chenilles-caoutchouc\/","url":"https:\/\/minitop.it\/fr\/faqs-chenilles-caoutchouc\/","name":"FAQs chenilles caoutchouc - Minitop","isPartOf":{"@id":"https:\/\/minitop.it\/#website"},"datePublished":"2019-09-01T09:33:07+00:00","dateModified":"2023-08-30T14:24:01+00:00","description":"Les r\u00e9ponses \u00e0 toutes vos questions concernant les chenilles caoutchouc pour mini pelle ! Comment mesure une chenille ? Et plus encore !","breadcrumb":{"@id":"https:\/\/minitop.it\/fr\/faqs-chenilles-caoutchouc\/#breadcrumb"},"inLanguage":"fr-FR","potentialAction":[{"@type":"ReadAction","target":["https:\/\/minitop.it\/fr\/faqs-chenilles-caoutchouc\/"]}]},{"@type":"BreadcrumbList","@id":"https:\/\/minitop.it\/fr\/faqs-chenilles-caoutchouc\/#breadcrumb","itemListElement":[{"@type":"ListItem","position":1,"name":"Home","item":"https:\/\/minitop.it\/fr\/"},{"@type":"ListItem","position":2,"name":"FAQs chenilles caoutchouc"}]},{"@type":"WebSite","@id":"https:\/\/minitop.it\/#website","url":"https:\/\/minitop.it\/","name":"Minitop","description":"Le sp\u00e9cialiste de la chenille caoutchouc","publisher":{"@id":"https:\/\/minitop.it\/#organization"},"potentialAction":[{"@type":"SearchAction","target":{"@type":"EntryPoint","urlTemplate":"https:\/\/minitop.it\/?s={search_term_string}"},"query-input":"required name=search_term_string"}],"inLanguage":"fr-FR"},{"@type":"Organization","@id":"https:\/\/minitop.it\/#organization","name":"Minitop","url":"https:\/\/minitop.it\/","logo":{"@type":"ImageObject","inLanguage":"fr-FR","@id":"https:\/\/minitop.it\/#\/schema\/logo\/image\/","url":"https:\/\/minitop.it\/wp-content\/uploads\/2022\/04\/cropped-logominitoptr.png","contentUrl":"https:\/\/minitop.it\/wp-content\/uploads\/2022\/04\/cropped-logominitoptr.png","width":512,"height":512,"caption":"Minitop"},"image":{"@id":"https:\/\/minitop.it\/#\/schema\/logo\/image\/"},"sameAs":["https:\/\/www.facebook.com\/minitopsrl","https:\/\/www.linkedin.com\/company\/gruppominitopsrl\/","https:\/\/www.youtube.com\/channel\/UC4SxXfoXCpelUKZa-ui9vuA\/featured?cbrd=1"]}]}},"_links":{"self":[{"href":"https:\/\/minitop.it\/fr\/wp-json\/wp\/v2\/pages\/111","targetHints":{"allow":["GET"]}}],"collection":[{"href":"https:\/\/minitop.it\/fr\/wp-json\/wp\/v2\/pages"}],"about":[{"href":"https:\/\/minitop.it\/fr\/wp-json\/wp\/v2\/types\/page"}],"author":[{"embeddable":true,"href":"https:\/\/minitop.it\/fr\/wp-json\/wp\/v2\/users\/1"}],"replies":[{"embeddable":true,"href":"https:\/\/minitop.it\/fr\/wp-json\/wp\/v2\/comments?post=111"}],"version-history":[{"count":0,"href":"https:\/\/minitop.it\/fr\/wp-json\/wp\/v2\/pages\/111\/revisions"}],"wp:attachment":[{"href":"https:\/\/minitop.it\/fr\/wp-json\/wp\/v2\/media?parent=111"}],"curies":[{"name":"wp","href":"https:\/\/api.w.org\/{rel}","templated":true}]}}