
{"id":21652,"date":"2025-05-09T17:43:57","date_gmt":"2025-05-09T15:43:57","guid":{"rendered":"https:\/\/minitop.it\/?page_id=21652"},"modified":"2025-06-27T10:11:35","modified_gmt":"2025-06-27T08:11:35","slug":"componentes-para-trenes-de-aterrizaje","status":"publish","type":"page","link":"https:\/\/minitop.it\/es\/componentes-para-trenes-de-aterrizaje\/","title":{"rendered":"Componentes para tren de rodaje"},"content":{"rendered":"<div class=\"wpb-content-wrapper\"><p>[vc_row][vc_column][vc_column_text]<\/p>\n<h2><\/h2>\n<h2 style=\"text-align: center;\">Descubra nuestra amplia gama de componentes para tren de rodaje<\/h2>\n<p style=\"text-align: center;\">La l\u00ednea de tren de rodaje cuenta con una amplia gama de componentes de alta calidad dise\u00f1ados para garantizar un excelente rendimiento y fiabilidad en las operaciones m\u00e1s exigentes. Piezas del tren de rodaje fabricadas con materiales como el acero y tecnolog\u00edas avanzadas para garantizar la durabilidad y la resistencia al desgaste, asegurando la eficiencia operativa, una larga vida \u00fatil, la reducci\u00f3n del periodo de inactividad y la disminuci\u00f3n de los costos generales de mantenimiento.<\/p>\n<p>[\/vc_column_text][vc_row_inner][vc_column_inner width=&#8221;1\/2&#8243;][vc_column_text]<\/p>\n<h2 style=\"text-align: center;\">Rodillos inferiores y superiores<\/h2>\n<p style=\"text-align: center;\">Los rodillos de las orugas de goma son componentes esenciales del tren de rodaje para la estabilidad y la movilidad, garantizando una distribuci\u00f3n uniforme del peso y una vida \u00fatil prolongada incluso en condiciones de trabajo dif\u00edciles.Nuestros rodillos inferiores y superiores est\u00e1n dise\u00f1ados para resistir los impactos, reducir el desgaste y mejorar la eficacia operativa.<\/p>\n<p>[\/vc_column_text][\/vc_column_inner][vc_column_inner width=&#8221;1\/2&#8243;][vc_single_image image=&#8221;21559&#8243; img_size=&#8221;400&#215;200&#8243; alignment=&#8221;center&#8221;][\/vc_column_inner][\/vc_row_inner][\/vc_column][\/vc_row][vc_row][vc_column width=&#8221;1\/2&#8243;][vc_single_image image=&#8221;21589&#8243; img_size=&#8221;medium&#8221; alignment=&#8221;center&#8221;][\/vc_column][vc_column width=&#8221;1\/2&#8243;][vc_column_text]<\/p>\n<h2 style=\"text-align: center;\"><strong>Ruedas Gu\u00eda <\/strong><\/h2>\n<p style=\"text-align: center;\">Las ruedas gu\u00eda de las miniexcavadoras desempe\u00f1an un papel crucial a la hora de mantener la tensi\u00f3n de las orugas y garantizar un movimiento suave del tren de rodaje. Est\u00e1n dise\u00f1adas para ofrecer la m\u00e1xima resistencia al desgaste y una larga vida \u00fatil, incluso en entornos de trabajo extremos.<\/p>\n<p>[\/vc_column_text][vc_empty_space][\/vc_column][\/vc_row][vc_row][vc_column width=&#8221;1\/2&#8243;][vc_column_text]<\/p>\n<h2 style=\"text-align: center;\"><strong>Ruedas Cabilla<\/strong><\/h2>\n<p style=\"text-align: center;\">Las ruedas cabilla son el coraz\u00f3n del sistema de tracci\u00f3n y proporcionan la tracci\u00f3n necesaria para las operaciones de excavaci\u00f3n. Est\u00e1n construidas para soportar cargas pesadas y garantizar un rendimiento \u00f3ptimo en todas las situaciones.<\/p>\n<p>[\/vc_column_text][vc_empty_space][\/vc_column][vc_column width=&#8221;1\/2&#8243;][vc_single_image image=&#8221;21574&#8243; img_size=&#8221;medium&#8221; alignment=&#8221;center&#8221;][\/vc_column][\/vc_row][vc_row][vc_column][vc_column_text]<\/p>\n<p style=\"text-align: center;\">Cada componente de la gama ha sido dise\u00f1ado para satisfacer las m\u00e1s altas exigencias de los profesionales, con el objetivo de mejorar la productividad y reducir los costes de mantenimiento. Conf\u00ede en la calidad e innovaci\u00f3n de nuestros productos para trenes de rodaje y descubra un nuevo nivel de eficacia y fiabilidad.<\/p>\n<p style=\"text-align: center;\">Para m\u00e1s informaci\u00f3n t\u00e9cnica o cualquier consulta, p\u00f3ngase en contacto con nosotros rellenando nuestro formulario de contacto.<\/p>\n<p style=\"text-align: center;\"><i>Minitop<\/i>.<\/p>\n<p>.[\/vc_column_text][\/vc_column][\/vc_row][vc_row][vc_column][ct_contact_form id=&#8221;744&#8243;][\/vc_column][\/vc_row]<\/p>\n<\/div>","protected":false},"excerpt":{"rendered":"<p>[vc_row][vc_column][vc_column_text] Descubra nuestra amplia gama de componentes para tren de rodaje La l\u00ednea de tren de rodaje cuenta con una amplia gama de componentes de alta calidad dise\u00f1ados para garantizar un excelente rendimiento y fiabilidad en las operaciones m\u00e1s exigentes. Piezas del tren de rodaje fabricadas con materiales como el acero y tecnolog\u00edas avanzadas para [&hellip;]<\/p>\n","protected":false},"author":7,"featured_media":0,"parent":0,"menu_order":0,"comment_status":"closed","ping_status":"closed","template":"","meta":{"_themeisle_gutenberg_block_has_review":false,"footnotes":""},"class_list":["post-21652","page","type-page","status-publish","hentry"],"yoast_head":"<!-- This site is optimized with the Yoast SEO plugin v22.2 - https:\/\/yoast.com\/wordpress\/plugins\/seo\/ -->\n<title>Componentes para tren de rodaje - Minitop<\/title>\n<meta name=\"description\" content=\"La l\u00ednea de trenes de rodaje Minitop cuenta con una amplia gama de componentes de alta calidad, como rodillos inferiores y superiores, ruedas locas y ruedas motrices.\" \/>\n<meta name=\"robots\" content=\"index, follow, max-snippet:-1, max-image-preview:large, max-video-preview:-1\" \/>\n<link rel=\"canonical\" href=\"https:\/\/minitop.it\/es\/componentes-para-trenes-de-aterrizaje\/\" \/>\n<meta property=\"og:locale\" content=\"es_ES\" \/>\n<meta property=\"og:type\" content=\"article\" \/>\n<meta property=\"og:title\" content=\"Componentes para tren de rodaje - Minitop\" \/>\n<meta property=\"og:description\" content=\"La l\u00ednea de trenes de rodaje Minitop cuenta con una amplia gama de componentes de alta calidad, como rodillos inferiores y superiores, ruedas locas y ruedas motrices.\" \/>\n<meta property=\"og:url\" content=\"https:\/\/minitop.it\/es\/componentes-para-trenes-de-aterrizaje\/\" \/>\n<meta property=\"og:site_name\" content=\"Minitop\" \/>\n<meta property=\"article:publisher\" content=\"https:\/\/www.facebook.com\/minitopsrl\" \/>\n<meta property=\"article:modified_time\" content=\"2025-06-27T08:11:35+00:00\" \/>\n<meta name=\"twitter:card\" content=\"summary_large_image\" \/>\n<meta name=\"twitter:label1\" content=\"Tiempo de lectura\" \/>\n\t<meta name=\"twitter:data1\" content=\"3 minutos\" \/>\n<script type=\"application\/ld+json\" class=\"yoast-schema-graph\">{\"@context\":\"https:\/\/schema.org\",\"@graph\":[{\"@type\":\"WebPage\",\"@id\":\"https:\/\/minitop.it\/es\/componentes-para-trenes-de-aterrizaje\/\",\"url\":\"https:\/\/minitop.it\/es\/componentes-para-trenes-de-aterrizaje\/\",\"name\":\"Componentes para tren de rodaje - Minitop\",\"isPartOf\":{\"@id\":\"https:\/\/minitop.it\/#website\"},\"datePublished\":\"2025-05-09T15:43:57+00:00\",\"dateModified\":\"2025-06-27T08:11:35+00:00\",\"description\":\"La l\u00ednea de trenes de rodaje Minitop cuenta con una amplia gama de componentes de alta calidad, como rodillos inferiores y superiores, ruedas locas y ruedas motrices.\",\"breadcrumb\":{\"@id\":\"https:\/\/minitop.it\/es\/componentes-para-trenes-de-aterrizaje\/#breadcrumb\"},\"inLanguage\":\"es\",\"potentialAction\":[{\"@type\":\"ReadAction\",\"target\":[\"https:\/\/minitop.it\/es\/componentes-para-trenes-de-aterrizaje\/\"]}]},{\"@type\":\"BreadcrumbList\",\"@id\":\"https:\/\/minitop.it\/es\/componentes-para-trenes-de-aterrizaje\/#breadcrumb\",\"itemListElement\":[{\"@type\":\"ListItem\",\"position\":1,\"name\":\"Home\",\"item\":\"https:\/\/minitop.it\/es\/\"},{\"@type\":\"ListItem\",\"position\":2,\"name\":\"Componentes para tren de rodaje\"}]},{\"@type\":\"WebSite\",\"@id\":\"https:\/\/minitop.it\/#website\",\"url\":\"https:\/\/minitop.it\/\",\"name\":\"Minitop\",\"description\":\"Primer fabricante europeo de orugas de caucho\",\"publisher\":{\"@id\":\"https:\/\/minitop.it\/#organization\"},\"potentialAction\":[{\"@type\":\"SearchAction\",\"target\":{\"@type\":\"EntryPoint\",\"urlTemplate\":\"https:\/\/minitop.it\/?s={search_term_string}\"},\"query-input\":\"required name=search_term_string\"}],\"inLanguage\":\"es\"},{\"@type\":\"Organization\",\"@id\":\"https:\/\/minitop.it\/#organization\",\"name\":\"Minitop\",\"url\":\"https:\/\/minitop.it\/\",\"logo\":{\"@type\":\"ImageObject\",\"inLanguage\":\"es\",\"@id\":\"https:\/\/minitop.it\/#\/schema\/logo\/image\/\",\"url\":\"https:\/\/minitop.it\/wp-content\/uploads\/2022\/04\/cropped-logominitoptr.png\",\"contentUrl\":\"https:\/\/minitop.it\/wp-content\/uploads\/2022\/04\/cropped-logominitoptr.png\",\"width\":512,\"height\":512,\"caption\":\"Minitop\"},\"image\":{\"@id\":\"https:\/\/minitop.it\/#\/schema\/logo\/image\/\"},\"sameAs\":[\"https:\/\/www.facebook.com\/minitopsrl\",\"https:\/\/www.linkedin.com\/company\/gruppominitopsrl\/\",\"https:\/\/www.youtube.com\/channel\/UC4SxXfoXCpelUKZa-ui9vuA\/featured?cbrd=1\"]}]}<\/script>\n<!-- \/ Yoast SEO plugin. -->","yoast_head_json":{"title":"Componentes para tren de rodaje - Minitop","description":"La l\u00ednea de trenes de rodaje Minitop cuenta con una amplia gama de componentes de alta calidad, como rodillos inferiores y superiores, ruedas locas y ruedas motrices.","robots":{"index":"index","follow":"follow","max-snippet":"max-snippet:-1","max-image-preview":"max-image-preview:large","max-video-preview":"max-video-preview:-1"},"canonical":"https:\/\/minitop.it\/es\/componentes-para-trenes-de-aterrizaje\/","og_locale":"es_ES","og_type":"article","og_title":"Componentes para tren de rodaje - Minitop","og_description":"La l\u00ednea de trenes de rodaje Minitop cuenta con una amplia gama de componentes de alta calidad, como rodillos inferiores y superiores, ruedas locas y ruedas motrices.","og_url":"https:\/\/minitop.it\/es\/componentes-para-trenes-de-aterrizaje\/","og_site_name":"Minitop","article_publisher":"https:\/\/www.facebook.com\/minitopsrl","article_modified_time":"2025-06-27T08:11:35+00:00","twitter_card":"summary_large_image","twitter_misc":{"Tiempo de lectura":"3 minutos"},"schema":{"@context":"https:\/\/schema.org","@graph":[{"@type":"WebPage","@id":"https:\/\/minitop.it\/es\/componentes-para-trenes-de-aterrizaje\/","url":"https:\/\/minitop.it\/es\/componentes-para-trenes-de-aterrizaje\/","name":"Componentes para tren de rodaje - Minitop","isPartOf":{"@id":"https:\/\/minitop.it\/#website"},"datePublished":"2025-05-09T15:43:57+00:00","dateModified":"2025-06-27T08:11:35+00:00","description":"La l\u00ednea de trenes de rodaje Minitop cuenta con una amplia gama de componentes de alta calidad, como rodillos inferiores y superiores, ruedas locas y ruedas motrices.","breadcrumb":{"@id":"https:\/\/minitop.it\/es\/componentes-para-trenes-de-aterrizaje\/#breadcrumb"},"inLanguage":"es","potentialAction":[{"@type":"ReadAction","target":["https:\/\/minitop.it\/es\/componentes-para-trenes-de-aterrizaje\/"]}]},{"@type":"BreadcrumbList","@id":"https:\/\/minitop.it\/es\/componentes-para-trenes-de-aterrizaje\/#breadcrumb","itemListElement":[{"@type":"ListItem","position":1,"name":"Home","item":"https:\/\/minitop.it\/es\/"},{"@type":"ListItem","position":2,"name":"Componentes para tren de rodaje"}]},{"@type":"WebSite","@id":"https:\/\/minitop.it\/#website","url":"https:\/\/minitop.it\/","name":"Minitop","description":"Primer fabricante europeo de orugas de caucho","publisher":{"@id":"https:\/\/minitop.it\/#organization"},"potentialAction":[{"@type":"SearchAction","target":{"@type":"EntryPoint","urlTemplate":"https:\/\/minitop.it\/?s={search_term_string}"},"query-input":"required name=search_term_string"}],"inLanguage":"es"},{"@type":"Organization","@id":"https:\/\/minitop.it\/#organization","name":"Minitop","url":"https:\/\/minitop.it\/","logo":{"@type":"ImageObject","inLanguage":"es","@id":"https:\/\/minitop.it\/#\/schema\/logo\/image\/","url":"https:\/\/minitop.it\/wp-content\/uploads\/2022\/04\/cropped-logominitoptr.png","contentUrl":"https:\/\/minitop.it\/wp-content\/uploads\/2022\/04\/cropped-logominitoptr.png","width":512,"height":512,"caption":"Minitop"},"image":{"@id":"https:\/\/minitop.it\/#\/schema\/logo\/image\/"},"sameAs":["https:\/\/www.facebook.com\/minitopsrl","https:\/\/www.linkedin.com\/company\/gruppominitopsrl\/","https:\/\/www.youtube.com\/channel\/UC4SxXfoXCpelUKZa-ui9vuA\/featured?cbrd=1"]}]}},"_links":{"self":[{"href":"https:\/\/minitop.it\/es\/wp-json\/wp\/v2\/pages\/21652","targetHints":{"allow":["GET"]}}],"collection":[{"href":"https:\/\/minitop.it\/es\/wp-json\/wp\/v2\/pages"}],"about":[{"href":"https:\/\/minitop.it\/es\/wp-json\/wp\/v2\/types\/page"}],"author":[{"embeddable":true,"href":"https:\/\/minitop.it\/es\/wp-json\/wp\/v2\/users\/7"}],"replies":[{"embeddable":true,"href":"https:\/\/minitop.it\/es\/wp-json\/wp\/v2\/comments?post=21652"}],"version-history":[{"count":0,"href":"https:\/\/minitop.it\/es\/wp-json\/wp\/v2\/pages\/21652\/revisions"}],"wp:attachment":[{"href":"https:\/\/minitop.it\/es\/wp-json\/wp\/v2\/media?parent=21652"}],"curies":[{"name":"wp","href":"https:\/\/api.w.org\/{rel}","templated":true}]}}