
{"id":13322,"date":"2022-04-15T11:52:47","date_gmt":"2022-04-15T09:52:47","guid":{"rendered":"http:\/\/minitop.it\/preguntas-frecuentes\/"},"modified":"2023-08-30T16:23:42","modified_gmt":"2023-08-30T14:23:42","slug":"preguntas-frecuentes-oruga-de-goma","status":"publish","type":"page","link":"https:\/\/minitop.it\/es\/preguntas-frecuentes-oruga-de-goma\/","title":{"rendered":"Preguntas frecuentes oruga de goma"},"content":{"rendered":"<div class=\"wpb-content-wrapper\"><p>[vc_row][vc_column css=&#8221;.vc_custom_1573062026478{padding-top: 0px !important;}&#8221;][ct_space space_lg=&#8221;75&#8243; space_md=&#8221;75&#8243; space_sm=&#8221;60&#8243; space_xs=&#8221;60&#8243;][\/vc_column][\/vc_row][vc_row][vc_column width=&#8221;1\/6&#8243;][\/vc_column][vc_column width=&#8221;2\/3&#8243;][ct_heading text=&#8221;10 preguntas para averiguar todo lo que necesitas saber sobre las orugas de goma y Minitop.&#8221; align_lg=&#8221;align-center&#8221; align_md=&#8221;center&#8221; align_sm=&#8221;align-center-sm&#8221; align_xs=&#8221;align-center-xs&#8221; font_size=&#8221;35&#8243; font_size_md=&#8221;35&#8243; font_size_sm=&#8221;35&#8243; font_size_xs=&#8221;35&#8243; line_height=&#8221;45&#8243; line_height_md=&#8221;45&#8243; line_height_sm=&#8221;45&#8243; line_height_xs=&#8221;45&#8243; font_weight=&#8221;500&#8243; font_style=&#8221;&#8221; theme_custom_fonts=&#8221;poppin-medium&#8221; subtitle=&#8221;Preguntas frecuentes&#8221; description=&#8221;Aqu\u00ed hemos recopilado las respuestas a las preguntas m\u00e1s frecuentes de nuestros clientes y socios. Esperamos que esto le ayude a ahorrar un tiempo precioso y a obtener respuestas a todas sus preguntas sobre orugas de goma para excavadoras.&#8221; des_font_weight=&#8221;&#8221; margin_bottom=&#8221;20&#8243;][ct_space space_lg=&#8221;55&#8243; space_md=&#8221;55&#8243; space_sm=&#8221;55&#8243; space_xs=&#8221;55&#8243;][\/vc_column][vc_column width=&#8221;1\/6&#8243;][\/vc_column][\/vc_row][vc_row][vc_column css=&#8221;.vc_custom_1572772705775{padding-top: 0px !important;}&#8221;][ct_textbox cms_template=&#8221;ct_textbox&#8211;layout3.php&#8221; font_weight=&#8221;400&#8243; title=&#8221;Acceso r\u00e1pido a las 10 preguntas m\u00e1s frecuentes&#8221;][ct_space space_lg=&#8221;55&#8243; space_md=&#8221;55&#8243; space_sm=&#8221;55&#8243; space_xs=&#8221;55&#8243;][\/vc_column][\/vc_row][vc_row][vc_column][ct_accordion ct_accordion=&#8221;%5B%7B%22ac_title%22%3A%221.%20%C2%BFC%C3%B3mo%20se%20eligen%20las%20orugas%20de%20goma%3F%22%2C%22ac_content%22%3A%22A%20la%20hora%20de%20elegir%20sus%20orugas%20de%20goma%2C%20debe%20tener%20en%20cuenta%20el%20%3Cstrong%3Emodelo%3C%2Fstrong%3E%20de%20su%20m%C3%A1quina.%3C%2Fstrong%3E.%3C%2Fbr%3E%5CnNo%20dude%20en%20%3Cstrong%3Eutilizar%20nuestro%20%3Ca%20href%3D%5C%22https%3A%2F%2Fminitop.it%2Fes%2Forugas-mini-excavadora%2F%5C%22%3Emotor%20de%20b%C3%BAsqueda%3C%2Fstrong%3E%3C%2Fa%3E%20para%20identificar%20el%20modelo%20de%20oruga%20recomendado%20por%20el%20fabricante%20de%20su%20m%C3%A1quina.%3C%2Fbr%3E%5CnTambi%C3%A9n%20le%20invitamos%20a%20prestar%20mucha%20atenci%C3%B3n%20a%20la%20%3Cstrong%3Ecalidad%20de%20las%20orugas%3C%2Fstrong%3E.%3C%2Fbr%3E%5CnHay%20una%20gran%20variedad%20de%20calidades%20en%20el%20mercado.%20Muchas%20de%20las%20orugas%20que%20se%20venden%20a%20bajo%20precio%20no%20est%C3%A1n%20reforzadas%20y%20acaban%20costando%20mucho%20dinero%20porque%20su%20vida%20%C3%BAtil%20es%20muy%20limitada%20en%20comparaci%C3%B3n%20con%20%3Cstrong%3EOrugas%20reforzadas%20Minitop%20garantizadas%20para%20un%20uso%20duradero%3C%2Fstrong%3E.%22%7D%2C%7B%22ac_title%22%3A%222.%20%C2%BFQu%C3%A9%20tama%C3%B1o%20de%20orugas%20de%20goma%20debo%20utilizar%20para%20mi%20m%C3%A1quina%3F%22%2C%22ac_content%22%3A%22Cada%20m%C3%A1quina%2C%20dependiendo%20de%20su%20marca%2C%20modelo%20y%20chasis%2C%20est%C3%A1%20dise%C3%B1ada%20para%20funcionar%20con%20%3Cstrong%3Eun%20tama%C3%B1o%20espec%C3%ADfico%20de%20oruga%20de%20goma%3C%2Fstrong%3E.%3C%2Fbr%3E%5CnPara%20asegurarse%20de%20que%20su%20m%C3%A1quina%20sigue%20utilizando%20el%20tama%C3%B1o%20de%20oruga%20recomendado%20por%20el%20fabricante%2C%20le%20recomendamos%20que%20%3Cstrong%3Ecompruebe%20el%20tama%C3%B1o%20grabado%20en%20sus%20orugas%3C%2Fstrong%3E%20antes%20de%20hacer%20su%20pedido.%3C%2Fbr%3E%5CnNo%20dude%20en%20utilizar%20nuestro%20%3Cstrong%3E%3Ca%20href%3D%5C%22https%3A%2F%2Fminitop.it%2Fes%2Forugas-mini-excavadora%2F%5C%22%3Ebuscador%3C%2Fa%3E%3C%2Fstrong%3E%20para%20identificar%20el%20modelo%20de%20oruga%20recomendado%20por%20el%20fabricante%20de%20su%20m%C3%A1quina.%5Cn%22%7D%2C%7B%22ac_title%22%3A%223.%20%C2%BFCu%C3%A1ndo%20hay%20que%20cambiar%20las%20orugas%20de%20goma%3F%22%2C%22ac_content%22%3A%22En%20cuanto%20note%20%3Cstrong%3Eun%20estiramiento%20anormal%20de%20sus%20orugas%20de%20goma%3C%2Fstrong%3E%20o%20que%20tu%20%3Cstrong%3Eexcavadora%20pierde%20sus%20orugas%3C%2Fstrong%3E%2C%20le%20sugerimos%20que%20prevea%20la%20sustituci%C3%B3n%20de%20las%20orugas.%3C%2Fbr%3E%5CnAs%C3%AD%20se%20asegurar%C3%A1%20de%20no%20da%C3%B1ar%20su%20m%C3%A1quina%20y%20de%20no%20tener%20una%20excavadora%20inmovilizada%20en%20una%20obra%20por%20culpa%20de%20una%20oruga%20rota.%5Cn%22%7D%2C%7B%22ac_title%22%3A%224.%20%C2%BFC%C3%B3mo%20se%20cambian%20las%20orugas%20de%20goma%3F%22%2C%22ac_content%22%3A%22Porque%20no%20hay%20nada%20mejor%20que%20un%20%3Cstrong%3Ev%C3%ADdeo%20de%20demostraci%C3%B3n%20de%20la%20sustituci%C3%B3n%20de%20una%20oruga%20de%20goma%20en%20una%20miniexcavadora%3C%2Fstrong%3E%20para%20entenderlo%20f%C3%A1cilmente%2C%20no%20dude%20en%20%3Cstrong%3Econsultar%20nuestro%20%3Ca%20href%3D%5C%22https%3A%2F%2Fminitop.it%2Fes%2Fcomo-reemplazar-las-orugas-de-goma%2F%5C%22%3Etutorial%20%C2%BFC%C3%B3mo%20reemplazar%20las%20orugas%20de%20goma%3F%3C%2Fa%3E%3C%2Fstrong%3E.%22%7D%2C%7B%22ac_title%22%3A%225.%20%C2%BFLas%20orugas%20de%20goma%20tienen%20una%20direcci%C3%B3n%20de%20montaje%3F%22%2C%22ac_content%22%3A%22Las%20orugas%20de%20goma%20%3Cstrong%3Eno%20tienen%20direcci%C3%B3n%20de%20montaje%3C%2Fstrong%3E%20como%20tal.%20%3Cstrong%3Econ%20excepci%C3%B3n%20de%20las%20orugas%20de%20goma%20%5C%22desplazadas%3C%2Fstrong%3E.%3C%2Fbr%3E%5CnLas%20orugas%20desplazadas%2C%20que%20se%20encuentran%20principalmente%20en%20las%20miniexcavadoras%20YANMAR%2C%20tienen%20una%20oruga%20gu%C3%ADa%20que%20no%20se%20encuentra%20en%20el%20centro%20de%20la%20anchura%20de%20la%20excavadora%2C%20sino%20a%201%2F3%20de%20la%20misma.%3C%2Fbr%3E%5CnSi%20tiene%20orugas%20desplazadas%2C%20debe%20prestar%20atenci%C3%B3n%20a%20la%20direcci%C3%B3n%20de%20montaje%20para%20que%20el%20desplazamiento%20m%C3%A1s%20ancho%20de%20la%20oruga%20est%C3%A9%20en%20el%20lado%20derecho.%5Cn%22%7D%2C%7B%22ac_title%22%3A%226.%20%C2%BFSe%20pueden%20montar%20orugas%20de%20goma%20en%20una%20excavadora%20con%20cadenas%20de%20acero%3F%22%2C%22ac_content%22%3A%22%3Cstrong%3ES%C3%AD%2C%20en%20algunas%20m%C3%A1quinas%3C%2Fstrong%3E%20pero%20%3Cstrong%3Ecuidado%3C%2Fstrong%3E%20no%20siempre%20es%20as%C3%AD.%3C%2Fstrong%3E.%3C%2Fbr%3E%5CnNo%20todas%20las%20m%C3%A1quinas%20pueden%20convertirse%20de%20cadenas%20de%20acero%20a%20orugas%20de%20goma%20y%2C%20sobre%20todo%2C%20debe%20comprobar%20la%20compatibilidad%20de%20su%20tren%20de%20rodaje%20(rodillos%20inferiores%2C%20rodillos%20superiores%2C%20ruedas%20dentadas%20y%20ruedas%20locas)%20antes%20de%20realizar%20cualquier%20cambio.%3C%2Fbr%3E%5CnLe%20recomendamos%20encarecidamente%20que%20%3Cstrong%3E%3Ca%20href%3D%5C%22https%3A%2F%2Fminitop.it%2Fes%2Fcontactar-es%2F%5C%22%3Ecompruebe%20las%20posibilidades%20de%20su%20m%C3%A1quina%20con%20su%20asesor%20antes%20de%20realizar%20un%20pedido%3C%2Fa%3E%3C%2Fstrong%3E.%5Cn%22%7D%2C%7B%22ac_title%22%3A%227.%20%C2%BFCu%C3%A1ntos%20a%C3%B1os%20lleva%20Minitop%20fabricando%20orugas%20de%20goma%3F%22%2C%22ac_content%22%3A%22Con%20m%C3%A1s%20de%20%3Cstrong%3E27%20a%C3%B1os%20de%20experiencia%20en%20el%20mercado%20internacional%3C%2Fstrong%3E%2C%20las%20orugas%20de%20goma%20Minitop%20se%20han%20convertido%20en%20un%20referente%20para%20los%20distribuidores%20de%20la%20construcci%C3%B3n.%5CnComo%3Cstrong%3E%20%3Ca%20href%3D%5C%22https%3A%2F%2Fminitop.it%2Fes%2Fa-proposito-de-nosotros%2F%5C%22%3Eespecialistas%20en%20la%20industria%20de%20las%20orugas%20de%20goma%3C%2Fa%3E%3C%2Fstrong%3E%2C%20nos%20esforzamos%20constantemente%20por%20mejorar%20e%20innovar%20nuestras%20orugas%20de%20goma%20para%20seguir%20el%20ritmo%20de%20los%20avances%20en%20la%20tecnolog%C3%ADa%20de%20las%20m%C3%A1quinas.%22%7D%2C%7B%22ac_title%22%3A%228.%20%C2%BFD%C3%B3nde%20se%20encuentra%20Minitop%3F%22%2C%22ac_content%22%3A%22Desde%20su%20creaci%C3%B3n%2C%20la%20sede%20de%20Minitop%20se%20encuentra%20en%20%3Cstrong%3EBricherasio%3C%2Fstrong%3E%2C%20en%20las%20afueras%20de%20Tur%C3%ADn%2C%20en%20el%20Piamonte%20%3Cstrong%3Een%20Italia%3C%2Fstrong%3E.%20%5CnEsta%20ubicaci%C3%B3n%20central%20en%20Europa%20es%20un%20factor%20clave%20para%20el%20desarrollo%20internacional%20de%20Minitop.%20Desde%20Tur%C3%ADn%2C%20las%20orugas%20de%20goma%20se%20env%C3%ADan%20muy%20r%C3%A1pidamente%20a%20todos%20los%20pa%C3%ADses%20europeos%3A%20Francia%2C%20Alemania%2C%20Espa%C3%B1a%2C%20Inglaterra%2C%20Noruega%2C%20Finlandia%20%C2%A1y%20muchos%20m%C3%A1s!%22%7D%2C%7B%22ac_title%22%3A%229.%20%C2%BFCu%C3%A1l%20es%20el%20plazo%20de%20entrega%20de%20las%20orugas%20de%20goma%3F%22%2C%22ac_content%22%3A%22Para%20asegurarnos%20de%20que%20siempre%20est%C3%A9%20satisfecho%2C%20%3Cstrong%3Etrabajamos%20con%20usted%20para%20elegir%20el%20transportista%20adecuado%20a%20sus%20necesidades%3C%2Fstrong%3E.%3C%2Fstrong%3E%20%5CnPara%20los%20pedidos%20peque%C3%B1os%20de%20orugas%20de%20goma%2C%20la%20entrega%20se%20realiza%20por%20mensajer%C3%ADa%20urgente%20en%20un%20plazo%20de%2048%20horas%20en%20Francia%2C%20Alemania%2C%20Espa%C3%B1a%20y%20B%C3%A9lgica.%3C%2Fstrong%3E%5CnPara%20los%20pedidos%20de%20camiones%20completos%20o%20contenedores%2C%20el%20plazo%20de%20entrega%20se%20acuerda%20con%20usted%20en%20funci%C3%B3n%20de%20sus%20necesidades%20y%20sus%20posibilidades%20log%C3%ADsticas.%5CnNo%20dude%20en%20%3Cstrong%3E%3Ca%20href%3D%5C%22https%3A%2F%2Fminitop.it%2Fes%2Fcontactar-es%2F%5C%22%3Ep%C3%B3ngase%20en%20contacto%20con%20nosotros%20si%20tiene%20alg%C3%BAn%20requisito%20espec%C3%ADfico%3C%2Fa%3E%3C%2Fstrong%3E%20y%20le%20informaremos%20de%20lo%20que%20podemos%20hacer%20por%20su%20pedido.%22%7D%2C%7B%22ac_title%22%3A%2210.%20%C2%BFEs%20posible%20entregar%20las%20v%C3%ADas%20directamente%20en%20el%20lugar%20de%20trabajo%3F%22%2C%22ac_content%22%3A%22Por%20supuesto.%20%5CnNosotros%20nos%20encargamos%20de%20%3Cstrong%3Eentrega%20de%20sus%20nuevas%20orugas%20de%20goma%20directamente%20en%20su%20lugar%20de%20trabajo%3C%2Fstrong%3E%20para%20que%20su%20equipo%20pueda%20volver%20al%20trabajo%20lo%20antes%20posible.%5CnS%C3%B3lo%20tiene%20que%20especificarlo%20al%20hacer%20el%20pedido%20con%20su%20%3Cstrong%3E%3Ca%20href%3D%5C%22https%3A%2F%2Fminitop.it%2Fes%2Fcontactar-es%2F%5C%22%3Easesor%20comercial%3C%2Fa%3E%3C%2Fstrong%3E%2C%20indicando%20la%20direcci%C3%B3n%20exacta%20de%20la%20obra%20y%20el%20contacto%20autorizado%20para%20recibir%20las%20v%C3%ADas%20in%20situ.%5Cn%22%7D%5D&#8221; theme_custom_fonts=&#8221;poppin-semibold&#8221; custom_fonts=&#8221;true&#8221; google_fonts=&#8221;font_family:Prociono%3Aregular|font_style:400%20regular%3A400%3Anormal&#8221; font_size=&#8221;17&#8243; active_section=&#8221;1&#8243; animation=&#8221;none&#8221;][ct_space space_lg=&#8221;90&#8243; space_md=&#8221;90&#8243; space_sm=&#8221;70&#8243; space_xs=&#8221;70&#8243;][\/vc_column][\/vc_row][vc_row content_placement=&#8221;middle&#8221;][vc_column width=&#8221;1\/6&#8243;][\/vc_column][vc_column width=&#8221;2\/3&#8243;][ct_heading text=&#8221;\u00bfNecesita ayuda y consejo?&#8221; align_lg=&#8221;align-center&#8221; align_md=&#8221;center&#8221; align_sm=&#8221;align-center-sm&#8221; align_xs=&#8221;align-center-xs&#8221; font_size=&#8221;35&#8243; font_size_md=&#8221;35&#8243; font_size_sm=&#8221;35&#8243; font_size_xs=&#8221;35&#8243; line_height=&#8221;45&#8243; line_height_md=&#8221;45&#8243; line_height_sm=&#8221;45&#8243; line_height_xs=&#8221;45&#8243; font_weight=&#8221;500&#8243; font_style=&#8221;&#8221; theme_custom_fonts=&#8221;poppin-medium&#8221; subtitle=&#8221;El equipo Minitop est\u00e1 a su servicio&#8221; description=&#8221;No dude en ponerse en contacto con nosotros si necesita m\u00e1s informaci\u00f3n sobre las orugas de goma para miniexcavadoras. Estaremos encantados de ayudarle.&#8221; des_font_weight=&#8221;&#8221; margin_bottom=&#8221;20&#8243;][ct_space space_lg=&#8221;55&#8243; space_md=&#8221;55&#8243; space_sm=&#8221;55&#8243; space_xs=&#8221;55&#8243;][ct_button button_text=&#8221;Contacto&#8221; button_link=&#8221;url:https%3A%2F%2Fminitop.it%2Fes%2Fcontactar-es%2F|title:Contacto&#8221; align_lg=&#8221;align-center&#8221; align_md=&#8221;align-center-md&#8221; align_sm=&#8221;align-center-sm&#8221; align_xs=&#8221;align-center-xs&#8221;][ct_space space_lg=&#8221;55&#8243; space_md=&#8221;55&#8243; space_sm=&#8221;55&#8243; space_xs=&#8221;55&#8243;][\/vc_column][vc_column width=&#8221;1\/6&#8243;][\/vc_column][\/vc_row]<\/p>\n<\/div>","protected":false},"excerpt":{"rendered":"<p>[vc_row][vc_column css=&#8221;.vc_custom_1573062026478{padding-top: 0px !important;}&#8221;][ct_space space_lg=&#8221;75&#8243; space_md=&#8221;75&#8243; space_sm=&#8221;60&#8243; space_xs=&#8221;60&#8243;][\/vc_column][\/vc_row][vc_row][vc_column width=&#8221;1\/6&#8243;][\/vc_column][vc_column width=&#8221;2\/3&#8243;][ct_heading text=&#8221;10 preguntas para averiguar todo lo que necesitas saber sobre las orugas de goma y Minitop.&#8221; align_lg=&#8221;align-center&#8221; align_md=&#8221;center&#8221; align_sm=&#8221;align-center-sm&#8221; align_xs=&#8221;align-center-xs&#8221; font_size=&#8221;35&#8243; font_size_md=&#8221;35&#8243; font_size_sm=&#8221;35&#8243; font_size_xs=&#8221;35&#8243; line_height=&#8221;45&#8243; line_height_md=&#8221;45&#8243; line_height_sm=&#8221;45&#8243; line_height_xs=&#8221;45&#8243; font_weight=&#8221;500&#8243; font_style=&#8221;&#8221; theme_custom_fonts=&#8221;poppin-medium&#8221; subtitle=&#8221;Preguntas frecuentes&#8221; description=&#8221;Aqu\u00ed hemos recopilado las respuestas a las preguntas m\u00e1s frecuentes de nuestros [&hellip;]<\/p>\n","protected":false},"author":1,"featured_media":0,"parent":0,"menu_order":0,"comment_status":"closed","ping_status":"closed","template":"","meta":{"_themeisle_gutenberg_block_has_review":false,"footnotes":""},"class_list":["post-13322","page","type-page","status-publish","hentry"],"yoast_head":"<!-- This site is optimized with the Yoast SEO plugin v22.2 - https:\/\/yoast.com\/wordpress\/plugins\/seo\/ -->\n<title>Preguntas frecuentes oruga de goma - Minitop<\/title>\n<meta name=\"description\" content=\"Respuestas a todas sus preguntas sobre orugas de goma para miniexcavadoras \u00bfC\u00f3mo se mide una oruga? Y mucho m\u00e1s.\" \/>\n<meta name=\"robots\" content=\"index, follow, max-snippet:-1, max-image-preview:large, max-video-preview:-1\" \/>\n<link rel=\"canonical\" href=\"https:\/\/minitop.it\/es\/preguntas-frecuentes-oruga-de-goma\/\" \/>\n<meta property=\"og:locale\" content=\"es_ES\" \/>\n<meta property=\"og:type\" content=\"article\" \/>\n<meta property=\"og:title\" content=\"Preguntas frecuentes oruga de goma - Minitop\" \/>\n<meta property=\"og:description\" content=\"Respuestas a todas sus preguntas sobre orugas de goma para miniexcavadoras \u00bfC\u00f3mo se mide una oruga? Y mucho m\u00e1s.\" \/>\n<meta property=\"og:url\" content=\"https:\/\/minitop.it\/es\/preguntas-frecuentes-oruga-de-goma\/\" \/>\n<meta property=\"og:site_name\" content=\"Minitop\" \/>\n<meta property=\"article:publisher\" content=\"https:\/\/www.facebook.com\/minitopsrl\" \/>\n<meta property=\"article:modified_time\" content=\"2023-08-30T14:23:42+00:00\" \/>\n<meta name=\"twitter:card\" content=\"summary_large_image\" \/>\n<meta name=\"twitter:label1\" content=\"Tiempo de lectura\" \/>\n\t<meta name=\"twitter:data1\" content=\"1 minuto\" \/>\n<script type=\"application\/ld+json\" class=\"yoast-schema-graph\">{\"@context\":\"https:\/\/schema.org\",\"@graph\":[{\"@type\":\"WebPage\",\"@id\":\"https:\/\/minitop.it\/es\/preguntas-frecuentes-oruga-de-goma\/\",\"url\":\"https:\/\/minitop.it\/es\/preguntas-frecuentes-oruga-de-goma\/\",\"name\":\"Preguntas frecuentes oruga de goma - Minitop\",\"isPartOf\":{\"@id\":\"https:\/\/minitop.it\/#website\"},\"datePublished\":\"2022-04-15T09:52:47+00:00\",\"dateModified\":\"2023-08-30T14:23:42+00:00\",\"description\":\"Respuestas a todas sus preguntas sobre orugas de goma para miniexcavadoras \u00bfC\u00f3mo se mide una oruga? Y mucho m\u00e1s.\",\"breadcrumb\":{\"@id\":\"https:\/\/minitop.it\/es\/preguntas-frecuentes-oruga-de-goma\/#breadcrumb\"},\"inLanguage\":\"es\",\"potentialAction\":[{\"@type\":\"ReadAction\",\"target\":[\"https:\/\/minitop.it\/es\/preguntas-frecuentes-oruga-de-goma\/\"]}]},{\"@type\":\"BreadcrumbList\",\"@id\":\"https:\/\/minitop.it\/es\/preguntas-frecuentes-oruga-de-goma\/#breadcrumb\",\"itemListElement\":[{\"@type\":\"ListItem\",\"position\":1,\"name\":\"Home\",\"item\":\"https:\/\/minitop.it\/es\/\"},{\"@type\":\"ListItem\",\"position\":2,\"name\":\"Preguntas frecuentes oruga de goma\"}]},{\"@type\":\"WebSite\",\"@id\":\"https:\/\/minitop.it\/#website\",\"url\":\"https:\/\/minitop.it\/\",\"name\":\"Minitop\",\"description\":\"Primer fabricante europeo de orugas de caucho\",\"publisher\":{\"@id\":\"https:\/\/minitop.it\/#organization\"},\"potentialAction\":[{\"@type\":\"SearchAction\",\"target\":{\"@type\":\"EntryPoint\",\"urlTemplate\":\"https:\/\/minitop.it\/?s={search_term_string}\"},\"query-input\":\"required name=search_term_string\"}],\"inLanguage\":\"es\"},{\"@type\":\"Organization\",\"@id\":\"https:\/\/minitop.it\/#organization\",\"name\":\"Minitop\",\"url\":\"https:\/\/minitop.it\/\",\"logo\":{\"@type\":\"ImageObject\",\"inLanguage\":\"es\",\"@id\":\"https:\/\/minitop.it\/#\/schema\/logo\/image\/\",\"url\":\"https:\/\/minitop.it\/wp-content\/uploads\/2022\/04\/cropped-logominitoptr.png\",\"contentUrl\":\"https:\/\/minitop.it\/wp-content\/uploads\/2022\/04\/cropped-logominitoptr.png\",\"width\":512,\"height\":512,\"caption\":\"Minitop\"},\"image\":{\"@id\":\"https:\/\/minitop.it\/#\/schema\/logo\/image\/\"},\"sameAs\":[\"https:\/\/www.facebook.com\/minitopsrl\",\"https:\/\/www.linkedin.com\/company\/gruppominitopsrl\/\",\"https:\/\/www.youtube.com\/channel\/UC4SxXfoXCpelUKZa-ui9vuA\/featured?cbrd=1\"]}]}<\/script>\n<!-- \/ Yoast SEO plugin. -->","yoast_head_json":{"title":"Preguntas frecuentes oruga de goma - Minitop","description":"Respuestas a todas sus preguntas sobre orugas de goma para miniexcavadoras \u00bfC\u00f3mo se mide una oruga? Y mucho m\u00e1s.","robots":{"index":"index","follow":"follow","max-snippet":"max-snippet:-1","max-image-preview":"max-image-preview:large","max-video-preview":"max-video-preview:-1"},"canonical":"https:\/\/minitop.it\/es\/preguntas-frecuentes-oruga-de-goma\/","og_locale":"es_ES","og_type":"article","og_title":"Preguntas frecuentes oruga de goma - Minitop","og_description":"Respuestas a todas sus preguntas sobre orugas de goma para miniexcavadoras \u00bfC\u00f3mo se mide una oruga? Y mucho m\u00e1s.","og_url":"https:\/\/minitop.it\/es\/preguntas-frecuentes-oruga-de-goma\/","og_site_name":"Minitop","article_publisher":"https:\/\/www.facebook.com\/minitopsrl","article_modified_time":"2023-08-30T14:23:42+00:00","twitter_card":"summary_large_image","twitter_misc":{"Tiempo de lectura":"1 minuto"},"schema":{"@context":"https:\/\/schema.org","@graph":[{"@type":"WebPage","@id":"https:\/\/minitop.it\/es\/preguntas-frecuentes-oruga-de-goma\/","url":"https:\/\/minitop.it\/es\/preguntas-frecuentes-oruga-de-goma\/","name":"Preguntas frecuentes oruga de goma - Minitop","isPartOf":{"@id":"https:\/\/minitop.it\/#website"},"datePublished":"2022-04-15T09:52:47+00:00","dateModified":"2023-08-30T14:23:42+00:00","description":"Respuestas a todas sus preguntas sobre orugas de goma para miniexcavadoras \u00bfC\u00f3mo se mide una oruga? Y mucho m\u00e1s.","breadcrumb":{"@id":"https:\/\/minitop.it\/es\/preguntas-frecuentes-oruga-de-goma\/#breadcrumb"},"inLanguage":"es","potentialAction":[{"@type":"ReadAction","target":["https:\/\/minitop.it\/es\/preguntas-frecuentes-oruga-de-goma\/"]}]},{"@type":"BreadcrumbList","@id":"https:\/\/minitop.it\/es\/preguntas-frecuentes-oruga-de-goma\/#breadcrumb","itemListElement":[{"@type":"ListItem","position":1,"name":"Home","item":"https:\/\/minitop.it\/es\/"},{"@type":"ListItem","position":2,"name":"Preguntas frecuentes oruga de goma"}]},{"@type":"WebSite","@id":"https:\/\/minitop.it\/#website","url":"https:\/\/minitop.it\/","name":"Minitop","description":"Primer fabricante europeo de orugas de caucho","publisher":{"@id":"https:\/\/minitop.it\/#organization"},"potentialAction":[{"@type":"SearchAction","target":{"@type":"EntryPoint","urlTemplate":"https:\/\/minitop.it\/?s={search_term_string}"},"query-input":"required name=search_term_string"}],"inLanguage":"es"},{"@type":"Organization","@id":"https:\/\/minitop.it\/#organization","name":"Minitop","url":"https:\/\/minitop.it\/","logo":{"@type":"ImageObject","inLanguage":"es","@id":"https:\/\/minitop.it\/#\/schema\/logo\/image\/","url":"https:\/\/minitop.it\/wp-content\/uploads\/2022\/04\/cropped-logominitoptr.png","contentUrl":"https:\/\/minitop.it\/wp-content\/uploads\/2022\/04\/cropped-logominitoptr.png","width":512,"height":512,"caption":"Minitop"},"image":{"@id":"https:\/\/minitop.it\/#\/schema\/logo\/image\/"},"sameAs":["https:\/\/www.facebook.com\/minitopsrl","https:\/\/www.linkedin.com\/company\/gruppominitopsrl\/","https:\/\/www.youtube.com\/channel\/UC4SxXfoXCpelUKZa-ui9vuA\/featured?cbrd=1"]}]}},"_links":{"self":[{"href":"https:\/\/minitop.it\/es\/wp-json\/wp\/v2\/pages\/13322","targetHints":{"allow":["GET"]}}],"collection":[{"href":"https:\/\/minitop.it\/es\/wp-json\/wp\/v2\/pages"}],"about":[{"href":"https:\/\/minitop.it\/es\/wp-json\/wp\/v2\/types\/page"}],"author":[{"embeddable":true,"href":"https:\/\/minitop.it\/es\/wp-json\/wp\/v2\/users\/1"}],"replies":[{"embeddable":true,"href":"https:\/\/minitop.it\/es\/wp-json\/wp\/v2\/comments?post=13322"}],"version-history":[{"count":0,"href":"https:\/\/minitop.it\/es\/wp-json\/wp\/v2\/pages\/13322\/revisions"}],"wp:attachment":[{"href":"https:\/\/minitop.it\/es\/wp-json\/wp\/v2\/media?parent=13322"}],"curies":[{"name":"wp","href":"https:\/\/api.w.org\/{rel}","templated":true}]}}