
{"id":13242,"date":"2022-04-14T11:36:32","date_gmt":"2022-04-14T09:36:32","guid":{"rendered":"http:\/\/minitop.it\/aviso-legal-y-politica-de-privacidad\/"},"modified":"2023-01-10T10:40:41","modified_gmt":"2023-01-10T09:40:41","slug":"aviso-legal-y-politica-de-privacidad","status":"publish","type":"page","link":"https:\/\/minitop.it\/es\/aviso-legal-y-politica-de-privacidad\/","title":{"rendered":"Aviso Legal y Pol\u00edtica de Privacidad"},"content":{"rendered":"\n<h2 class=\"wp-block-heading\"><strong>1- AVISOS LEGALES<\/strong><\/h2>\n\n\n\n<p><strong>Nombre del sitio web:<\/strong> Minitop.it<\/p>\n\n\n\n<p><strong>Direcci\u00f3n:<\/strong> <a href=\"https:\/\/www.alpinum.io\">Minitop.it<\/a><\/p>\n\n\n\n<p><strong>Propietario:<\/strong> Minitop ubicada en Strada Europa, 39 &#8211; 10060 Bricherasio (TO) Italia<\/p>\n\n\n\n<p><strong>Responsable de la publicaci\u00f3n<\/strong> : El gerente de Minitop<\/p>\n\n\n\n<p><strong>Dise\u00f1o y producci\u00f3n:<\/strong> Minitop.it<\/p>\n\n\n\n<p><strong>Hosting:<\/strong> <a href=\"https:\/\/www.logicanetwork.it\/\" target=\"_blank\" rel=\"noreferrer noopener\">Logica Network<\/a> Via Emilio De Marchi 22, 10148 Torino<\/p>\n\n\n\n<p><a href=\"mailto:info@logicanetwork.it\">info@logicanetwork.it<\/a><\/p>\n\n\n\n<h2 class=\"wp-block-heading\"><strong>2- POL\u00cdTICA DE PRIVACIDAD<\/strong><\/h2>\n\n\n\n<h3 class=\"wp-block-heading\"><strong>2-1 Responsabilidad<\/strong><\/h3>\n\n\n\n<p>El administrador de la empresa Minitop (en adelante \u201cLa empresa Minitop\u201d) se compromete a realizar sus mejores esfuerzos para que los usuarios tengan acceso al sitio en todo momento. Sin embargo, no se hace responsable en caso de indisponibilidad del sitio, por cualquier motivo.<\/p>\n\n\n\n<p>El usuario del sitio reconoce haber le\u00eddo este aviso informativo y se compromete a respetarlo.<\/p>\n\n\n\n<p>El usuario reconoce disponer de las competencias y medios necesarios para acceder al sitio y utilizarlo, y reconoce haber verificado que la configuraci\u00f3n inform\u00e1tica utilizada no contiene ning\u00fan virus y que se encuentra en perfecto estado de funcionamiento.<\/p>\n\n\n\n<p>La informaci\u00f3n proporcionada por Minitop es solo indicativa. Minitop no puede garantizar la exactitud e integridad de la informaci\u00f3n difundida en su sitio o la permanencia de su correcto funcionamiento o su total seguridad inform\u00e1tica.<\/p>\n\n\n\n<p>Minitop hace todo lo posible para proporcionar a los usuarios informaci\u00f3n y herramientas disponibles y verificadas, pero no se hace responsable por errores, falta de disponibilidad de informaci\u00f3n y\/o la presencia de virus u otras infecciones de l\u00f3gica en su sitio.<\/p>\n\n\n\n<p>El usuario reconoce utilizar la informaci\u00f3n y las herramientas disponibles en el sitio bajo su exclusiva responsabilidad.<\/p>\n\n\n\n<h3 class=\"wp-block-heading\"><strong>2-2 Protecci\u00f3n de datos personales<\/strong><\/h3>\n\n\n\n<p>De conformidad con la ley n\u00b0 78-17 del 6 de enero de 1978 relativa al tratamiento de datos, archivos y libertades modificada y el Reglamento General de Protecci\u00f3n de Datos (en adelante el &#8220;RGPD&#8221;), la empresa Minitop informa a los visitantes y usuarios en lo sucesivo la &#8220;Usuario(s)&#8221;) que implementa un procesamiento de datos personales que le conciernen durante su navegaci\u00f3n en el sitio www.Minitop.it (en adelante, el &#8220;Sitio&#8221;). El tratamiento de datos personales implementado en el marco del Sitio est\u00e1 incluido en la lista de tratamientos realizados por Minitop.<\/p>\n\n\n\n<p>La pol\u00edtica de protecci\u00f3n de datos personales podr\u00e1 ser modificada, completada o actualizada para cumplir con las novedades legales, reglamentarias, jurisprudenciales y t\u00e9cnicas. No obstante, los Datos Personales del Usuario siempre ser\u00e1n tratados de conformidad con la pol\u00edtica vigente en el momento de su recogida, salvo que un requisito legal imperativo disponga lo contrario y se aplicar\u00eda con car\u00e1cter retroactivo.<\/p>\n\n\n\n<p><strong>Responsable del tratamiento de datos personales<\/strong><\/p>\n\n\n\n<p>El responsable del tratamiento de los Datos Personales por los datos recogidos a trav\u00e9s de los formularios disponibles en el sitio web www.Minitop.it es el administrador de la empresa Minitop.<\/p>\n\n\n\n<p><strong>Recogida y origen de los datos<\/strong><\/p>\n\n\n\n<p>Todos los datos relativos a los Usuarios se recopilan directamente de ellos.<\/p>\n\n\n\n<p>Minitop se compromete a obtener el consentimiento de sus Usuarios y\/o permitirles oponerse al uso de sus datos para determinados fines, tan pronto como sea necesario.<\/p>\n\n\n\n<p>En todo caso, los Usuarios son informados de las finalidades para las que se recogen sus datos a trav\u00e9s de los distintos formularios online de recogida de datos y de la pol\u00edtica de gesti\u00f3n de cookies que se detalla a continuaci\u00f3n.<\/p>\n\n\n\n<p><strong>Necesidad y finalidades de la recogida<\/strong><\/p>\n\n\n\n<p>El tratamiento implementado por Minitop responde a una finalidad expl\u00edcita, leg\u00edtima y determinada. Minitop asegura que solo recopila y procesa los datos que son estrictamente necesarios para el prop\u00f3sito para el cual son procesados (minimizaci\u00f3n de datos).<\/p>\n\n\n\n<p>Los datos comunicados por el Usuario a trav\u00e9s de los formularios disponibles en el Sitio son tratados con las siguientes finalidades:<\/p>\n\n\n\n<ul class=\"wp-block-list\">\n<li>Gesti\u00f3n de contactos con Minitop a trav\u00e9s del sitio web www.Minitop.it<\/li>\n<\/ul>\n\n\n\n<p><strong>Tipo de datos tratados<\/strong><\/p>\n\n\n\n<p>Es probable que Minitop procese, como Controlador de datos:<\/p>\n\n\n\n<ul class=\"wp-block-list\">\n<li>Para permitir la realizaci\u00f3n de citas y solicitudes de informaci\u00f3n de la asociaci\u00f3n a trav\u00e9s del Sitio: www.Minitop.it\/contact\/<\/li>\n\n\n\n<li>Para permitir la navegaci\u00f3n en el Sitio: datos de conexi\u00f3n y uso del sitio<\/li>\n\n\n\n<li>Para realizar campa\u00f1as de comunicaci\u00f3n: direcci\u00f3n de correo electr\u00f3nico<\/li>\n<\/ul>\n\n\n\n<p><strong>Destinatarios de datos<\/strong><\/p>\n\n\n\n<p>La informaci\u00f3n comunicada por el usuario a trav\u00e9s de los formularios disponibles en el sitio est\u00e1 destinada exclusivamente al personal autorizado de Minitop, para fines de gesti\u00f3n administrativa y comercial.<\/p>\n\n\n\n<p><strong>Retenci\u00f3n de datos<\/strong><\/p>\n\n\n\n<p>Minitop solo conserva sus datos durante el tiempo necesario para las operaciones para las que fueron recopilados y en cumplimiento de la legislaci\u00f3n vigente.<\/p>\n\n\n\n<p><strong>Seguridad<\/strong><\/p>\n\n\n\n<p>Minitop SRL implementa todas las medidas t\u00e9cnicas y organizativas para garantizar la seguridad del procesamiento de datos personales y la confidencialidad de los Datos Personales.<\/p>\n\n\n\n<p>Como tal, Minitop toma todas las precauciones necesarias, con respecto a la naturaleza de los datos y los riesgos presentados por el procesamiento, para preservar la seguridad de los datos y, en particular, para evitar que sean distorsionados, da\u00f1ados o da\u00f1ados. que terceros no autorizados tengan acceso a ella (protecci\u00f3n f\u00edsica del local, procesos de autenticaci\u00f3n con acceso personal y seguro mediante identificadores y contrase\u00f1as confidenciales, registro de conexiones, cifrado de determinados datos, etc.).<\/p>\n\n\n\n<p><strong>Tus derechos<\/strong><\/p>\n\n\n\n<p>En aplicaci\u00f3n de la normativa de Protecci\u00f3n de Datos y de la normativa europea vigente, usted tiene derecho de acceso (art\u00edculo 15 RGPD) y rectificaci\u00f3n (art\u00edculo 16 RGPD), actualizaci\u00f3n, exhaustividad de sus datos \u2013 derecho a bloquear o borrar sus datos personales (art\u00edculo 17 del RGPD), cuando sean inexactos, incompletos, ambiguos, desactualizados, o cuya recopilaci\u00f3n, uso, comunicaci\u00f3n o almacenamiento est\u00e9 prohibido \u2013 derecho a retirar el consentimiento en cualquier momento (art\u00edculo 13-2c RGPD) \u2013 derecho a la limitaci\u00f3n del tratamiento de datos ( art\u00edculo 18 RGPD) \u2013 derecho a oponerse al tratamiento de datos (art\u00edculo 21 RGPD) \u2013 derecho a la portabilidad de los datos que haya facilitado, cuando estos datos sean objeto de tratamiento automatizado en base a su consentimiento o en un contrato (art\u00edculo 20 RGPD) \u2013 derecho definir el destino de sus datos en caso de fallecimiento y elegir a qui\u00e9n La empresa Minitop deber\u00e1 comunicarlos (o no).<\/p>\n\n\n\n<p>Cada vez que la empresa procesa Datos personales, toma todas las medidas razonables para garantizar la exactitud y relevancia de los Datos personales con respecto a los fines para los que los procesa.<\/p>\n\n\n\n<p>Si desea saber c\u00f3mo Minitop utiliza sus Datos Personales, solicitar rectificarlos u oponerse a su procesamiento, puede comunicarse con el Presidente por escrito a la direcci\u00f3n postal de Minitop o por correo electr\u00f3nico a contact@Minitop .it. En este caso, deber\u00e1 indicar los Datos Personales que desea que la empresa corrija, actualice o elimine, identific\u00e1ndose con precisi\u00f3n. Las solicitudes de supresi\u00f3n de Datos Personales estar\u00e1n sujetas a las obligaciones impuestas a la empresa por la ley, en particular en lo que respecta a la conservaci\u00f3n o archivo de documentos. Finalmente, puede presentar una queja ante las autoridades de control, y en particular ante la CNIL ( <a href=\"https:\/\/www.cnil.fr\/fr\/plaintes\">https:\/\/www.cnil.fr\/fr\/plaintes<\/a> )<\/p>\n\n\n\n<h3 class=\"wp-block-heading\"><strong>2-3- Pol\u00edtica de cookies<\/strong><\/h3>\n\n\n\n<p>Una &#8220;cookie&#8221; es un peque\u00f1o archivo de informaci\u00f3n enviado al navegador del Usuario y guardado en el terminal del Usuario (por ejemplo, computadora, tel\u00e9fono inteligente) (en adelante, &#8220;Cookies&#8221;). Es utilizado por el sitio para enviar informaci\u00f3n al navegador del Usuario para que este \u00faltimo devuelva informaci\u00f3n al Sitio (por ejemplo, un identificador de sesi\u00f3n, la elecci\u00f3n de un idioma o una fecha).<\/p>\n\n\n\n<p>Existen diferentes tipos de cookies:<\/p>\n\n\n\n<ul class=\"wp-block-list\">\n<li>Cookies de sesi\u00f3n que desaparecen tan pronto como abandona el sitio;<\/li>\n\n\n\n<li>Cookies permanentes que permanecen en su dispositivo hasta que expira su vida \u00fatil o hasta que las elimine utilizando las funciones de su navegador.<\/li>\n<\/ul>\n\n\n\n<p>Las cookies utilizadas en el Sitio son cookies de terceros elegidas exclusivamente con el prop\u00f3sito de:<\/p>\n\n\n\n<ul class=\"wp-block-list\">\n<li>analizar la frecuentaci\u00f3n y el uso que se hace del Sitio a trav\u00e9s de los servicios<\/li>\n\n\n\n<li>reconozca su navegador como el de un visitante anterior para guardar las preferencias que determin\u00f3 durante su visita anterior al sitio<\/li>\n\n\n\n<li>medir y estudiar la efectividad de nuestro contenido en l\u00ednea y sus caracter\u00edsticas<\/li>\n<\/ul>\n\n\n\n<p>Relaci\u00f3n de terceros y enlace a sus avisos legales y pol\u00edtica de privacidad de datos:<\/p>\n\n\n\n<ul class=\"wp-block-list\">\n<li>Hotjar: <a href=\"https:\/\/www.hotjar.com\/legal\/policies\/cookie-information\">https:\/\/www.hotjar.com\/legal\/policies\/cookie-information<\/a><\/li>\n\n\n\n<li>Google Analytics: <a href=\"https:\/\/policies.google.com\/privacy#infocollect\">https:\/\/policies.google.com\/privacy#infocollect<\/a><\/li>\n<\/ul>\n\n\n\n<p>Tiene la opci\u00f3n de aceptar o rechazar la instalaci\u00f3n de las cookies utilizadas por el Sitio mediante la configuraci\u00f3n de su navegador. Para la gesti\u00f3n de las Cookies y de las elecciones del Usuario, la configuraci\u00f3n de cada navegador es diferente. Se describe en el men\u00fa de ayuda del navegador, que le permitir\u00e1 saber c\u00f3mo el Usuario puede modificar sus deseos en materia de Cookies.<\/p>\n\n\n\n<p>Sin embargo, le informamos que al configurar su navegador para que rechace las cookies, es posible que ya no se pueda acceder a ciertas funciones, p\u00e1ginas y \u00e1reas del sitio. Si es necesario, la empresa declina toda responsabilidad por las consecuencias vinculadas al funcionamiento degradado del Sitio.<\/p>\n\n\n\n<p>Tambi\u00e9n llamamos su atenci\u00f3n sobre el hecho de que, cuando se opone a la instalaci\u00f3n o uso de una cookie, se instala una cookie de rechazo en su equipo terminal. Si elimina esta cookie de rechazo, ya no ser\u00e1 posible identificarlo como que ha rechazado el uso de cookies. Del mismo modo, cuando consientes la instalaci\u00f3n de cookies, se instala una cookie de consentimiento. Las cookies de consentimiento o rechazo deben permanecer en su equipo terminal.<\/p>\n\n\n\n<h3 class=\"wp-block-heading\"><strong>2-4- Redes Sociales<\/strong><\/h3>\n\n\n\n<p>Minitop no utiliza enlaces a redes sociales para este sitio web.<\/p>\n\n\n\n<h3 class=\"wp-block-heading\"><strong>2-5- Uso conforme del sitio<\/strong><\/h3>\n\n\n\n<p>El usuario del sitio est\u00e1 obligado a cumplir con las disposiciones de la ley n\u00b0 78-17 relativa al procesamiento de datos, archivos y libertades del 6 de enero de 1978 y sus modificaciones, cuya violaci\u00f3n est\u00e1 sujeta a sanciones penales. En particular, deber\u00e1 abstenerse de toda recogida, todo uso indebido y, en general, todo acto susceptible de vulnerar la intimidad o la reputaci\u00f3n de las personas.<\/p>\n\n\n\n<h3 class=\"wp-block-heading\"><strong>2-6- Propiedad intelectual<\/strong><\/h3>\n\n\n\n<p>El sitio www.Minitop.it en su conjunto, as\u00ed como cada uno de los elementos que lo componen tomados de forma independiente, en particular, los programas y desarrollos espec\u00edficos y los contenidos, incluidos datos, textos, im\u00e1genes fijas o animadas, logotipos, sonidos, gr\u00e1ficos , archivos, son propiedad exclusiva de la empresa o de terceros que le han otorgado licencia.<\/p>\n\n\n\n<p>Cualquier representaci\u00f3n total o parcial del sitio o de uno de sus componentes sin la autorizaci\u00f3n expresa de Minitop est\u00e1 prohibida y constituye una infracci\u00f3n sancionada por los art\u00edculos L.335-2 y siguientes del C\u00f3digo de Propiedad Intelectual.<\/p>\n\n\n\n<p>Las bases de datos que aparecen en el sitio est\u00e1n protegidas por los art\u00edculos L.341-1 y siguientes del C\u00f3digo de la Propiedad Intelectual y se sanciona cualquier extracci\u00f3n o reutilizaci\u00f3n cualitativa o cuantitativamente sustancial del contenido de las bases de datos.<\/p>\n\n\n\n<p>Las marcas y logotipos que aparecen en el sitio son marcas registradas por Minitop o por terceros. Cualquier reproducci\u00f3n, imitaci\u00f3n o uso, total o parcial, de estos signos distintivos sin la autorizaci\u00f3n expresa y en violaci\u00f3n de las prohibiciones previstas en los art\u00edculos L.713-2 y siguientes del C\u00f3digo de Propiedad Intelectual compromete la responsabilidad de su autor.<\/p>\n\n\n\n<p>Los dem\u00e1s signos distintivos, en particular las denominaciones sociales, los nombres comerciales, los signos, los nombres de dominio reproducidos en el sitio son propiedad de la empresa o de terceros y cualquier reproducci\u00f3n sin autorizaci\u00f3n expresa puede constituir una usurpaci\u00f3n que comprometa la responsabilidad de su autor sobre el base del art\u00edculo 1240 del C\u00f3digo Civil.<\/p>\n\n\n\n<h3 class=\"wp-block-heading\"><strong>2-7- Enlaces<\/strong><\/h3>\n\n\n\n<p>Minitop se reserva el derecho de eliminar los enlaces ofrecidos por su sitio a un sitio de un tercero si este \u00faltimo se vuelve contrario a los principios esenciales de su profesi\u00f3n y los valores de la empresa.<\/p>\n\n\n\n<p>Los usuarios del sitio no pueden establecer un enlace profundo a este sitio sin la autorizaci\u00f3n previa por escrito de Minitop.<\/p>\n\n\n\n<h3 class=\"wp-block-heading\"><strong>2-8- Modificaci\u00f3n<\/strong><\/h3>\n\n\n\n<p>Minitop se reserva el derecho de modificar el contenido de este aviso en cualquier momento y sin previo aviso. Por lo tanto, se invita al usuario a consultarlo peri\u00f3dicamente.<\/p>\n\n\n\n<h2 class=\"wp-block-heading\"><strong>\u00bfNecesita ayuda para entender mejor estos avisos legales?<\/strong><\/h2>\n\n\n\n<p>Puede contactarnos y enviarnos sus preguntas por correo electr\u00f3nico: <a href=\"mailto:info@Minitop.it\">info@Minitop.it<\/a><\/p>\n","protected":false},"excerpt":{"rendered":"<p>1- AVISOS LEGALES Nombre del sitio web: Minitop.it Direcci\u00f3n: Minitop.it Propietario: Minitop ubicada en Strada Europa, 39 &#8211; 10060 Bricherasio (TO) Italia Responsable de la publicaci\u00f3n : El gerente de Minitop Dise\u00f1o y producci\u00f3n: Minitop.it Hosting: Logica Network Via Emilio De Marchi 22, 10148 Torino info@logicanetwork.it 2- POL\u00cdTICA DE PRIVACIDAD 2-1 Responsabilidad El administrador de [&hellip;]<\/p>\n","protected":false},"author":1,"featured_media":0,"parent":0,"menu_order":0,"comment_status":"closed","ping_status":"closed","template":"","meta":{"_themeisle_gutenberg_block_has_review":false,"footnotes":""},"class_list":["post-13242","page","type-page","status-publish","hentry"],"yoast_head":"<!-- This site is optimized with the Yoast SEO plugin v22.2 - https:\/\/yoast.com\/wordpress\/plugins\/seo\/ -->\n<title>Aviso Legal y Pol\u00edtica de Privacidad - Minitop<\/title>\n<meta name=\"description\" content=\"Nuestro aviso legal y nuestra pol\u00edtica de privacidad le garantizan la seriedad de nuestra empresa de distribuci\u00f3n de orugas de goma.\" \/>\n<meta name=\"robots\" content=\"index, follow, max-snippet:-1, max-image-preview:large, max-video-preview:-1\" \/>\n<link rel=\"canonical\" href=\"https:\/\/minitop.it\/es\/aviso-legal-y-politica-de-privacidad\/\" \/>\n<meta property=\"og:locale\" content=\"es_ES\" \/>\n<meta property=\"og:type\" content=\"article\" \/>\n<meta property=\"og:title\" content=\"Aviso Legal y Pol\u00edtica de Privacidad - Minitop\" \/>\n<meta property=\"og:description\" content=\"Nuestro aviso legal y nuestra pol\u00edtica de privacidad le garantizan la seriedad de nuestra empresa de distribuci\u00f3n de orugas de goma.\" \/>\n<meta property=\"og:url\" content=\"https:\/\/minitop.it\/es\/aviso-legal-y-politica-de-privacidad\/\" \/>\n<meta property=\"og:site_name\" content=\"Minitop\" \/>\n<meta property=\"article:publisher\" content=\"https:\/\/www.facebook.com\/minitopsrl\" \/>\n<meta property=\"article:modified_time\" content=\"2023-01-10T09:40:41+00:00\" \/>\n<meta name=\"twitter:card\" content=\"summary_large_image\" \/>\n<meta name=\"twitter:label1\" content=\"Tiempo de lectura\" \/>\n\t<meta name=\"twitter:data1\" content=\"11 minutos\" \/>\n<script type=\"application\/ld+json\" class=\"yoast-schema-graph\">{\"@context\":\"https:\/\/schema.org\",\"@graph\":[{\"@type\":\"WebPage\",\"@id\":\"https:\/\/minitop.it\/es\/aviso-legal-y-politica-de-privacidad\/\",\"url\":\"https:\/\/minitop.it\/es\/aviso-legal-y-politica-de-privacidad\/\",\"name\":\"Aviso Legal y Pol\u00edtica de Privacidad - Minitop\",\"isPartOf\":{\"@id\":\"https:\/\/minitop.it\/#website\"},\"datePublished\":\"2022-04-14T09:36:32+00:00\",\"dateModified\":\"2023-01-10T09:40:41+00:00\",\"description\":\"Nuestro aviso legal y nuestra pol\u00edtica de privacidad le garantizan la seriedad de nuestra empresa de distribuci\u00f3n de orugas de goma.\",\"breadcrumb\":{\"@id\":\"https:\/\/minitop.it\/es\/aviso-legal-y-politica-de-privacidad\/#breadcrumb\"},\"inLanguage\":\"es\",\"potentialAction\":[{\"@type\":\"ReadAction\",\"target\":[\"https:\/\/minitop.it\/es\/aviso-legal-y-politica-de-privacidad\/\"]}]},{\"@type\":\"BreadcrumbList\",\"@id\":\"https:\/\/minitop.it\/es\/aviso-legal-y-politica-de-privacidad\/#breadcrumb\",\"itemListElement\":[{\"@type\":\"ListItem\",\"position\":1,\"name\":\"Home\",\"item\":\"https:\/\/minitop.it\/es\/\"},{\"@type\":\"ListItem\",\"position\":2,\"name\":\"Aviso Legal y Pol\u00edtica de Privacidad\"}]},{\"@type\":\"WebSite\",\"@id\":\"https:\/\/minitop.it\/#website\",\"url\":\"https:\/\/minitop.it\/\",\"name\":\"Minitop\",\"description\":\"Primer fabricante europeo de orugas de caucho\",\"publisher\":{\"@id\":\"https:\/\/minitop.it\/#organization\"},\"potentialAction\":[{\"@type\":\"SearchAction\",\"target\":{\"@type\":\"EntryPoint\",\"urlTemplate\":\"https:\/\/minitop.it\/?s={search_term_string}\"},\"query-input\":\"required name=search_term_string\"}],\"inLanguage\":\"es\"},{\"@type\":\"Organization\",\"@id\":\"https:\/\/minitop.it\/#organization\",\"name\":\"Minitop\",\"url\":\"https:\/\/minitop.it\/\",\"logo\":{\"@type\":\"ImageObject\",\"inLanguage\":\"es\",\"@id\":\"https:\/\/minitop.it\/#\/schema\/logo\/image\/\",\"url\":\"https:\/\/minitop.it\/wp-content\/uploads\/2022\/04\/cropped-logominitoptr.png\",\"contentUrl\":\"https:\/\/minitop.it\/wp-content\/uploads\/2022\/04\/cropped-logominitoptr.png\",\"width\":512,\"height\":512,\"caption\":\"Minitop\"},\"image\":{\"@id\":\"https:\/\/minitop.it\/#\/schema\/logo\/image\/\"},\"sameAs\":[\"https:\/\/www.facebook.com\/minitopsrl\",\"https:\/\/www.linkedin.com\/company\/gruppominitopsrl\/\",\"https:\/\/www.youtube.com\/channel\/UC4SxXfoXCpelUKZa-ui9vuA\/featured?cbrd=1\"]}]}<\/script>\n<!-- \/ Yoast SEO plugin. -->","yoast_head_json":{"title":"Aviso Legal y Pol\u00edtica de Privacidad - Minitop","description":"Nuestro aviso legal y nuestra pol\u00edtica de privacidad le garantizan la seriedad de nuestra empresa de distribuci\u00f3n de orugas de goma.","robots":{"index":"index","follow":"follow","max-snippet":"max-snippet:-1","max-image-preview":"max-image-preview:large","max-video-preview":"max-video-preview:-1"},"canonical":"https:\/\/minitop.it\/es\/aviso-legal-y-politica-de-privacidad\/","og_locale":"es_ES","og_type":"article","og_title":"Aviso Legal y Pol\u00edtica de Privacidad - Minitop","og_description":"Nuestro aviso legal y nuestra pol\u00edtica de privacidad le garantizan la seriedad de nuestra empresa de distribuci\u00f3n de orugas de goma.","og_url":"https:\/\/minitop.it\/es\/aviso-legal-y-politica-de-privacidad\/","og_site_name":"Minitop","article_publisher":"https:\/\/www.facebook.com\/minitopsrl","article_modified_time":"2023-01-10T09:40:41+00:00","twitter_card":"summary_large_image","twitter_misc":{"Tiempo de lectura":"11 minutos"},"schema":{"@context":"https:\/\/schema.org","@graph":[{"@type":"WebPage","@id":"https:\/\/minitop.it\/es\/aviso-legal-y-politica-de-privacidad\/","url":"https:\/\/minitop.it\/es\/aviso-legal-y-politica-de-privacidad\/","name":"Aviso Legal y Pol\u00edtica de Privacidad - Minitop","isPartOf":{"@id":"https:\/\/minitop.it\/#website"},"datePublished":"2022-04-14T09:36:32+00:00","dateModified":"2023-01-10T09:40:41+00:00","description":"Nuestro aviso legal y nuestra pol\u00edtica de privacidad le garantizan la seriedad de nuestra empresa de distribuci\u00f3n de orugas de goma.","breadcrumb":{"@id":"https:\/\/minitop.it\/es\/aviso-legal-y-politica-de-privacidad\/#breadcrumb"},"inLanguage":"es","potentialAction":[{"@type":"ReadAction","target":["https:\/\/minitop.it\/es\/aviso-legal-y-politica-de-privacidad\/"]}]},{"@type":"BreadcrumbList","@id":"https:\/\/minitop.it\/es\/aviso-legal-y-politica-de-privacidad\/#breadcrumb","itemListElement":[{"@type":"ListItem","position":1,"name":"Home","item":"https:\/\/minitop.it\/es\/"},{"@type":"ListItem","position":2,"name":"Aviso Legal y Pol\u00edtica de Privacidad"}]},{"@type":"WebSite","@id":"https:\/\/minitop.it\/#website","url":"https:\/\/minitop.it\/","name":"Minitop","description":"Primer fabricante europeo de orugas de caucho","publisher":{"@id":"https:\/\/minitop.it\/#organization"},"potentialAction":[{"@type":"SearchAction","target":{"@type":"EntryPoint","urlTemplate":"https:\/\/minitop.it\/?s={search_term_string}"},"query-input":"required name=search_term_string"}],"inLanguage":"es"},{"@type":"Organization","@id":"https:\/\/minitop.it\/#organization","name":"Minitop","url":"https:\/\/minitop.it\/","logo":{"@type":"ImageObject","inLanguage":"es","@id":"https:\/\/minitop.it\/#\/schema\/logo\/image\/","url":"https:\/\/minitop.it\/wp-content\/uploads\/2022\/04\/cropped-logominitoptr.png","contentUrl":"https:\/\/minitop.it\/wp-content\/uploads\/2022\/04\/cropped-logominitoptr.png","width":512,"height":512,"caption":"Minitop"},"image":{"@id":"https:\/\/minitop.it\/#\/schema\/logo\/image\/"},"sameAs":["https:\/\/www.facebook.com\/minitopsrl","https:\/\/www.linkedin.com\/company\/gruppominitopsrl\/","https:\/\/www.youtube.com\/channel\/UC4SxXfoXCpelUKZa-ui9vuA\/featured?cbrd=1"]}]}},"_links":{"self":[{"href":"https:\/\/minitop.it\/es\/wp-json\/wp\/v2\/pages\/13242","targetHints":{"allow":["GET"]}}],"collection":[{"href":"https:\/\/minitop.it\/es\/wp-json\/wp\/v2\/pages"}],"about":[{"href":"https:\/\/minitop.it\/es\/wp-json\/wp\/v2\/types\/page"}],"author":[{"embeddable":true,"href":"https:\/\/minitop.it\/es\/wp-json\/wp\/v2\/users\/1"}],"replies":[{"embeddable":true,"href":"https:\/\/minitop.it\/es\/wp-json\/wp\/v2\/comments?post=13242"}],"version-history":[{"count":0,"href":"https:\/\/minitop.it\/es\/wp-json\/wp\/v2\/pages\/13242\/revisions"}],"wp:attachment":[{"href":"https:\/\/minitop.it\/es\/wp-json\/wp\/v2\/media?parent=13242"}],"curies":[{"name":"wp","href":"https:\/\/api.w.org\/{rel}","templated":true}]}}