
{"id":13234,"date":"2022-04-14T11:36:31","date_gmt":"2022-04-14T09:36:31","guid":{"rendered":"http:\/\/minitop.it\/servicios\/"},"modified":"2024-09-09T12:21:23","modified_gmt":"2024-09-09T10:21:23","slug":"servicios-distribuidores-orugas-de-goma","status":"publish","type":"page","link":"https:\/\/minitop.it\/es\/servicios-distribuidores-orugas-de-goma\/","title":{"rendered":"Servicios"},"content":{"rendered":"<div class=\"wpb-content-wrapper\"><p>[vc_row content_placement=&#8221;middle&#8221;][vc_column css=&#8221;.vc_custom_1573154049887{padding-top: 0px !important;}&#8221; offset=&#8221;vc_col-lg-6 vc_col-md-6&#8243;][ct_heading text=&#8221;Dedicado a los distribuidores de equipos de obras p\u00fablicas&#8221; font_weight=&#8221;&#8221; font_style=&#8221;&#8221; description=&#8221;Minitop es una referencia para los concesionarios del sector de la construcci\u00f3n.&#8221; description_font_size=&#8221;26&#8243; description_line_height=&#8221;40&#8243; des_font_weight=&#8221;500&#8243; description_color=&#8221;#999999&#8243; margin_bottom=&#8221;25&#8243; sub_margin_bottom=&#8221;7&#8243;][ct_heading font_weight=&#8221;&#8221; font_style=&#8221;&#8221; description=&#8221;Cada paso, desde la producci\u00f3n de la barandilla de goma hasta la entrega al destinatario, implica directamente al personal de Minitop que, gracias a su experiencia y habilidades, es capaz de <strong>garantizar un producto y un servicio altamente profesionales<\/strong>.<br \/>\nNuestros <strong>almacenes optimizados<\/strong> nos permiten gestionar y asignar <strong>m\u00e1s de 400 tama\u00f1os diferentes de orugas de goma<\/strong>, que, gracias a un suministro constante, garantiza la <strong>disponibilidad de varios miles de orugas de caucho<\/strong> listas para llegar a cualquier lugar del mundo.<br \/>\n<strong>Minitop logistics<\/strong>, a trav\u00e9s de transitarios seleccionados, es capaz de entregar al destinatario en el menor tiempo posible, gracias a las diferentes opciones que ofrece al minorista.<br \/>\nPara Minitop, el minorista es un socio de excelencia al que <strong>ofrecemos un producto y una gama de servicios a medida<\/strong>, y esta operaci\u00f3n es un principio fundamental para todo el personal de Minitop.&#8221; des_font_weight=&#8221;&#8221; description_color=&#8221;#222222&#8243; sub_margin_bottom=&#8221;7&#8243;][ct_space space_lg=&#8221;23&#8243; space_md=&#8221;23&#8243; space_sm=&#8221;23&#8243; space_xs=&#8221;23&#8243;][ct_button button_text=&#8221;La historia de Minitop&#8221; button_link=&#8221;url:%2Fes%2Fa-proposito-de-nosotros%2F%23historia|title:Historia%20de%20Minitop&#8221; padding_top=&#8221;2&#8243; padding_bottom=&#8221;2&#8243;][ct_space space_lg=&#8221;0&#8243; space_md=&#8221;0&#8243; space_sm=&#8221;55&#8243; space_xs=&#8221;55&#8243;][\/vc_column][vc_column offset=&#8221;vc_col-lg-6 vc_col-md-6&#8243;][ct_banner image_feature=&#8221;13182&#8243; img_size=&#8221;600&#215;800&#8243; ct_image_align=&#8221;image_align_xs_right&#8221; cms_template=&#8221;ct_banner.php&#8221;][\/vc_column][\/vc_row][vc_row][vc_column css=&#8221;.vc_custom_1573153784108{padding-top: 0px !important;}&#8221;][ct_space space_lg=&#8221;100&#8243; space_md=&#8221;100&#8243; space_sm=&#8221;60&#8243; space_xs=&#8221;40&#8243;][\/vc_column][\/vc_row][vc_row full_width=&#8221;stretch_row_content_no_spaces&#8221; equal_height=&#8221;yes&#8221; el_id=&#8221;ofertaforallpros&#8221;][vc_column parallax=&#8221;content-moving&#8221; parallax_image=&#8221;13188&#8243; parallax_speed_bg=&#8221;1&#8243; css=&#8221;.vc_custom_1649771561762{padding-top: 0px !important;}&#8221; offset=&#8221;vc_col-lg-6 vc_col-md-6&#8243;][ct_space space_lg=&#8221;700&#8243; space_md=&#8221;700&#8243; space_sm=&#8221;700&#8243; space_xs=&#8221;575&#8243;][\/vc_column][vc_column ct_column_class=&#8221;rm-padding-lg&#8221; css=&#8221;.vc_custom_1640961644548{padding-top: 0px !important;padding-right: 65px !important;padding-left: 65px !important;background-color: #de0c16 !important;}&#8221; offset=&#8221;vc_col-lg-6 vc_col-md-6&#8243;][ct_space space_lg=&#8221;50&#8243; space_md=&#8221;50&#8243; space_sm=&#8221;50&#8243; space_xs=&#8221;50&#8243;][ct_heading text=&#8221;Para todos los profesionales del mundo de la maquinaria de construcci\u00f3n&#8221; font_size=&#8221;32&#8243; font_size_md=&#8221;32&#8243; font_size_sm=&#8221;32&#8243; font_size_xs=&#8221;32&#8243; line_height=&#8221;45&#8243; line_height_md=&#8221;45&#8243; line_height_sm=&#8221;45&#8243; line_height_xs=&#8221;45&#8243; font_weight=&#8221;&#8221; font_style=&#8221;&#8221; text_color=&#8221;#ffffff&#8221; description=&#8221;\u00a1Minitop tiene una oferta adaptada y servicios 100% adaptados a su actividad!&#8221; des_font_weight=&#8221;&#8221; description_color=&#8221;#ffffff&#8221; margin_bottom=&#8221;25&#8243;][ct_fancybox cms_template=&#8221;ct_fancybox&#8211;layout2.php&#8221; title_color=&#8221;#ffffff&#8221; description_color=&#8221;#ffffff&#8221; icon_list=&#8221;flaticon&#8221; icon_color=&#8221;#ffffff&#8221; title=&#8221;Distribuidores de m\u00e1quinas&#8221; description=&#8221;En m\u00e1s de 25 a\u00f1os de actividad, Minitop se ha enfrentado a las diferentes evoluciones de la pista de caucho que han marcado el sector de la maquinaria de movimiento de tierras. En el d\u00eda a d\u00eda, esto significa que gestionamos las confirmaciones de pedidos y las entregas, desde una sola pista de goma hasta un contenedor de 20&#8220; con cientos de referencias.&#8221; icon_flaticon=&#8221;flaticon-coding&#8221;][ct_space space_lg=&#8221;15&#8243; space_md=&#8221;15&#8243; space_sm=&#8221;15&#8243; space_xs=&#8221;15&#8243;][ct_fancybox cms_template=&#8221;ct_fancybox&#8211;layout2.php&#8221; title_color=&#8221;#ffffff&#8221; description_color=&#8221;#ffffff&#8221; icon_list=&#8221;flaticon&#8221; icon_color=&#8221;#ffffff&#8221; title=&#8221;Minoristas de piezas de recambio&#8221; description=&#8221;Minitop SRL suministra a muchos minoristas piezas de repuesto para el mantenimiento y la reparaci\u00f3n de miniexcavadoras y palas en toda Europa. Nuestra oferta log\u00edstica se adapta perfectamente a los tama\u00f1os de los pedidos de los minoristas, al tiempo que ofrece el servicio de un stock continuamente disponible en nuestros almacenes.&#8221; icon_flaticon=&#8221;flaticon-tooth-2&#8243;][ct_space space_lg=&#8221;15&#8243; space_md=&#8221;15&#8243; space_sm=&#8221;15&#8243; space_xs=&#8221;15&#8243;][ct_fancybox cms_template=&#8221;ct_fancybox&#8211;layout2.php&#8221; title_color=&#8221;#ffffff&#8221; description_color=&#8221;#ffffff&#8221; icon_list=&#8221;flaticon&#8221; icon_color=&#8221;#ffffff&#8221; title=&#8221;Comerciantes en l\u00ednea&#8221; description=&#8221;Minitop es el socio ideal y fiable para todos los distribuidores que venden orugas de caucho a trav\u00e9s de su sitio de comercio electr\u00f3nico, tambi\u00e9n por la confidencialidad de los datos tratados sobre los destinatarios de la mercanc\u00eda.<br \/>\nEl servicio ROL (Reseller On Line) ofrece todas las ventajas que necesitan los vendedores que desean ofrecer a los usuarios la compra de art\u00edculos que no son de su propiedad, pero que se ponen a disposici\u00f3n del p\u00fablico gracias a acuerdos especiales entre comerciantes y fabricantes: el propietario de una tienda de este tipo se limita, por tanto, a actuar como intermediario entre el proveedor y el consumidor, sin tener que preocuparse de la b\u00fasqueda y entrega del producto.<br \/>\nEste tipo de servicio se gestiona con env\u00edo y embalaje an\u00f3nimos, adjuntando la documentaci\u00f3n de env\u00edo del minorista si es necesario, utilizando la entrega urgente.<br \/>\nDecenas de minoristas online internacionales conf\u00edan cada d\u00eda su negocio a Minitop, debido al alto factor de disponibilidad de la mercanc\u00eda y a la eficacia del servicio.&#8221; icon_flaticon=&#8221;flaticon-hospital&#8221;][ct_space space_lg=&#8221;52&#8243; space_md=&#8221;52&#8243; space_sm=&#8221;52&#8243; space_xs=&#8221;52&#8243;][\/vc_column][\/vc_row][vc_row full_width=&#8221;stretch_row&#8221; css=&#8221;.vc_custom_1649252537143{background-color: #eaeaea !important;}&#8221; el_id=&#8221;serviciosauxpros&#8221;][vc_column css=&#8221;.vc_custom_1570724274135{padding-top: 0px !important;}&#8221;][ct_space space_lg=&#8221;90&#8243; space_md=&#8221;90&#8243; space_sm=&#8221;60&#8243; space_xs=&#8221;60&#8243;][vc_row_inner][vc_column_inner width=&#8221;1\/6&#8243;][\/vc_column_inner][vc_column_inner width=&#8221;2\/3&#8243;][ct_heading text=&#8221;Servicios dedicados a los revendedores&#8221; align_lg=&#8221;align-center&#8221; align_md=&#8221;center&#8221; align_sm=&#8221;align-center-sm&#8221; align_xs=&#8221;align-center-xs&#8221; font_weight=&#8221;font_style=&#8221; description=&#8221;<strong>Dise\u00f1ado por profesionales para profesionales<\/strong>, nuestros servicios espec\u00edficos dedicados a los concesionarios de v\u00edas de caucho nos permiten asegurarle <strong>un servicio de alta calidad perfectamente adaptado a sus necesidades<\/strong>.&#8221; des_font_weight=&#8221;&#8221;][ct_space space_lg=&#8221;60&#8243; space_md=&#8221;60&#8243; space_sm=&#8221;60&#8243; space_xs=&#8221;60&#8243;][\/vc_column_inner][vc_column_inner width=&#8221;1\/6&#8243;][\/vc_column_inner][\/vc_row_inner][ct_fancybox_grid content_list=&#8221;%5B%7B%22title%22%3A%22UN%20ASESOR%20T%C3%89CNICO%20Y%20COMERCIAL%20ESPECIALIZADO%22%2C%22number_title%22%3A%221%22%2C%22fcb_content%22%3A%22Los%20asesores%20comerciales%20de%20Minitop%20est%C3%A1n%20capacitados%20para%20responder%20a%20todas%20sus%20preguntas%20t%C3%A9cnicas%20y%20comerciales.%20%20Son%20capaces%20de%20formular%20ofertas%20y%20pedidos%20est%C3%A1ndar%20o%20personalizados%20en%20el%20menor%20tiempo%20posible.%3C%2Fbr%3E%20%5CnNuestros%20concesionarios%20est%C3%A1n%20siempre%20%3Cstrong%3Eseguido%20por%20un%20vendedor%20de%20referencia%20de%20Minitop%3C%2Fstrong%3E%20para%20una%20comunicaci%C3%B3n%20directa%20y%20un%20perfecto%20conocimiento%20de%20su%20empresa.%3C%2Fbr%3E%5Cn%3Ca%20href%3D%5C%22%2Fes%2Fa-proposito-de-nosotros%2F%23equipo%5C%22%3EP%C3%B3ngase%20en%20contacto%20con%20su%20representante%20de%20ventas%3C%2Fa%3E%22%2C%22icon_flaticon%22%3A%22flaticon-phone-call%22%2C%22item_link%22%3A%22url%3A%2523%7C%7C%7C%22%7D%2C%7B%22title%22%3A%22UN%20PORTAL%20DE%20EXTRANET%22%2C%22number_title%22%3A%222%22%2C%22fcb_content%22%3A%22Gracias%20a%20la%20%3Ca%20href%3D%5C%22https%3A%2F%2Fexnet.minitop.it%2F%5C%22%3EPortal%20de%20extranet%20de%20Minitop%3C%2Fa%3E%2C%20puede%20en%20cualquier%20momento%20%3Cstrong%3Eidentificar%20f%C3%A1cilmente%20el%20modelo%20de%20oruga%20de%20goma%20%3C%2Fstrong%3Eadaptado%20a%20su%20m%C3%A1quina%2C%20pero%20tambi%C3%A9n%20%3Cstrong%3Econsultar%20disponibilidad%20de%20stock%20%3C%2Fstrong%3E%20orugas%20y%20%3Cstrong%3Ehaga%20sus%20pedidos%20en%20l%C3%ADnea%3C%2Fstrong%3E.%3C%2Fbr%3E%5CnEl%20cat%C3%A1logo%20de%20aplicaciones%20cuenta%20con%20un%20nuevo%20motor%20de%20b%C3%BAsqueda%20para%20facilitar%20la%20correcta%20selecci%C3%B3n%20de%20pistas%20en%20el%20caso%20de%20modelos%20con%20diferentes%20soluciones.%3C%2Fbr%3E%5CnEl%20portal%20de%20extranet%20tambi%C3%A9n%20le%20permite%20hacer%20un%20seguimiento%20de%20su%20historial%20de%20pedidos.%22%2C%22icon_flaticon%22%3A%22flaticon-hospital%22%2C%22item_link%22%3A%22url%3A%2523%7C%7C%7C%22%7D%2C%7B%22title%22%3A%22LOG%C3%8DSTICA%20ESPEC%C3%8DFICA%22%2C%22number_title%22%3A%223%22%2C%22fcb_content%22%3A%22Cada%20pedido%20enviado%20por%20Minitop%20sigue%20un%20protocolo%20preciso%20que%20tiene%20en%20cuenta%20las%20condiciones%20comerciales%20y%20log%C3%ADsticas%20vigentes%20con%20el%20minorista.%20%3Cstrong%3ECada%20concesionario%20recibe%20un%20trato%20muy%20personal%3C%2Fstrong%3E.%20%5CnDesde%20el%20tipo%20de%20plataforma%2C%20hasta%20el%20embalaje%2C%20el%20sello%20de%20seguridad%20o%20el%20formato%20de%20env%C3%ADo%20en%2024%2C%2048%20o%2072%20horas%2C%20todo%20es%20%3Cstrong%3E100%25%20hecho%20a%20medida%20por%20el%20distribuidor%3C%2Fstrong%3E.%5CnLos%20socios%20transitarios%20de%20Minitop%20que%20operan%20a%20nivel%20internacional%20son%20supervisados%20peri%C3%B3dicamente%20para%20garantizar%20el%20cumplimiento%20de%20los%20plazos%20de%20entrega%20acordados.%5Cn%5Cn%22%2C%22icon_flaticon%22%3A%22flaticon-twitter%22%7D%5D&#8221; col_xs=&#8221;1&#8243; col_sm=&#8221;2&#8243; col_md=&#8221;3&#8243; col_lg=&#8221;3&#8243; col_xl=&#8221;3&#8243;][ct_space space_lg=&#8221;60&#8243; space_md=&#8221;60&#8243; space_sm=&#8221;20&#8243; space_xs=&#8221;20&#8243;][\/vc_column][\/vc_row][vc_row full_width=&#8221;stretch_row_content_no_spaces&#8221; equal_height=&#8221;yes&#8221; css=&#8221;.vc_custom_1572018142518{background-color: #ffffff !important;}&#8221;][vc_column ct_column_class=&#8221;rm-padding-lg&#8221; css=&#8221;.vc_custom_1573153960206{padding-top: 0px !important;padding-right: 115px !important;padding-left: 115px !important;}&#8221; offset=&#8221;vc_col-lg-7 vc_col-md-7&#8243;][ct_space space_lg=&#8221;75&#8243; space_md=&#8221;75&#8243; space_sm=&#8221;40&#8243; space_xs=&#8221;40&#8243;][ct_heading text=&#8221;Un equipo de profesionales comprometidos para ofrecer el mejor servicio a nuestros Clientes.&#8221; font_weight=&#8221;&#8221; font_style=&#8221;&#8221; description=&#8221;Todo el personal de Minitop est\u00e1 orientado hacia una sola misi\u00f3n: \u00a1satisfacer sus demandas!&#8221; description_font_size=&#8221;15&#8243; des_font_weight=&#8221;&#8221; description_color=&#8221;#494949&#8243;][ct_space space_lg=&#8221;50&#8243; space_md=&#8221;50&#8243; space_sm=&#8221;25&#8243; space_xs=&#8221;25&#8243;][ct_heading text=&#8221;Minitop : grado de satisfacci\u00f3n de nuestros Clientes*&#8221; font_weight=&#8221;&#8221; font_style=&#8221;&#8221; des_font_weight=&#8221;&#8221;][ct_space space_lg=&#8221;50&#8243; space_md=&#8221;50&#8243; space_sm=&#8221;25&#8243; space_xs=&#8221;25&#8243;][ct_progressbar ct_progressbar_list=&#8221;%5B%7B%22item_title%22%3A%22Calidad%20del%20producto%22%2C%22value%22%3A%2298%22%7D%2C%7B%22item_title%22%3A%22Disponibilidad%20del%20producto%20en%20almac%C3%A9n%22%2C%22value%22%3A%2293%22%7D%2C%7B%22item_title%22%3A%22Soporte%20t%C3%A9cnico%20y%20comercial%22%2C%22value%22%3A%2299%22%7D%2C%7B%22item_title%22%3A%22Fidelizaci%C3%B3n%20del%20Cliente%20%22%2C%22value%22%3A%2289%22%7D%5D&#8221; font_weight=&#8221;600&#8243;][ct_heading font_weight=&#8221;&#8221; font_style=&#8221;&#8221; description=&#8221;* informe interno al 31-12-2021&#8243; description_font_size=&#8221;15&#8243; des_font_weight=&#8221;&#8221; description_color=&#8221;#494949&#8243;][ct_space space_lg=&#8221;75&#8243; space_md=&#8221;75&#8243; space_sm=&#8221;40&#8243; space_xs=&#8221;40&#8243;][ct_heading text=&#8221;\u00a1Conviertete tambi\u00e9n en un distribuidor de orugas de goma Minitop!&#8221; font_size=&#8221;35&#8243; font_size_md=&#8221;35&#8243; font_size_sm=&#8221;35&#8243; font_size_xs=&#8221;35&#8243; line_height=&#8221;45&#8243; line_height_md=&#8221;45&#8243; line_height_sm=&#8221;45&#8243; line_height_xs=&#8221;45&#8243; font_weight=&#8221;600&#8243; font_style=&#8221;&#8221; description=&#8221;Para hacerlo, ponte en contacto con uno de nuestros asesores de ventas.&#8221; description_font_size=&#8221;15&#8243; des_font_weight=&#8221;&#8221; description_color=&#8221;#494949&#8243;][ct_space space_lg=&#8221;50&#8243; space_md=&#8221;50&#8243; space_sm=&#8221;25&#8243; space_xs=&#8221;25&#8243;][ct_button button_text=&#8221;Contacte con su asesor local&#8221; button_link=&#8221;url:%2Fes%2Fa-proposito-de-nosotros%2F%23equipo|title:Equipo%20Minitop&#8221; button_size=&#8221;size-lg&#8221; icon_fontawesome=&#8221;fas fa-address-card&#8221; padding_top=&#8221;2&#8243; padding_bottom=&#8221;2&#8243; animation=&#8221;bounceInDown&#8221;][ct_space space_lg=&#8221;55&#8243; space_md=&#8221;55&#8243; space_sm=&#8221;40&#8243; space_xs=&#8221;40&#8243;][\/vc_column][vc_column parallax=&#8221;content-moving&#8221; parallax_image=&#8221;21383&#8243; parallax_speed_bg=&#8221;1.2&#8243; offset=&#8221;vc_col-lg-5 vc_col-md-5&#8243;][ct_space space_lg=&#8221;540&#8243; space_md=&#8221;450&#8243; space_sm=&#8221;450&#8243; space_xs=&#8221;450&#8243;][\/vc_column][\/vc_row]<\/p>\n<\/div>","protected":false},"excerpt":{"rendered":"<p>[vc_row content_placement=&#8221;middle&#8221;][vc_column css=&#8221;.vc_custom_1573154049887{padding-top: 0px !important;}&#8221; offset=&#8221;vc_col-lg-6 vc_col-md-6&#8243;][ct_heading text=&#8221;Dedicado a los distribuidores de equipos de obras p\u00fablicas&#8221; font_weight=&#8221;&#8221; font_style=&#8221;&#8221; description=&#8221;Minitop es una referencia para los concesionarios del sector de la construcci\u00f3n.&#8221; description_font_size=&#8221;26&#8243; description_line_height=&#8221;40&#8243; des_font_weight=&#8221;500&#8243; description_color=&#8221;#999999&#8243; margin_bottom=&#8221;25&#8243; sub_margin_bottom=&#8221;7&#8243;][ct_heading font_weight=&#8221;&#8221; font_style=&#8221;&#8221; description=&#8221;Cada paso, desde la producci\u00f3n de la barandilla de goma hasta la entrega al destinatario, implica directamente [&hellip;]<\/p>\n","protected":false},"author":1,"featured_media":0,"parent":0,"menu_order":0,"comment_status":"closed","ping_status":"closed","template":"","meta":{"_themeisle_gutenberg_block_has_review":false,"footnotes":""},"class_list":["post-13234","page","type-page","status-publish","hentry"],"yoast_head":"<!-- This site is optimized with the Yoast SEO plugin v22.2 - https:\/\/yoast.com\/wordpress\/plugins\/seo\/ -->\n<title>Servicios - Minitop : dedicada a los distribuidores de orugas<\/title>\n<meta name=\"description\" content=\"Descubra la oferta 100% dedicada a los distribuidores de orugas de goma y convi\u00e9rtase en distribuidor de orugas para miniexcavadoras.\" \/>\n<meta name=\"robots\" content=\"index, follow, max-snippet:-1, max-image-preview:large, max-video-preview:-1\" \/>\n<link rel=\"canonical\" href=\"https:\/\/minitop.it\/es\/servicios-distribuidores-orugas-de-goma\/\" \/>\n<meta property=\"og:locale\" content=\"es_ES\" \/>\n<meta property=\"og:type\" content=\"article\" \/>\n<meta property=\"og:title\" content=\"Servicios - Minitop : dedicada a los distribuidores de orugas\" \/>\n<meta property=\"og:description\" content=\"Descubra la oferta 100% dedicada a los distribuidores de orugas de goma y convi\u00e9rtase en distribuidor de orugas para miniexcavadoras.\" \/>\n<meta property=\"og:url\" content=\"https:\/\/minitop.it\/es\/servicios-distribuidores-orugas-de-goma\/\" \/>\n<meta property=\"og:site_name\" content=\"Minitop\" \/>\n<meta property=\"article:publisher\" content=\"https:\/\/www.facebook.com\/minitopsrl\" \/>\n<meta property=\"article:modified_time\" content=\"2024-09-09T10:21:23+00:00\" \/>\n<meta name=\"twitter:card\" content=\"summary_large_image\" \/>\n<meta name=\"twitter:label1\" content=\"Tiempo de lectura\" \/>\n\t<meta name=\"twitter:data1\" content=\"5 minutos\" \/>\n<script type=\"application\/ld+json\" class=\"yoast-schema-graph\">{\"@context\":\"https:\/\/schema.org\",\"@graph\":[{\"@type\":\"WebPage\",\"@id\":\"https:\/\/minitop.it\/es\/servicios-distribuidores-orugas-de-goma\/\",\"url\":\"https:\/\/minitop.it\/es\/servicios-distribuidores-orugas-de-goma\/\",\"name\":\"Servicios - Minitop : dedicada a los distribuidores de orugas\",\"isPartOf\":{\"@id\":\"https:\/\/minitop.it\/#website\"},\"datePublished\":\"2022-04-14T09:36:31+00:00\",\"dateModified\":\"2024-09-09T10:21:23+00:00\",\"description\":\"Descubra la oferta 100% dedicada a los distribuidores de orugas de goma y convi\u00e9rtase en distribuidor de orugas para miniexcavadoras.\",\"breadcrumb\":{\"@id\":\"https:\/\/minitop.it\/es\/servicios-distribuidores-orugas-de-goma\/#breadcrumb\"},\"inLanguage\":\"es\",\"potentialAction\":[{\"@type\":\"ReadAction\",\"target\":[\"https:\/\/minitop.it\/es\/servicios-distribuidores-orugas-de-goma\/\"]}]},{\"@type\":\"BreadcrumbList\",\"@id\":\"https:\/\/minitop.it\/es\/servicios-distribuidores-orugas-de-goma\/#breadcrumb\",\"itemListElement\":[{\"@type\":\"ListItem\",\"position\":1,\"name\":\"Home\",\"item\":\"https:\/\/minitop.it\/es\/\"},{\"@type\":\"ListItem\",\"position\":2,\"name\":\"Servicios\"}]},{\"@type\":\"WebSite\",\"@id\":\"https:\/\/minitop.it\/#website\",\"url\":\"https:\/\/minitop.it\/\",\"name\":\"Minitop\",\"description\":\"Primer fabricante europeo de orugas de caucho\",\"publisher\":{\"@id\":\"https:\/\/minitop.it\/#organization\"},\"potentialAction\":[{\"@type\":\"SearchAction\",\"target\":{\"@type\":\"EntryPoint\",\"urlTemplate\":\"https:\/\/minitop.it\/?s={search_term_string}\"},\"query-input\":\"required name=search_term_string\"}],\"inLanguage\":\"es\"},{\"@type\":\"Organization\",\"@id\":\"https:\/\/minitop.it\/#organization\",\"name\":\"Minitop\",\"url\":\"https:\/\/minitop.it\/\",\"logo\":{\"@type\":\"ImageObject\",\"inLanguage\":\"es\",\"@id\":\"https:\/\/minitop.it\/#\/schema\/logo\/image\/\",\"url\":\"https:\/\/minitop.it\/wp-content\/uploads\/2022\/04\/cropped-logominitoptr.png\",\"contentUrl\":\"https:\/\/minitop.it\/wp-content\/uploads\/2022\/04\/cropped-logominitoptr.png\",\"width\":512,\"height\":512,\"caption\":\"Minitop\"},\"image\":{\"@id\":\"https:\/\/minitop.it\/#\/schema\/logo\/image\/\"},\"sameAs\":[\"https:\/\/www.facebook.com\/minitopsrl\",\"https:\/\/www.linkedin.com\/company\/gruppominitopsrl\/\",\"https:\/\/www.youtube.com\/channel\/UC4SxXfoXCpelUKZa-ui9vuA\/featured?cbrd=1\"]}]}<\/script>\n<!-- \/ Yoast SEO plugin. -->","yoast_head_json":{"title":"Servicios - Minitop : dedicada a los distribuidores de orugas","description":"Descubra la oferta 100% dedicada a los distribuidores de orugas de goma y convi\u00e9rtase en distribuidor de orugas para miniexcavadoras.","robots":{"index":"index","follow":"follow","max-snippet":"max-snippet:-1","max-image-preview":"max-image-preview:large","max-video-preview":"max-video-preview:-1"},"canonical":"https:\/\/minitop.it\/es\/servicios-distribuidores-orugas-de-goma\/","og_locale":"es_ES","og_type":"article","og_title":"Servicios - Minitop : dedicada a los distribuidores de orugas","og_description":"Descubra la oferta 100% dedicada a los distribuidores de orugas de goma y convi\u00e9rtase en distribuidor de orugas para miniexcavadoras.","og_url":"https:\/\/minitop.it\/es\/servicios-distribuidores-orugas-de-goma\/","og_site_name":"Minitop","article_publisher":"https:\/\/www.facebook.com\/minitopsrl","article_modified_time":"2024-09-09T10:21:23+00:00","twitter_card":"summary_large_image","twitter_misc":{"Tiempo de lectura":"5 minutos"},"schema":{"@context":"https:\/\/schema.org","@graph":[{"@type":"WebPage","@id":"https:\/\/minitop.it\/es\/servicios-distribuidores-orugas-de-goma\/","url":"https:\/\/minitop.it\/es\/servicios-distribuidores-orugas-de-goma\/","name":"Servicios - Minitop : dedicada a los distribuidores de orugas","isPartOf":{"@id":"https:\/\/minitop.it\/#website"},"datePublished":"2022-04-14T09:36:31+00:00","dateModified":"2024-09-09T10:21:23+00:00","description":"Descubra la oferta 100% dedicada a los distribuidores de orugas de goma y convi\u00e9rtase en distribuidor de orugas para miniexcavadoras.","breadcrumb":{"@id":"https:\/\/minitop.it\/es\/servicios-distribuidores-orugas-de-goma\/#breadcrumb"},"inLanguage":"es","potentialAction":[{"@type":"ReadAction","target":["https:\/\/minitop.it\/es\/servicios-distribuidores-orugas-de-goma\/"]}]},{"@type":"BreadcrumbList","@id":"https:\/\/minitop.it\/es\/servicios-distribuidores-orugas-de-goma\/#breadcrumb","itemListElement":[{"@type":"ListItem","position":1,"name":"Home","item":"https:\/\/minitop.it\/es\/"},{"@type":"ListItem","position":2,"name":"Servicios"}]},{"@type":"WebSite","@id":"https:\/\/minitop.it\/#website","url":"https:\/\/minitop.it\/","name":"Minitop","description":"Primer fabricante europeo de orugas de caucho","publisher":{"@id":"https:\/\/minitop.it\/#organization"},"potentialAction":[{"@type":"SearchAction","target":{"@type":"EntryPoint","urlTemplate":"https:\/\/minitop.it\/?s={search_term_string}"},"query-input":"required name=search_term_string"}],"inLanguage":"es"},{"@type":"Organization","@id":"https:\/\/minitop.it\/#organization","name":"Minitop","url":"https:\/\/minitop.it\/","logo":{"@type":"ImageObject","inLanguage":"es","@id":"https:\/\/minitop.it\/#\/schema\/logo\/image\/","url":"https:\/\/minitop.it\/wp-content\/uploads\/2022\/04\/cropped-logominitoptr.png","contentUrl":"https:\/\/minitop.it\/wp-content\/uploads\/2022\/04\/cropped-logominitoptr.png","width":512,"height":512,"caption":"Minitop"},"image":{"@id":"https:\/\/minitop.it\/#\/schema\/logo\/image\/"},"sameAs":["https:\/\/www.facebook.com\/minitopsrl","https:\/\/www.linkedin.com\/company\/gruppominitopsrl\/","https:\/\/www.youtube.com\/channel\/UC4SxXfoXCpelUKZa-ui9vuA\/featured?cbrd=1"]}]}},"_links":{"self":[{"href":"https:\/\/minitop.it\/es\/wp-json\/wp\/v2\/pages\/13234","targetHints":{"allow":["GET"]}}],"collection":[{"href":"https:\/\/minitop.it\/es\/wp-json\/wp\/v2\/pages"}],"about":[{"href":"https:\/\/minitop.it\/es\/wp-json\/wp\/v2\/types\/page"}],"author":[{"embeddable":true,"href":"https:\/\/minitop.it\/es\/wp-json\/wp\/v2\/users\/1"}],"replies":[{"embeddable":true,"href":"https:\/\/minitop.it\/es\/wp-json\/wp\/v2\/comments?post=13234"}],"version-history":[{"count":0,"href":"https:\/\/minitop.it\/es\/wp-json\/wp\/v2\/pages\/13234\/revisions"}],"wp:attachment":[{"href":"https:\/\/minitop.it\/es\/wp-json\/wp\/v2\/media?parent=13234"}],"curies":[{"name":"wp","href":"https:\/\/api.w.org\/{rel}","templated":true}]}}