
{"id":21643,"date":"2025-05-09T17:35:28","date_gmt":"2025-05-09T15:35:28","guid":{"rendered":"https:\/\/minitop.it\/?page_id=21643"},"modified":"2025-06-27T12:05:15","modified_gmt":"2025-06-27T10:05:15","slug":"komponenten-fuer-fahrwerke","status":"publish","type":"page","link":"https:\/\/minitop.it\/de\/komponenten-fuer-fahrwerke\/","title":{"rendered":"Fahrwerksteilen"},"content":{"rendered":"<div class=\"wpb-content-wrapper\"><p>[vc_row][vc_column][vc_column_text]<\/p>\n<h2><\/h2>\n<h3 style=\"text-align: center;\"><strong>Entdecken Sie unsere gro\u00dfe Auswahl an Minitop Fahrwerksteilen <\/strong><\/h3>\n<p style=\"text-align: center;\">Dal Fahrwerkssortiment umfasst eine breite Palette an hochwertigen Komponenten, die f\u00fcr hervorragende Leistung und Zuverl\u00e4ssigkeit bei anspruchsvollen Eins\u00e4tzen sorgen. Teile f\u00fcr Raupenfahrzeuge, die aus Materialien wie Stahl und fortschrittlichen Technologien hergestellt werden, um eine lange Lebensdauer und Widerstandsf\u00e4higkeit gegen den Verschlei\u00df des Fahrwerks zu gew\u00e4hrleisten und so die Betriebseffizienz, eine lange Lebensdauer, geringere Ausfallzeiten und niedrigere Gesamtwartungskosten sicherzustellen.<\/p>\n<p>[\/vc_column_text][vc_row_inner][vc_column_inner width=&#8221;1\/2&#8243;][vc_column_text]<\/p>\n<h2 style=\"text-align: center;\">Laufrollen und St\u00fctzrollen<\/h2>\n<p style=\"text-align: center;\">Die Rollen f\u00fcr Gummiketten sind wesentliche Fahrwerkskomponenten f\u00fcr Stabilit\u00e4t und Mobilit\u00e4t, die eine gleichm\u00e4\u00dfige Gewichtsverteilung und eine lange Lebensdauer auch unter schwierigen Arbeitsbedingungen gew\u00e4hrleisten.<\/p>\n<p>[\/vc_column_text][vc_empty_space][\/vc_column_inner][vc_column_inner width=&#8221;1\/2&#8243;][vc_single_image image=&#8221;21556&#8243; img_size=&#8221;400&#215;200&#8243; alignment=&#8221;center&#8221;][\/vc_column_inner][\/vc_row_inner][\/vc_column][\/vc_row][vc_row][vc_column width=&#8221;1\/2&#8243;][vc_single_image image=&#8221;21586&#8243; img_size=&#8221;medium&#8221; alignment=&#8221;center&#8221;][\/vc_column][vc_column width=&#8221;1\/2&#8243;][vc_column_text]<\/p>\n<h2 style=\"text-align: center;\"><strong>Leitr\u00e4der <\/strong><\/h2>\n<p style=\"text-align: center;\">Leitr\u00e4der f\u00fcr Minibagger spielen eine entscheidende Rolle bei der Aufrechterhaltung der Kettenspannung und der reibungslosen Bewegung des Fahrwerks. Sie sind auf maximale Verschlei\u00dffestigkeit und lange Lebensdauer ausgelegt, auch unter extremen Arbeitsbedingungen.<\/p>\n<p>[\/vc_column_text][vc_empty_space][\/vc_column][\/vc_row][vc_row][vc_column width=&#8221;1\/2&#8243;][vc_column_text]<\/p>\n<h2 style=\"text-align: center;\">Antriebsr\u00e4der<\/h2>\n<p style=\"text-align: center;\">Die Raupenantriebsr\u00e4der sind das Herz des Antriebssystems und sorgen f\u00fcr die n\u00f6tige Traktion bei Grabungsarbeiten. Sie sind so konstruiert, dass sie schweren Lasten standhalten und in allen Situationen eine optimale Leistung gew\u00e4hrleisten.<\/p>\n<p>[\/vc_column_text][vc_empty_space][\/vc_column][vc_column width=&#8221;1\/2&#8243;][vc_single_image image=&#8221;21571&#8243; img_size=&#8221;medium&#8221; alignment=&#8221;center&#8221;][\/vc_column][\/vc_row][vc_row][vc_column][vc_column_text]<\/p>\n<p style=\"text-align: center;\">Alle Komponenten der Produktreihe wurden entwickelt, um den h\u00f6chsten Anforderungen von Fachleuten gerecht zu werden, mit dem Ziel, die Produktivit\u00e4t zu steigern und die Wartungskosten zu senken. Verlassen Sie sich auf die Qualit\u00e4t und Innovation unserer Fahrwerksprodukte und entdecken Sie ein neues Niveau an Effizienz und Zuverl\u00e4ssigkeit.<\/p>\n<p style=\"text-align: center;\">F\u00fcr weitere technische Informationen oder bei Fragen wenden Sie sich bitte an uns, indem Sie unser Kontaktformular ausf\u00fcllen.<\/p>\n<p>&nbsp;<\/p>\n<p style=\"text-align: center;\"><i>Minitop<\/i><\/p>\n<p>[\/vc_column_text][\/vc_column][\/vc_row][vc_row][vc_column][ct_contact_form id=&#8221;743&#8243;][\/vc_column][\/vc_row]<\/p>\n<\/div>","protected":false},"excerpt":{"rendered":"<p>[vc_row][vc_column][vc_column_text] Entdecken Sie unsere gro\u00dfe Auswahl an Minitop Fahrwerksteilen Dal Fahrwerkssortiment umfasst eine breite Palette an hochwertigen Komponenten, die f\u00fcr hervorragende Leistung und Zuverl\u00e4ssigkeit bei anspruchsvollen Eins\u00e4tzen sorgen. Teile f\u00fcr Raupenfahrzeuge, die aus Materialien wie Stahl und fortschrittlichen Technologien hergestellt werden, um eine lange Lebensdauer und Widerstandsf\u00e4higkeit gegen den Verschlei\u00df des Fahrwerks zu gew\u00e4hrleisten und [&hellip;]<\/p>\n","protected":false},"author":7,"featured_media":0,"parent":0,"menu_order":0,"comment_status":"closed","ping_status":"closed","template":"","meta":{"_themeisle_gutenberg_block_has_review":false,"footnotes":""},"class_list":["post-21643","page","type-page","status-publish","hentry"],"yoast_head":"<!-- This site is optimized with the Yoast SEO plugin v22.2 - https:\/\/yoast.com\/wordpress\/plugins\/seo\/ -->\n<title>Fahrwerksteilen - Minitop<\/title>\n<meta name=\"description\" content=\"Das Minitop-Laufwerksprogramm umfasst eine breite Palette hochwertiger Komponenten wie Unter- und Oberwalzen, Tragrollen und Antriebsr\u00e4der.\" \/>\n<meta name=\"robots\" content=\"index, follow, max-snippet:-1, max-image-preview:large, max-video-preview:-1\" \/>\n<link rel=\"canonical\" href=\"https:\/\/minitop.it\/de\/komponenten-fuer-fahrwerke\/\" \/>\n<meta property=\"og:locale\" content=\"de_DE\" \/>\n<meta property=\"og:type\" content=\"article\" \/>\n<meta property=\"og:title\" content=\"Fahrwerksteilen - Minitop\" \/>\n<meta property=\"og:description\" content=\"Das Minitop-Laufwerksprogramm umfasst eine breite Palette hochwertiger Komponenten wie Unter- und Oberwalzen, Tragrollen und Antriebsr\u00e4der.\" \/>\n<meta property=\"og:url\" content=\"https:\/\/minitop.it\/de\/komponenten-fuer-fahrwerke\/\" \/>\n<meta property=\"og:site_name\" content=\"Minitop\" \/>\n<meta property=\"article:publisher\" content=\"https:\/\/www.facebook.com\/minitopsrl\" \/>\n<meta property=\"article:modified_time\" content=\"2025-06-27T10:05:15+00:00\" \/>\n<meta name=\"twitter:card\" content=\"summary_large_image\" \/>\n<meta name=\"twitter:label1\" content=\"Gesch\u00e4tzte Lesezeit\" \/>\n\t<meta name=\"twitter:data1\" content=\"2\u00a0Minuten\" \/>\n<script type=\"application\/ld+json\" class=\"yoast-schema-graph\">{\"@context\":\"https:\/\/schema.org\",\"@graph\":[{\"@type\":\"WebPage\",\"@id\":\"https:\/\/minitop.it\/de\/komponenten-fuer-fahrwerke\/\",\"url\":\"https:\/\/minitop.it\/de\/komponenten-fuer-fahrwerke\/\",\"name\":\"Fahrwerksteilen - Minitop\",\"isPartOf\":{\"@id\":\"https:\/\/minitop.it\/#website\"},\"datePublished\":\"2025-05-09T15:35:28+00:00\",\"dateModified\":\"2025-06-27T10:05:15+00:00\",\"description\":\"Das Minitop-Laufwerksprogramm umfasst eine breite Palette hochwertiger Komponenten wie Unter- und Oberwalzen, Tragrollen und Antriebsr\u00e4der.\",\"breadcrumb\":{\"@id\":\"https:\/\/minitop.it\/de\/komponenten-fuer-fahrwerke\/#breadcrumb\"},\"inLanguage\":\"de\",\"potentialAction\":[{\"@type\":\"ReadAction\",\"target\":[\"https:\/\/minitop.it\/de\/komponenten-fuer-fahrwerke\/\"]}]},{\"@type\":\"BreadcrumbList\",\"@id\":\"https:\/\/minitop.it\/de\/komponenten-fuer-fahrwerke\/#breadcrumb\",\"itemListElement\":[{\"@type\":\"ListItem\",\"position\":1,\"name\":\"Home\",\"item\":\"https:\/\/minitop.it\/de\/\"},{\"@type\":\"ListItem\",\"position\":2,\"name\":\"Fahrwerksteilen\"}]},{\"@type\":\"WebSite\",\"@id\":\"https:\/\/minitop.it\/#website\",\"url\":\"https:\/\/minitop.it\/\",\"name\":\"Minitop\",\"description\":\"1. Hersteller von Gummiraupen in Europa\",\"publisher\":{\"@id\":\"https:\/\/minitop.it\/#organization\"},\"potentialAction\":[{\"@type\":\"SearchAction\",\"target\":{\"@type\":\"EntryPoint\",\"urlTemplate\":\"https:\/\/minitop.it\/?s={search_term_string}\"},\"query-input\":\"required name=search_term_string\"}],\"inLanguage\":\"de\"},{\"@type\":\"Organization\",\"@id\":\"https:\/\/minitop.it\/#organization\",\"name\":\"Minitop\",\"url\":\"https:\/\/minitop.it\/\",\"logo\":{\"@type\":\"ImageObject\",\"inLanguage\":\"de\",\"@id\":\"https:\/\/minitop.it\/#\/schema\/logo\/image\/\",\"url\":\"https:\/\/minitop.it\/wp-content\/uploads\/2022\/04\/cropped-logominitoptr.png\",\"contentUrl\":\"https:\/\/minitop.it\/wp-content\/uploads\/2022\/04\/cropped-logominitoptr.png\",\"width\":512,\"height\":512,\"caption\":\"Minitop\"},\"image\":{\"@id\":\"https:\/\/minitop.it\/#\/schema\/logo\/image\/\"},\"sameAs\":[\"https:\/\/www.facebook.com\/minitopsrl\",\"https:\/\/www.linkedin.com\/company\/gruppominitopsrl\/\",\"https:\/\/www.youtube.com\/channel\/UC4SxXfoXCpelUKZa-ui9vuA\/featured?cbrd=1\"]}]}<\/script>\n<!-- \/ Yoast SEO plugin. -->","yoast_head_json":{"title":"Fahrwerksteilen - Minitop","description":"Das Minitop-Laufwerksprogramm umfasst eine breite Palette hochwertiger Komponenten wie Unter- und Oberwalzen, Tragrollen und Antriebsr\u00e4der.","robots":{"index":"index","follow":"follow","max-snippet":"max-snippet:-1","max-image-preview":"max-image-preview:large","max-video-preview":"max-video-preview:-1"},"canonical":"https:\/\/minitop.it\/de\/komponenten-fuer-fahrwerke\/","og_locale":"de_DE","og_type":"article","og_title":"Fahrwerksteilen - Minitop","og_description":"Das Minitop-Laufwerksprogramm umfasst eine breite Palette hochwertiger Komponenten wie Unter- und Oberwalzen, Tragrollen und Antriebsr\u00e4der.","og_url":"https:\/\/minitop.it\/de\/komponenten-fuer-fahrwerke\/","og_site_name":"Minitop","article_publisher":"https:\/\/www.facebook.com\/minitopsrl","article_modified_time":"2025-06-27T10:05:15+00:00","twitter_card":"summary_large_image","twitter_misc":{"Gesch\u00e4tzte Lesezeit":"2\u00a0Minuten"},"schema":{"@context":"https:\/\/schema.org","@graph":[{"@type":"WebPage","@id":"https:\/\/minitop.it\/de\/komponenten-fuer-fahrwerke\/","url":"https:\/\/minitop.it\/de\/komponenten-fuer-fahrwerke\/","name":"Fahrwerksteilen - Minitop","isPartOf":{"@id":"https:\/\/minitop.it\/#website"},"datePublished":"2025-05-09T15:35:28+00:00","dateModified":"2025-06-27T10:05:15+00:00","description":"Das Minitop-Laufwerksprogramm umfasst eine breite Palette hochwertiger Komponenten wie Unter- und Oberwalzen, Tragrollen und Antriebsr\u00e4der.","breadcrumb":{"@id":"https:\/\/minitop.it\/de\/komponenten-fuer-fahrwerke\/#breadcrumb"},"inLanguage":"de","potentialAction":[{"@type":"ReadAction","target":["https:\/\/minitop.it\/de\/komponenten-fuer-fahrwerke\/"]}]},{"@type":"BreadcrumbList","@id":"https:\/\/minitop.it\/de\/komponenten-fuer-fahrwerke\/#breadcrumb","itemListElement":[{"@type":"ListItem","position":1,"name":"Home","item":"https:\/\/minitop.it\/de\/"},{"@type":"ListItem","position":2,"name":"Fahrwerksteilen"}]},{"@type":"WebSite","@id":"https:\/\/minitop.it\/#website","url":"https:\/\/minitop.it\/","name":"Minitop","description":"1. Hersteller von Gummiraupen in Europa","publisher":{"@id":"https:\/\/minitop.it\/#organization"},"potentialAction":[{"@type":"SearchAction","target":{"@type":"EntryPoint","urlTemplate":"https:\/\/minitop.it\/?s={search_term_string}"},"query-input":"required name=search_term_string"}],"inLanguage":"de"},{"@type":"Organization","@id":"https:\/\/minitop.it\/#organization","name":"Minitop","url":"https:\/\/minitop.it\/","logo":{"@type":"ImageObject","inLanguage":"de","@id":"https:\/\/minitop.it\/#\/schema\/logo\/image\/","url":"https:\/\/minitop.it\/wp-content\/uploads\/2022\/04\/cropped-logominitoptr.png","contentUrl":"https:\/\/minitop.it\/wp-content\/uploads\/2022\/04\/cropped-logominitoptr.png","width":512,"height":512,"caption":"Minitop"},"image":{"@id":"https:\/\/minitop.it\/#\/schema\/logo\/image\/"},"sameAs":["https:\/\/www.facebook.com\/minitopsrl","https:\/\/www.linkedin.com\/company\/gruppominitopsrl\/","https:\/\/www.youtube.com\/channel\/UC4SxXfoXCpelUKZa-ui9vuA\/featured?cbrd=1"]}]}},"_links":{"self":[{"href":"https:\/\/minitop.it\/de\/wp-json\/wp\/v2\/pages\/21643","targetHints":{"allow":["GET"]}}],"collection":[{"href":"https:\/\/minitop.it\/de\/wp-json\/wp\/v2\/pages"}],"about":[{"href":"https:\/\/minitop.it\/de\/wp-json\/wp\/v2\/types\/page"}],"author":[{"embeddable":true,"href":"https:\/\/minitop.it\/de\/wp-json\/wp\/v2\/users\/7"}],"replies":[{"embeddable":true,"href":"https:\/\/minitop.it\/de\/wp-json\/wp\/v2\/comments?post=21643"}],"version-history":[{"count":0,"href":"https:\/\/minitop.it\/de\/wp-json\/wp\/v2\/pages\/21643\/revisions"}],"wp:attachment":[{"href":"https:\/\/minitop.it\/de\/wp-json\/wp\/v2\/media?parent=21643"}],"curies":[{"name":"wp","href":"https:\/\/api.w.org\/{rel}","templated":true}]}}