
{"id":21029,"date":"2023-08-30T09:10:31","date_gmt":"2023-08-30T07:10:31","guid":{"rendered":"https:\/\/minitop.it\/haeufig-gestellte-fragen\/"},"modified":"2023-08-30T16:23:20","modified_gmt":"2023-08-30T14:23:20","slug":"faqs-kette-aus-gummiketten","status":"publish","type":"page","link":"https:\/\/minitop.it\/de\/faqs-kette-aus-gummiketten\/","title":{"rendered":"FAQ&#8217;s Kette aus Gummiketten"},"content":{"rendered":"<div class=\"wpb-content-wrapper\"><p>[vc_row][vc_column css=&#8221;.vc_custom_1573062026478{padding-top: 0px !important;}&#8221;][ct_space space_lg=&#8221;75&#8243; space_md=&#8221;75&#8243; space_sm=&#8221;60&#8243; space_xs=&#8221;60&#8243;][\/vc_column][\/vc_row][vc_row][vc_column width=&#8221;1\/6&#8243;][\/vc_column][vc_column width=&#8221;2\/3&#8243;][ct_heading text=&#8221;Alles \u00fcber Gummiketten und Minitop in 10 Fragen!&#8221; align_lg=&#8221;align-center&#8221; align_md=&#8221;center&#8221; align_sm=&#8221;align-center-sm&#8221; align_xs=&#8221;align-center-xs&#8221; font_size=&#8221;35&#8243; font_size_md=&#8221;35&#8243; font_size_sm=&#8221;35&#8243; font_size_xs=&#8221;35&#8243; line_height=&#8221;45&#8243; line_height_md=&#8221;45&#8243; line_height_sm=&#8221;45&#8243; line_height_xs=&#8221;45&#8243; font_weight=&#8221;500&#8243; font_style=&#8221;&#8221; theme_custom_fonts=&#8221;poppin-medium&#8221; subtitle=&#8221;H\u00e4ufig gestellte Fragen&#8221; description=&#8221;Hier haben wir Antworten auf die h\u00e4ufigsten Fragen zusammengestellt, die von unseren Kunden oder Partnern gestellt werden. Wir hoffen, dass Sie dadurch wertvolle Zeit sparen und Antworten auf alle Ihre Fragen zu Gummiketten erhalten.&#8221; des_font_weight=&#8221;&#8221; margin_bottom=&#8221;20&#8243;][ct_space space_lg=&#8221;55&#8243; space_md=&#8221;55&#8243; space_sm=&#8221;55&#8243; space_xs=&#8221;55&#8243;][\/vc_column][vc_column width=&#8221;1\/6&#8243;][\/vc_column][\/vc_row][vc_row][vc_column css=&#8221;.vc_custom_1572772705775{padding-top: 0px !important;}&#8221;][ct_textbox cms_template=&#8221;ct_textbox&#8211;layout3.php&#8221; font_weight=&#8221;400&#8243; title=&#8221;Schneller Zugriff auf die 10 h\u00e4ufigsten Fragen&#8221;][ct_space space_lg=&#8221;55&#8243; space_md=&#8221;55&#8243; space_sm=&#8221;55&#8243; space_xs=&#8221;55&#8243;][\/vc_column][\/vc_row][vc_row][vc_column][ct_accordion ct_accordion=&#8221;%5B%7B%22ac_title%22%3A%221.%20Wie%20w%C3%A4hlt%20man%20Gummiketten%20aus%3F%22%2C%22ac_content%22%3A%22Bei%20der%20Auswahl%20Ihrer%20Gummiketten%20sollten%20Sie%20vor%20allem%20auf%20Folgendes%20achten%20%3Cstrong%3EModell%20Ihrer%20Maschine%3C%2Fstrong%3E.%3C%2Fbr%3E%5CnZ%C3%B6gern%20Sie%20nicht%2C%20%3Cstrong%3Eunseren%20%3Ca%20href%3D%5C%22%2Fde%2Fgummiketten-minibagger%2F%23search-form%5C%22%3ESuchmaschine%3C%2Fa%3E%3C%2Fstrong%3E%20um%20das%20vom%20Hersteller%20Ihrer%20Maschine%20empfohlene%20Kettenmodell%20zu%20identifizieren.%3C%2Fbr%3E%5CnWir%20bitten%20Sie%20daher%2C%20auf%20die%20%3Cstrong%3EQualit%C3%A4t%20der%20Gummiketten%3C%2Fstrong%3E%20zu%20achten.%3C%2Fstrong%3E.%3C%2Fbr%3E%5CnIl%20existe%20sur%20le%20march%C3%A9%20une%20grande%20diversit%C3%A9%20de%20qualit%C3%A9s.%20Im%20Vergleich%20zu%20den%20%3Cstrong%3Everst%C3%A4rkten%20Gummiketten%20%3C%2Fstrong%3Evon%20Minitop%2C%20die%20garantiert%20eine%20lange%20Lebensdauer%20haben%2C%20sind%20sie%20teuer.%22%7D%2C%7B%22ac_title%22%3A%222.%20Welche%20Gr%C3%B6%C3%9Fe%20haben%20Gummiketten%20f%C3%BCr%20meine%20Maschine%3F%22%2C%22ac_content%22%3A%22Jede%20Maschine%2C%20je%20nach%20Marke%2C%20Modell%20und%20Fahrgestell%2C%20ist%20f%C3%BCr%20den%20Betrieb%20mit%20%3Cstrong%3E%20einer%20bestimmten%20Gr%C3%B6%C3%9Fe%20von%20Gummiketten%20vorgesehen.%20%3C%2Fstrong%3E.%3C%2Fbr%3E%5CnUm%20sicherzustellen%2C%20dass%20Ihre%20Maschine%20noch%20die%20vom%20Hersteller%20empfohlene%20Raupengr%C3%B6%C3%9Fe%20verwendet%2C%20empfehlen%20wir%20Ihnen%2C%20%3Cstrong%3Edie%20auf%20Ihren%20aktuellen%20Ketten%20eingravierte%20Gr%C3%B6%C3%9Fe%3C%2Fstrong%3E%20zu%20%C3%BCberpr%C3%BCfen%2C%20bevor%20Sie%20eine%20Bestellung%20aufgeben.%3C%2Fbr%3E%5CnZ%C3%B6gern%20Sie%20nicht%2C%20unseren%20%3Cstrong%3E%3Ca%20href%3D%5C%22%2Fde%2Fgummiketten-minibagger%2F%23search-form%5C%22%3ESuchmaschine%3C%2Fa%3E%3C%2Fstrong%3E%20um%20das%20Modell%20der%20Ketten%20zu%20identifizieren%2C%20das%20vom%20Hersteller%20Ihrer%20Maschine%20empfohlen%20wird.%5Cn%22%7D%2C%7B%22ac_title%22%3A%223.%20Wann%20sollte%20man%20seine%20Gummiketten%20ersetzen%3F%22%2C%22ac_content%22%3A%22Sobald%20Sie%20eine%20%3Cstrong%3Eanormale%20Dehnung%20Ihrer%20Gummiketten%20feststellen.%3C%2Fstrong%3E%20oder%20dass%20Ihre%20%3Cstrong%3EMinibagger%20entfleucht%3C%2Fstrong%3E%2C%20sollten%20Sie%20den%20Austausch%20der%20Ketten%20einplanen.%3C%2Fbr%3E.%5CnSo%20stellen%20Sie%20sicher%2C%20dass%20Sie%20Ihre%20Maschine%20nicht%20besch%C3%A4digen%20und%20dass%20Ihr%20Bagger%20nicht%20wegen%20einer%20gebrochenen%20Kette%20auf%20einer%20Baustelle%20stehen%20bleibt.%5Cn%22%7D%2C%7B%22ac_title%22%3A%224.%20Wie%20wechselt%20man%20seine%20Gummiketten%3F%22%2C%22ac_content%22%3A%22Weil%20es%20nichts%20Besseres%20gibt%20als%20eine%20%3Cstrong%3EVideo-Vorf%C3%BChrung%20des%20Austauschs%20einer%20Gummikette%20an%20einem%20Minibagger.%3C%2Fstrong%3E%20zum%20einfachen%20Verst%C3%A4ndnis%2C%20z%C3%B6gern%20Sie%20nicht%2C%20%3Cstrong%3Eunseren%20%3Ca%20href%3D%5C%22https%3A%2F%2Fminitop.it%2Fde%2Fwie-ersetze-ich-die-gummiketten%2F%5C%22%3ETutorial%20Wie%20wechselt%20man%20seine%20Gummiketten%3F%3C%2Fa%3E%3C%2Fstrong%3E.%22%7D%2C%7B%22ac_title%22%3A%225.%20Sind%20Gummiketten%20sinnvoll%3F%22%2C%22ac_content%22%3A%22Gummiketten%20haben%20%3Cstrong%3Ekeine%20Montagerichtung%3C%2Fstrong%3E%20%3Cstrong%3EAusnahme%20der%20sogenannten%20%5C%22versetzten%5C%22%20Gummiketten%3C%2Fstrong%3E.%3C%2Fbr%3E%5CnDie%20versetzten%20Ketten%2C%20die%20man%20haupts%C3%A4chlich%20bei%20den%20YANMAR%20Minibaggern%20findet%2C%20haben%20eine%20F%C3%BChrungsspur%2C%20die%20nicht%20in%20der%20Mitte%20der%20Breite%20der%20Kette%20liegt%2C%20sondern%20bei%201%2F3.%3C%2Fbr%3E.%5CnWenn%20Sie%20eine%20versetzte%20Kette%20haben%2C%20m%C3%BCssen%20Sie%20auf%20die%20Montagerichtung%20achten%2C%20damit%20die%20breiteste%20Spur%20der%20Kette%20auf%20der%20richtigen%20Seite%20ist.%5Cn%22%7D%2C%7B%22ac_title%22%3A%226.%20Kann%20man%20Gummiketten%20auf%20einen%20Stahlkettenbagger%20aufziehen%3F%22%2C%22ac_content%22%3A%22%3Cstrong%3EJa%2C%20auf%20einigen%20Maschinen%3C%2Fstrong%3E%2C%20aber%20%3Cstrong%3EAchtung%20es%20ist%20nicht%20systematisch%3C%2Fstrong%3E.%3C%2Fbr%3E%5CnNicht%20alle%20Maschinen%20k%C3%B6nnen%20von%20Stahlketten%20auf%20Gummiketten%20umgestellt%20werden%2C%20und%20vor%20allem%20sollten%20Sie%20vor%20jedem%20Wechsel%20die%20Kompatibilit%C3%A4t%20Ihrer%20Laufwerksteile%20(untere%20und%20obere%20Laufrollen%2C%20Kettenr%C3%A4der%20und%20Losr%C3%A4der)%20%C3%BCberpr%C3%BCfen.%3C%2Fbr%3E%5CnWir%20laden%20Sie%20sehr%20herzlich%20ein%20%3Cstrong%3E%3Ca%20href%3D%5C%22%2Fde%2Fkontakt-de%2F%5C%22%3Evor%20einer%20Bestellung%20die%20M%C3%B6glichkeiten%20auf%20Ihrer%20Maschine%20mit%20Ihrem%20zust%C3%A4ndigen%20Berater%20%C3%BCberpr%C3%BCfen%3C%2Fa%3E%3C%2Fstrong%3E.%5Cn%22%7D%2C%7B%22ac_title%22%3A%227.%20Seit%20wie%20vielen%20Jahren%20stellt%20Minitop%20Gummiketten%20her%3F%22%2C%22ac_content%22%3A%22Mit%20%C3%BCber%20%3Cstrong%3E27%20Jahren%20Erfahrung%20auf%20dem%20internationalen%20Markt%3C%2Fstrong%3E%2C%20wurden%20die%20Minitop%20Gummiketten%20zu%20einem%20Standard%20f%C3%BCr%20H%C3%A4ndler%20in%20der%20Baubranche.%5CnAls%3Cstrong%3E%20%3Ca%20href%3D%5C%22%2Fde%2Fueber-uns%2F%5C%22%3ESpezialisten%20f%C3%BCr%20die%20Gummiketten-Industrie%3C%2Fa%3E%3C%2Fstrong%3E%2C%20sind%20wir%20st%C3%A4ndig%20bem%C3%BCht%2C%20unsere%20Gummiketten%20zu%20verbessern%20und%20zu%20erneuern%2C%20um%20mit%20dem%20technologischen%20Fortschritt%20der%20Maschinen%20Schritt%20zu%20halten.%22%7D%2C%7B%22ac_title%22%3A%228.%20Wo%20befindet%20sich%20das%20Unternehmen%20Minitop%3F%22%2C%22ac_content%22%3A%22Der%20Hauptsitz%20von%20Minitop%20befindet%20sich%20seit%20seiner%20Gr%C3%BCndung%20in%20%3Cstrong%3EBricherasio%3C%2Fstrong%3E%2C%20am%20Stadtrand%20von%20Turin%20im%20Piemont%20%3Cstrong%3Ein%20Italien%3C%2Fstrong%3E.%20%5CnDieser%20zentrale%20Standort%20in%20Europa%20ist%20ein%20Schl%C3%BCsselelement%20f%C3%BCr%20die%20internationale%20Entwicklung%20von%20Minitop.%20Von%20Turin%20aus%20werden%20die%20Sendungen%20sehr%20schnell%20in%20alle%20europ%C3%A4ischen%20L%C3%A4nder%20verschickt%3A%20Frankreich%2C%20Deutschland%2C%20Spanien%2C%20England%2C%20Norwegen%2C%20Finnland%20und%20mehr!%22%7D%2C%7B%22ac_title%22%3A%229.%20Wie%20lange%20dauert%20es%2C%20bis%20die%20Gummiketten%20geliefert%20werden%3F%22%2C%22ac_content%22%3A%22Um%20Sie%20immer%20zufrieden%20zu%20stellen%2C%20%3Cstrong%3Ew%C3%A4hlen%20wir%20gemeinsam%20mit%20Ihnen%20den%20richtigen%20Transporteur%20f%C3%BCr%20Ihren%20Bedarf%20aus.%3C%2Fstrong%3E%20%5CnBei%20Bestellungen%20von%20kleinen%20Mengen%20erfolgt%20die%20Lieferung%20per%20%3Cstrong%3EExpress-Transporteur%20innerhalb%20von%2048%20Stunden%20in%20Frankreich%2C%20Deutschland%2C%20Spanien%2C%20Belgien%2C%20Italien&#8230;%3C%2Fstrong%3E%5CnBei%20Bestellungen%20eines%20ganzen%20LKWs%20oder%20eines%20Containers%20wird%20die%20Frist%20mit%20Ihnen%20je%20nach%20Ihren%20Bed%C3%BCrfnissen%20und%20logistischen%20M%C3%B6glichkeiten%20vereinbart.%5CnZ%C3%B6gern%20Sie%20nicht%20%3Cstrong%3E%3Ca%20href%3D%5C%22%2Fde%2Fkontakt-de%2F%5C%22%3Euns%20kontaktieren%2C%20wenn%20Sie%20einen%20genauen%20Termin%20w%C3%BCnschen%3C%2Fa%3E%3C%2Fstrong%3E%20und%20wir%20werden%20Ihnen%20die%20M%C3%B6glichkeiten%20mitteilen%2C%20die%20mit%20Ihrer%20Bestellung%20von%20Gummiketten%20verbunden%20sind..%22%7D%2C%7B%22ac_title%22%3A%2210.%20Ist%20es%20m%C3%B6glich%2C%20Ketten%20direkt%20auf%20eine%20Baustelle%20zu%20liefern%3F%22%2C%22ac_content%22%3A%22Selbstverst%C3%A4ndlich!%20%5CnWir%20versichern%20die%20%3Cstrong%3ELieferung%20Ihrer%20neuen%20Gummiketten%20direkt%20auf%20Ihre%20Baustelle%3C%2Fstrong%3E%2C%20damit%20Ihr%20Team%20so%20schnell%20wie%20m%C3%B6glich%20wieder%20an%20die%20Arbeit%20gehen%20kann.%5CnDazu%20m%C3%BCssen%20Sie%20dies%20nur%20bei%20der%20Bestellung%20an%20Ihren%20%3Cstrong%3E%3Ca%20href%3D%5C%22%2Fde%2Fkontakt-de%2F%5C%22%3EHandelsberater%20%3C%2Fa%3E%3C%2Fstrong%3Eunter%20Angabe%20der%20genauen%20Adresse%20der%20Baustelle%20und%20der%20Kontaktperson%2C%20die%20die%20Ketten%20vor%20Ort%20in%20Empfang%20nehmen%20darf.%5Cn%22%7D%5D&#8221; theme_custom_fonts=&#8221;poppin-semibold&#8221; custom_fonts=&#8221;true&#8221; google_fonts=&#8221;font_family:Prociono%3Aregular|font_style:400%20regular%3A400%3Anormal&#8221; font_size=&#8221;17&#8243; active_section=&#8221;1&#8243; animation=&#8221;none&#8221;][ct_space space_lg=&#8221;90&#8243; space_md=&#8221;90&#8243; space_sm=&#8221;70&#8243; space_xs=&#8221;70&#8243;][\/vc_column][\/vc_row][vc_row content_placement=&#8221;middle&#8221;][vc_column width=&#8221;1\/6&#8243;][\/vc_column][vc_column width=&#8221;2\/3&#8243;][ct_heading text=&#8221;Brauchen Sie Hilfe und Rat?&#8221; align_lg=&#8221;align-center&#8221; align_md=&#8221;center&#8221; align_sm=&#8221;align-center-sm&#8221; align_xs=&#8221;align-center-xs&#8221; font_size=&#8221;35&#8243; font_size_md=&#8221;35&#8243; font_size_sm=&#8221;35&#8243; font_size_xs=&#8221;35&#8243; line_height=&#8221;45&#8243; line_height_md=&#8221;45&#8243; line_height_sm=&#8221;45&#8243; line_height_xs=&#8221;45&#8243; font_weight=&#8221;500&#8243; font_style=&#8221;&#8221; theme_custom_fonts=&#8221;poppin-medium&#8221; subtitle=&#8221;Das Minitop-Team ist f\u00fcr Sie da&#8221; description=&#8221;Z\u00f6gern Sie nicht, uns zu kontaktieren, wenn Sie weitere Informationen \u00fcber Gummiketten f\u00fcr Minibagger ben\u00f6tigen. Wir stehen Ihnen gerne zur Verf\u00fcgung!&#8221; des_font_weight=&#8221;&#8221; margin_bottom=&#8221;20&#8243;][ct_space space_lg=&#8221;55&#8243; space_md=&#8221;55&#8243; space_sm=&#8221;55&#8243; space_xs=&#8221;55&#8243;][ct_button button_text=&#8221;Kontaktiere uns&#8221; button_link=&#8221;url:%2Fde%2Fkontakt-de%2F|title:Kontakt&#8221; align_lg=&#8221;align-center&#8221; align_md=&#8221;align-center-md&#8221; align_sm=&#8221;align-center-sm&#8221; align_xs=&#8221;align-center-xs&#8221;][ct_space space_lg=&#8221;55&#8243; space_md=&#8221;55&#8243; space_sm=&#8221;55&#8243; space_xs=&#8221;55&#8243;][\/vc_column][vc_column width=&#8221;1\/6&#8243;][\/vc_column][\/vc_row]<\/p>\n<\/div>","protected":false},"excerpt":{"rendered":"<p>[vc_row][vc_column css=&#8221;.vc_custom_1573062026478{padding-top: 0px !important;}&#8221;][ct_space space_lg=&#8221;75&#8243; space_md=&#8221;75&#8243; space_sm=&#8221;60&#8243; space_xs=&#8221;60&#8243;][\/vc_column][\/vc_row][vc_row][vc_column width=&#8221;1\/6&#8243;][\/vc_column][vc_column width=&#8221;2\/3&#8243;][ct_heading text=&#8221;Alles \u00fcber Gummiketten und Minitop in 10 Fragen!&#8221; align_lg=&#8221;align-center&#8221; align_md=&#8221;center&#8221; align_sm=&#8221;align-center-sm&#8221; align_xs=&#8221;align-center-xs&#8221; font_size=&#8221;35&#8243; font_size_md=&#8221;35&#8243; font_size_sm=&#8221;35&#8243; font_size_xs=&#8221;35&#8243; line_height=&#8221;45&#8243; line_height_md=&#8221;45&#8243; line_height_sm=&#8221;45&#8243; line_height_xs=&#8221;45&#8243; font_weight=&#8221;500&#8243; font_style=&#8221;&#8221; theme_custom_fonts=&#8221;poppin-medium&#8221; subtitle=&#8221;H\u00e4ufig gestellte Fragen&#8221; description=&#8221;Hier haben wir Antworten auf die h\u00e4ufigsten Fragen zusammengestellt, die von unseren Kunden oder Partnern gestellt werden. Wir hoffen, [&hellip;]<\/p>\n","protected":false},"author":1,"featured_media":0,"parent":0,"menu_order":0,"comment_status":"closed","ping_status":"closed","template":"","meta":{"_themeisle_gutenberg_block_has_review":false,"footnotes":""},"class_list":["post-21029","page","type-page","status-publish","hentry"],"yoast_head":"<!-- This site is optimized with the Yoast SEO plugin v22.2 - https:\/\/yoast.com\/wordpress\/plugins\/seo\/ -->\n<title>FAQ&#039;s Kette aus Gummiketten - Minitop<\/title>\n<meta name=\"description\" content=\"Die Antworten auf all Ihre Fragen zu Gummiketten f\u00fcr Minibagger! Wie misst man eine Kette? Und noch mehr!\" \/>\n<meta name=\"robots\" content=\"index, follow, max-snippet:-1, max-image-preview:large, max-video-preview:-1\" \/>\n<link rel=\"canonical\" href=\"https:\/\/minitop.it\/de\/faqs-kette-aus-gummiketten\/\" \/>\n<meta property=\"og:locale\" content=\"de_DE\" \/>\n<meta property=\"og:type\" content=\"article\" \/>\n<meta property=\"og:title\" content=\"FAQ&#039;s Kette aus Gummiketten - Minitop\" \/>\n<meta property=\"og:description\" content=\"Die Antworten auf all Ihre Fragen zu Gummiketten f\u00fcr Minibagger! Wie misst man eine Kette? Und noch mehr!\" \/>\n<meta property=\"og:url\" content=\"https:\/\/minitop.it\/de\/faqs-kette-aus-gummiketten\/\" \/>\n<meta property=\"og:site_name\" content=\"Minitop\" \/>\n<meta property=\"article:publisher\" content=\"https:\/\/www.facebook.com\/minitopsrl\" \/>\n<meta property=\"article:modified_time\" content=\"2023-08-30T14:23:20+00:00\" \/>\n<meta name=\"twitter:card\" content=\"summary_large_image\" \/>\n<meta name=\"twitter:label1\" content=\"Gesch\u00e4tzte Lesezeit\" \/>\n\t<meta name=\"twitter:data1\" content=\"1\u00a0Minute\" \/>\n<script type=\"application\/ld+json\" class=\"yoast-schema-graph\">{\"@context\":\"https:\/\/schema.org\",\"@graph\":[{\"@type\":\"WebPage\",\"@id\":\"https:\/\/minitop.it\/de\/faqs-kette-aus-gummiketten\/\",\"url\":\"https:\/\/minitop.it\/de\/faqs-kette-aus-gummiketten\/\",\"name\":\"FAQ's Kette aus Gummiketten - Minitop\",\"isPartOf\":{\"@id\":\"https:\/\/minitop.it\/#website\"},\"datePublished\":\"2023-08-30T07:10:31+00:00\",\"dateModified\":\"2023-08-30T14:23:20+00:00\",\"description\":\"Die Antworten auf all Ihre Fragen zu Gummiketten f\u00fcr Minibagger! Wie misst man eine Kette? Und noch mehr!\",\"breadcrumb\":{\"@id\":\"https:\/\/minitop.it\/de\/faqs-kette-aus-gummiketten\/#breadcrumb\"},\"inLanguage\":\"de\",\"potentialAction\":[{\"@type\":\"ReadAction\",\"target\":[\"https:\/\/minitop.it\/de\/faqs-kette-aus-gummiketten\/\"]}]},{\"@type\":\"BreadcrumbList\",\"@id\":\"https:\/\/minitop.it\/de\/faqs-kette-aus-gummiketten\/#breadcrumb\",\"itemListElement\":[{\"@type\":\"ListItem\",\"position\":1,\"name\":\"Home\",\"item\":\"https:\/\/minitop.it\/de\/\"},{\"@type\":\"ListItem\",\"position\":2,\"name\":\"FAQ&#8217;s Kette aus Gummiketten\"}]},{\"@type\":\"WebSite\",\"@id\":\"https:\/\/minitop.it\/#website\",\"url\":\"https:\/\/minitop.it\/\",\"name\":\"Minitop\",\"description\":\"1. Hersteller von Gummiraupen in Europa\",\"publisher\":{\"@id\":\"https:\/\/minitop.it\/#organization\"},\"potentialAction\":[{\"@type\":\"SearchAction\",\"target\":{\"@type\":\"EntryPoint\",\"urlTemplate\":\"https:\/\/minitop.it\/?s={search_term_string}\"},\"query-input\":\"required name=search_term_string\"}],\"inLanguage\":\"de\"},{\"@type\":\"Organization\",\"@id\":\"https:\/\/minitop.it\/#organization\",\"name\":\"Minitop\",\"url\":\"https:\/\/minitop.it\/\",\"logo\":{\"@type\":\"ImageObject\",\"inLanguage\":\"de\",\"@id\":\"https:\/\/minitop.it\/#\/schema\/logo\/image\/\",\"url\":\"https:\/\/minitop.it\/wp-content\/uploads\/2022\/04\/cropped-logominitoptr.png\",\"contentUrl\":\"https:\/\/minitop.it\/wp-content\/uploads\/2022\/04\/cropped-logominitoptr.png\",\"width\":512,\"height\":512,\"caption\":\"Minitop\"},\"image\":{\"@id\":\"https:\/\/minitop.it\/#\/schema\/logo\/image\/\"},\"sameAs\":[\"https:\/\/www.facebook.com\/minitopsrl\",\"https:\/\/www.linkedin.com\/company\/gruppominitopsrl\/\",\"https:\/\/www.youtube.com\/channel\/UC4SxXfoXCpelUKZa-ui9vuA\/featured?cbrd=1\"]}]}<\/script>\n<!-- \/ Yoast SEO plugin. -->","yoast_head_json":{"title":"FAQ's Kette aus Gummiketten - Minitop","description":"Die Antworten auf all Ihre Fragen zu Gummiketten f\u00fcr Minibagger! Wie misst man eine Kette? Und noch mehr!","robots":{"index":"index","follow":"follow","max-snippet":"max-snippet:-1","max-image-preview":"max-image-preview:large","max-video-preview":"max-video-preview:-1"},"canonical":"https:\/\/minitop.it\/de\/faqs-kette-aus-gummiketten\/","og_locale":"de_DE","og_type":"article","og_title":"FAQ's Kette aus Gummiketten - Minitop","og_description":"Die Antworten auf all Ihre Fragen zu Gummiketten f\u00fcr Minibagger! Wie misst man eine Kette? Und noch mehr!","og_url":"https:\/\/minitop.it\/de\/faqs-kette-aus-gummiketten\/","og_site_name":"Minitop","article_publisher":"https:\/\/www.facebook.com\/minitopsrl","article_modified_time":"2023-08-30T14:23:20+00:00","twitter_card":"summary_large_image","twitter_misc":{"Gesch\u00e4tzte Lesezeit":"1\u00a0Minute"},"schema":{"@context":"https:\/\/schema.org","@graph":[{"@type":"WebPage","@id":"https:\/\/minitop.it\/de\/faqs-kette-aus-gummiketten\/","url":"https:\/\/minitop.it\/de\/faqs-kette-aus-gummiketten\/","name":"FAQ's Kette aus Gummiketten - Minitop","isPartOf":{"@id":"https:\/\/minitop.it\/#website"},"datePublished":"2023-08-30T07:10:31+00:00","dateModified":"2023-08-30T14:23:20+00:00","description":"Die Antworten auf all Ihre Fragen zu Gummiketten f\u00fcr Minibagger! Wie misst man eine Kette? Und noch mehr!","breadcrumb":{"@id":"https:\/\/minitop.it\/de\/faqs-kette-aus-gummiketten\/#breadcrumb"},"inLanguage":"de","potentialAction":[{"@type":"ReadAction","target":["https:\/\/minitop.it\/de\/faqs-kette-aus-gummiketten\/"]}]},{"@type":"BreadcrumbList","@id":"https:\/\/minitop.it\/de\/faqs-kette-aus-gummiketten\/#breadcrumb","itemListElement":[{"@type":"ListItem","position":1,"name":"Home","item":"https:\/\/minitop.it\/de\/"},{"@type":"ListItem","position":2,"name":"FAQ&#8217;s Kette aus Gummiketten"}]},{"@type":"WebSite","@id":"https:\/\/minitop.it\/#website","url":"https:\/\/minitop.it\/","name":"Minitop","description":"1. Hersteller von Gummiraupen in Europa","publisher":{"@id":"https:\/\/minitop.it\/#organization"},"potentialAction":[{"@type":"SearchAction","target":{"@type":"EntryPoint","urlTemplate":"https:\/\/minitop.it\/?s={search_term_string}"},"query-input":"required name=search_term_string"}],"inLanguage":"de"},{"@type":"Organization","@id":"https:\/\/minitop.it\/#organization","name":"Minitop","url":"https:\/\/minitop.it\/","logo":{"@type":"ImageObject","inLanguage":"de","@id":"https:\/\/minitop.it\/#\/schema\/logo\/image\/","url":"https:\/\/minitop.it\/wp-content\/uploads\/2022\/04\/cropped-logominitoptr.png","contentUrl":"https:\/\/minitop.it\/wp-content\/uploads\/2022\/04\/cropped-logominitoptr.png","width":512,"height":512,"caption":"Minitop"},"image":{"@id":"https:\/\/minitop.it\/#\/schema\/logo\/image\/"},"sameAs":["https:\/\/www.facebook.com\/minitopsrl","https:\/\/www.linkedin.com\/company\/gruppominitopsrl\/","https:\/\/www.youtube.com\/channel\/UC4SxXfoXCpelUKZa-ui9vuA\/featured?cbrd=1"]}]}},"_links":{"self":[{"href":"https:\/\/minitop.it\/de\/wp-json\/wp\/v2\/pages\/21029","targetHints":{"allow":["GET"]}}],"collection":[{"href":"https:\/\/minitop.it\/de\/wp-json\/wp\/v2\/pages"}],"about":[{"href":"https:\/\/minitop.it\/de\/wp-json\/wp\/v2\/types\/page"}],"author":[{"embeddable":true,"href":"https:\/\/minitop.it\/de\/wp-json\/wp\/v2\/users\/1"}],"replies":[{"embeddable":true,"href":"https:\/\/minitop.it\/de\/wp-json\/wp\/v2\/comments?post=21029"}],"version-history":[{"count":0,"href":"https:\/\/minitop.it\/de\/wp-json\/wp\/v2\/pages\/21029\/revisions"}],"wp:attachment":[{"href":"https:\/\/minitop.it\/de\/wp-json\/wp\/v2\/media?parent=21029"}],"curies":[{"name":"wp","href":"https:\/\/api.w.org\/{rel}","templated":true}]}}