
{"id":13252,"date":"2022-04-14T11:36:40","date_gmt":"2022-04-14T09:36:40","guid":{"rendered":"http:\/\/minitop.it\/impressum-und-datenschutzerklaerung\/"},"modified":"2023-01-10T10:38:56","modified_gmt":"2023-01-10T09:38:56","slug":"impressum-und-datenschutzerklaerung","status":"publish","type":"page","link":"https:\/\/minitop.it\/de\/impressum-und-datenschutzerklaerung\/","title":{"rendered":"Impressum und Datenschutzerkl\u00e4rung"},"content":{"rendered":"<div class=\"wpb-content-wrapper\"><p>[vc_row][vc_column][vc_column_text]<\/p>\r\n<h2 class=\"wp-block-heading\"><strong>1- RECHTLICHE HINWEISE<\/strong><\/h2>\r\n\r\n<p><strong>Name der Website:<\/strong> Minitop.it<\/p>\r\n\r\n<p><strong>Adresse:<\/strong> <a href=\"https:\/\/www.alpinum.io\">Minitop.it<\/a><\/p>\r\n\r\n<p><strong>Eigent\u00fcmer:<\/strong> Minitop mit Sitz in Strada Europa, 39 &#8211; 10060 Bricherasio (TO) Italia<\/p>\r\n\r\n<p><strong>Verantwortlich f\u00fcr die Ver\u00f6ffentlichung<\/strong> : Der Gesch\u00e4ftsf\u00fchrer von Minitop<\/p>\r\n\r\n<p><strong>Design und Produktion:<\/strong> Minitop.it<\/p>\r\n<p><strong>Hosting:<\/strong> <a href=\"https:\/\/www.logicanetwork.it\/\" target=\"_blank\" rel=\"noopener\">Logica Network<\/a> Via Emilio De Marchi 22, 10148 Torino<\/p>\r\n\r\n\r\n\r\n<p><a href=\"mailto:info@logicanetwork.it\">info@logicanetwork.it<\/a><\/p>\r\n\r\n\r\n\r\n<h2 class=\"wp-block-heading\"><strong>2- DATENSCHUTZERKL\u00c4RUNG<\/strong><\/h2>\r\n\r\n\r\n\r\n<h3 class=\"wp-block-heading\"><strong>2-1 Haftung<\/strong><\/h3>\r\n\r\n<p>Der Manager der Firma Minitop (im Folgenden \u201edie Firma Minitop\u201c) verpflichtet sich, alles zu tun, um sicherzustellen, dass die Benutzer jederzeit Zugriff auf die Website haben. Es kann jedoch nicht haftbar gemacht werden, falls die Website aus irgendeinem Grund nicht verf\u00fcgbar ist.<\/p>\r\n\r\n<p>Der Benutzer der Website best\u00e4tigt, diesen Informationshinweis gelesen zu haben und verpflichtet sich, ihn zu respektieren.<\/p>\r\n\r\n<p>Der Benutzer best\u00e4tigt, dass er \u00fcber die erforderlichen F\u00e4higkeiten und Mittel verf\u00fcgt, um auf die Website zuzugreifen und sie zu nutzen, und best\u00e4tigt, dass er \u00fcberpr\u00fcft hat, dass die verwendete Computerkonfiguration keine Viren enth\u00e4lt und dass sie in einwandfreiem Zustand ist.<\/p>\r\n\r\n<p>Die von Minitop bereitgestellten Informationen sind nur Richtwerte. Minitop kann weder die Richtigkeit und Vollst\u00e4ndigkeit der auf seiner Website verbreiteten Informationen noch die Dauerhaftigkeit ihres ordnungsgem\u00e4\u00dfen Betriebs oder ihre vollst\u00e4ndige Computersicherheit garantieren.<\/p>\r\n\r\n<p>Minitop bem\u00fcht sich, den Benutzern verf\u00fcgbare und verifizierte Informationen und Tools zur Verf\u00fcgung zu stellen, kann jedoch nicht f\u00fcr Fehler, mangelnde Verf\u00fcgbarkeit von Informationen und\/oder das Vorhandensein von Viren oder anderen logischen Infektionen auf seiner Website verantwortlich gemacht werden.<\/p>\r\n\r\n<p>Der Benutzer erkennt an, die auf der Website verf\u00fcgbaren Informationen und Tools unter seiner alleinigen Verantwortung zu verwenden.<\/p>\r\n\r\n\r\n\r\n<h3 class=\"wp-block-heading\"><strong>2-2 Schutz personenbezogener Daten<\/strong><\/h3>\r\n\r\n<p>In \u00dcbereinstimmung mit dem Gesetz Nr. 78-17 vom 6. Januar 1978 \u00fcber die Datenverarbeitung, Dateien und Freiheiten in seiner ge\u00e4nderten Fassung und den Allgemeinen Datenschutzbestimmungen (im Folgenden &#8220;RGPD&#8221;) informiert das Unternehmen Minitop Besucher und Benutzer im Folgenden die \u201eBenutzer\u201c), dass es eine Verarbeitung personenbezogener Daten \u00fcber sie w\u00e4hrend ihrer Navigation auf der Website www.Minitop.it (im Folgenden die \u201eWebsite\u201c) durchf\u00fchrt. Die im Rahmen der Website durchgef\u00fchrte Verarbeitung personenbezogener Daten ist in der Liste der von Minitop durchgef\u00fchrten Verarbeitungen enthalten.<\/p>\r\n\r\n<p>Die Datenschutzrichtlinie kann ge\u00e4ndert, erg\u00e4nzt oder aktualisiert werden, um allen rechtlichen, beh\u00f6rdlichen, rechtswissenschaftlichen und technischen Entwicklungen zu entsprechen. Die personenbezogenen Daten des Benutzers werden jedoch immer gem\u00e4\u00df der zum Zeitpunkt ihrer Erhebung geltenden Richtlinie verarbeitet, es sei denn, eine zwingende gesetzliche Anforderung w\u00fcrde etwas anderes vorsehen und r\u00fcckwirkend gelten.<\/p>\r\n\r\n<p><strong>Verantwortlich f\u00fcr die Verarbeitung personenbezogener Daten<\/strong><\/p>\r\n\r\n<p>Der Verantwortliche f\u00fcr die Verarbeitung personenbezogener Daten f\u00fcr die Daten, die \u00fcber die auf der Website www.Minitop.it verf\u00fcgbaren Formulare erhoben werden, ist der Gesch\u00e4ftsf\u00fchrer der Firma Minitop.<\/p>\r\n\r\n<p><strong>Datenerhebung und Herkunft<\/strong><\/p>\r\n\r\n<p>Alle Daten \u00fcber Benutzer werden direkt von ihnen erhoben.<\/p>\r\n\r\n<p>Minitop verpflichtet sich, die Zustimmung seiner Benutzer einzuholen und\/oder ihnen zu gestatten, der Verwendung ihrer Daten f\u00fcr bestimmte Zwecke zu widersprechen, sobald dies erforderlich ist.<\/p>\r\n\r\n<p>In jedem Fall werden die Benutzer \u00fcber die Zwecke, f\u00fcr die ihre Daten gesammelt werden, \u00fcber die verschiedenen Online-Datenerfassungsformulare und \u00fcber die untenstehende Cookie-Verwaltungsrichtlinie informiert.<\/p>\r\n\r\n<p><strong>Notwendigkeit und Zwecke der Erhebung<\/strong><\/p>\r\n\r\n<p>Die von Minitop durchgef\u00fchrte Verarbeitung erf\u00fcllt einen ausdr\u00fccklichen, legitimen und festgelegten Zweck. Minitop stellt sicher, dass nur Daten erhoben und verarbeitet werden, die f\u00fcr den Zweck, f\u00fcr den sie verarbeitet werden, unbedingt erforderlich sind (Datenminimierung).<\/p>\r\n\r\n<p>Die vom Benutzer \u00fcber die auf der Website verf\u00fcgbaren Formulare \u00fcbermittelten Daten werden zu folgenden Zwecken verarbeitet:<\/p>\r\n\r\n\r\n\r\n<ul class=\"wp-block-list\">\r\n<li>Verwaltung der Kontakte mit Minitop \u00fcber die Website www.Minitop.it<\/li>\r\n<\/ul>\r\n\r\n<p><strong>Art der verarbeiteten Daten<\/strong><\/p>\r\n\r\n<p>Minitop wird wahrscheinlich als Datenverantwortlicher verarbeiten:<\/p>\r\n\r\n\r\n\r\n<ul class=\"wp-block-list\">\r\n<li>Um Terminvereinbarungen und Informationsanfragen des Vereins \u00fcber die Website zu erm\u00f6glichen: www.Minitop.it\/contact\/<\/li>\r\n<li>Um das Surfen auf der Website zu erm\u00f6glichen: Verbindungs- und Website-Nutzungsdaten<\/li>\r\n<li>Zur Durchf\u00fchrung von Kommunikationskampagnen: E-Mail-Adresse<\/li>\r\n<\/ul>\r\n\r\n<p><strong>Empf\u00e4nger der Daten<\/strong><\/p>\r\n\r\n<p>Die vom Benutzer \u00fcber die auf der Website verf\u00fcgbaren Formulare \u00fcbermittelten Informationen sind ausschlie\u00dflich f\u00fcr das autorisierte Personal von Minitop f\u00fcr administrative und kommerzielle Managementzwecke bestimmt.<\/p>\r\n\r\n<p><strong>Vorratsdatenspeicherung<\/strong><\/p>\r\n\r\n<p>Minitop speichert Ihre Daten nur so lange, wie es f\u00fcr die Vorg\u00e4nge, f\u00fcr die sie erhoben wurden, und in \u00dcbereinstimmung mit den geltenden Gesetzen erforderlich ist.<\/p>\r\n\r\n<p><strong>Sicherheit<\/strong><\/p>\r\n\r\n<p>Minitop SRL setzt alle technischen und organisatorischen Ma\u00dfnahmen um, um die Sicherheit der Verarbeitung personenbezogener Daten und die Vertraulichkeit personenbezogener Daten zu gew\u00e4hrleisten.<\/p>\r\n\r\n<p>Daher trifft Minitop alle n\u00fctzlichen Vorkehrungen in Bezug auf die Art der Daten und die Risiken, die mit der Verarbeitung verbunden sind, um die Sicherheit der Daten zu wahren und insbesondere zu verhindern, dass sie verf\u00e4lscht, besch\u00e4digt oder besch\u00e4digt werden dass unbefugte Dritte Zugriff darauf haben (physischer Schutz der R\u00e4umlichkeiten, Authentifizierungsverfahren mit pers\u00f6nlichem und sicherem Zugang \u00fcber vertrauliche Kennungen und Passw\u00f6rter, Protokollierung von Verbindungen, Verschl\u00fcsselung bestimmter Daten etc.).<\/p>\r\n\r\n<p><strong>Deine Rechte<\/strong><\/p>\r\n\r\n<p>In Anwendung der Datenschutzbestimmungen und der geltenden europ\u00e4ischen Vorschriften haben Sie ein Recht auf Auskunft (Artikel 15 RGPD) und Berichtigung (Artikel 16 RGPD), Aktualisierung, Vollst\u00e4ndigkeit Ihrer Daten \u2013 Recht auf Sperrung oder L\u00f6schung Ihrer personenbezogenen Daten (Artikel 17 DSGVO), wenn sie ungenau, unvollst\u00e4ndig, mehrdeutig oder veraltet sind oder deren Erhebung, Nutzung, \u00dcbermittlung oder Speicherung verboten ist \u2013 Recht auf jederzeitigen Widerruf der Einwilligung (Artikel 13-2c DSGVO) \u2013 Recht auf Einschr\u00e4nkung der Datenverarbeitung ( Artikel 18 DSGVO) \u2013 Recht auf Widerspruch gegen die Datenverarbeitung (Artikel 21 DSGVO) \u2013 Recht auf Daten\u00fcbertragbarkeit der von Ihnen bereitgestellten Daten, wenn diese Daten aufgrund ihrer Einwilligung oder eines Vertrags einer automatisierten Verarbeitung unterliegen (Artikel 20 RGPD) \u2013 Recht das Schicksal Ihrer Daten im Todesfall festzulegen und zu w\u00e4hlen, an wen die Firma Minitop gehen soll kommunizieren (oder nicht).<\/p>\r\n\r\n<p>Wann immer das Unternehmen personenbezogene Daten verarbeitet, ergreift es alle angemessenen Ma\u00dfnahmen, um die Genauigkeit und Relevanz der personenbezogenen Daten im Hinblick auf die Zwecke, f\u00fcr die es sie verarbeitet, sicherzustellen.<\/p>\r\n\r\n<p>Wenn Sie wissen m\u00f6chten, wie Minitop Ihre personenbezogenen Daten verwendet, um deren Berichtigung bitten oder sich ihrer Verarbeitung widersetzen m\u00f6chten, k\u00f6nnen Sie sich schriftlich unter der Postanschrift von Minitop oder per E-Mail unter contact@Minitop .it an den Pr\u00e4sidenten wenden. In diesem Fall m\u00fcssen Sie die personenbezogenen Daten angeben, die das Unternehmen korrigieren, aktualisieren oder l\u00f6schen soll, und sich genau identifizieren. Antr\u00e4ge auf L\u00f6schung personenbezogener Daten unterliegen den gesetzlichen Verpflichtungen des Unternehmens, insbesondere in Bezug auf die Aufbewahrung oder Archivierung von Dokumenten. Schlie\u00dflich k\u00f6nnen Sie eine Beschwerde bei den Aufsichtsbeh\u00f6rden einreichen, insbesondere bei der CNIL ( <a href=\"https:\/\/www.cnil.fr\/fr\/plaintes\">https:\/\/www.cnil.fr\/fr\/plaintes<\/a> )<\/p>\r\n\r\n\r\n\r\n<h3 class=\"wp-block-heading\"><strong>2-3- Cookie-Richtlinie<\/strong><\/h3>\r\n\r\n<p>Ein \u201eCookie\u201c ist eine kleine Informationsdatei, die an den Browser des Benutzers gesendet und auf dem Endger\u00e4t des Benutzers (z. B. Computer, Smartphone) gespeichert wird (im Folgenden \u201eCookies\u201c). Es wird von der Website verwendet, um Informationen an den Browser des Benutzers zu senden, damit dieser Informationen an die Website zur\u00fcckgibt (z. B. eine Sitzungskennung, die Wahl einer Sprache oder eines Datums).<\/p>\r\n\r\n<p>Es gibt verschiedene Arten von Cookies:<\/p>\r\n\r\n\r\n\r\n<ul class=\"wp-block-list\">\r\n<li>Sitzungscookies, die verschwinden, sobald Sie die Website verlassen;<\/li>\r\n<li>Permanente Cookies, die auf Ihrem Ger\u00e4t verbleiben, bis ihre Lebensdauer abgelaufen ist oder bis Sie sie mit den Funktionen Ihres Browsers l\u00f6schen.<\/li>\r\n<\/ul>\r\n\r\n<p>Die auf der Website verwendeten Cookies sind Cookies von Drittanbietern, die ausschlie\u00dflich f\u00fcr folgende Zwecke ausgew\u00e4hlt wurden:<\/p>\r\n\r\n\r\n\r\n<ul class=\"wp-block-list\">\r\n<li>Analysieren Sie die H\u00e4ufigkeit und Nutzung der Website \u00fcber die Dienste<\/li>\r\n<li>Ihren Browser als den eines vorherigen Besuchers zu erkennen, um die Einstellungen zu speichern, die Sie w\u00e4hrend Ihres vorherigen Besuchs auf der Website festgelegt haben<\/li>\r\n<li>die Wirksamkeit unserer Online-Inhalte und ihrer Eigenschaften zu messen und zu untersuchen<\/li>\r\n<\/ul>\r\n\r\n<p>Liste von Drittanbietern und Link zu deren rechtlichen Hinweisen und Datenschutzbestimmungen:<\/p>\r\n\r\n\r\n\r\n<ul class=\"wp-block-list\">\r\n<li>Hotjar: <a href=\"https:\/\/www.hotjar.com\/legal\/policies\/cookie-information\">https:\/\/www.hotjar.com\/legal\/policies\/cookie-information<\/a><\/li>\r\n<li>Google-Analytics: <a href=\"https:\/\/policies.google.com\/privacy#infocollect\">https:\/\/policies.google.com\/privacy#infocollect<\/a><\/li>\r\n<\/ul>\r\n\r\n<p>Sie haben die M\u00f6glichkeit, die Installation von Cookies, die von der Website verwendet werden, zu akzeptieren oder abzulehnen, indem Sie Ihren Browser einstellen. F\u00fcr die Verwaltung von Cookies und Benutzerauswahl ist die Konfiguration jedes Browsers unterschiedlich. Es wird im Hilfemen\u00fc des Browsers beschrieben, wodurch Sie erfahren k\u00f6nnen, wie der Benutzer seine W\u00fcnsche in Bezug auf Cookies \u00e4ndern kann.<\/p>\r\n\r\n<p>Wir weisen Sie jedoch darauf hin, dass bestimmte Funktionen, Seiten und Bereiche der Website m\u00f6glicherweise nicht mehr zug\u00e4nglich sind, wenn Sie Ihren Browser so einstellen, dass er Cookies ablehnt. Gegebenenfalls lehnt das Unternehmen jegliche Verantwortung f\u00fcr die Folgen ab, die mit der eingeschr\u00e4nkten Funktion der Website verbunden sind.<\/p>\r\n\r\n<p>Wir weisen Sie auch darauf hin, dass, wenn Sie der Installation oder Verwendung eines Cookies widersprechen, ein Ablehnungs-Cookie auf Ihrem Endger\u00e4t installiert wird. Wenn Sie dieses Ablehnungs-Cookie l\u00f6schen, ist es nicht mehr m\u00f6glich, Sie als Ablehnung der Verwendung von Cookies zu identifizieren. Ebenso wird ein Zustimmungs-Cookie installiert, wenn Sie der Installation von Cookies zustimmen. Einwilligungs- oder Ablehnungs-Cookies m\u00fcssen auf Ihrem Endger\u00e4t verbleiben.<\/p>\r\n\r\n\r\n\r\n<h3 class=\"wp-block-heading\"><strong>2-4- Soziale Netzwerke<\/strong><\/h3>\r\n\r\n<p>Minitop verwendet f\u00fcr diese Website keine Links zu sozialen Netzwerken.<\/p>\r\n\r\n\r\n\r\n<h3 class=\"wp-block-heading\"><strong>2-5- Konforme Nutzung der Website<\/strong><\/h3>\r\n\r\n<p>Der Benutzer der Website ist verpflichtet, die Bestimmungen des Gesetzes Nr. 78-17 \u00fcber Datenverarbeitung, Dateien und Freiheiten vom 6. Januar 1978 in der ge\u00e4nderten Fassung einzuhalten, deren Verletzung strafrechtlich verfolgt wird. Insbesondere muss er jede Sammlung, jeden Missbrauch und im Allgemeinen jede Handlung unterlassen, die geeignet ist, die Privatsph\u00e4re oder den Ruf von Personen zu verletzen.<\/p>\r\n\r\n\r\n\r\n<h3 class=\"wp-block-heading\"><strong>2-6- Geistiges Eigentum<\/strong><\/h3>\r\n\r\n<p>Die Website www.Minitop.it als Ganzes sowie jedes einzelne Element, aus dem sie besteht, insbesondere die spezifischen Programme und Entwicklungen und die Inhalte, einschlie\u00dflich Daten, Texte, feste oder animierte Bilder, Logos, Sounds, Grafiken , Dateien , sind ausschlie\u00dfliches Eigentum des Unternehmens oder von Dritten, die ihm eine Lizenz erteilt haben.<\/p>\r\n\r\n<p>Jede vollst\u00e4ndige oder teilweise Darstellung der Website oder einer ihrer Komponenten ohne die ausdr\u00fcckliche Genehmigung von Minitop ist verboten und stellt eine Verletzung dar, die nach den Artikeln L.335-2 und folgenden des Gesetzes \u00fcber geistiges Eigentum strafbar ist.<\/p>\r\n\r\n<p>Die auf der Website erscheinenden Datenbanken sind durch die Artikel L.341-1 ff. des Gesetzes \u00fcber geistiges Eigentum gesch\u00fctzt, und jede qualitativ oder quantitativ wesentliche Extraktion oder Wiederverwendung des Inhalts der Datenbanken wird sanktioniert.<\/p>\r\n\r\n<p>Die auf der Website erscheinenden Warenzeichen und Logos sind Warenzeichen, die von Minitop oder Dritten eingetragen wurden. Jegliche Vervielf\u00e4ltigung, Nachahmung oder Verwendung, ganz oder teilweise, dieser Unterscheidungszeichen ohne ausdr\u00fcckliche Genehmigung und unter Versto\u00df gegen die Verbote der Artikel L.713-2 und folgende des Gesetzes \u00fcber geistiges Eigentum zieht die Verantwortung ihres Urhebers nach sich.<\/p>\r\n\r\n<p>Die anderen Unterscheidungsmerkmale, insbesondere die auf der Website reproduzierten Firmennamen, Handelsnamen, Zeichen und Domainnamen, sind Eigentum des Unternehmens oder Dritter, und jede Reproduktion ohne ausdr\u00fcckliche Genehmigung stellt wahrscheinlich eine Usurpation dar, die die Verantwortung des Urhebers auf sich zieht Grundlage von Artikel 1240 des B\u00fcrgerlichen Gesetzbuches.<\/p>\r\n\r\n\r\n\r\n<h3 class=\"wp-block-heading\"><strong>2-7- Verkn\u00fcpfungen<\/strong><\/h3>\r\n\r\n<p>Minitop beh\u00e4lt sich das Recht vor, die von seiner Website angebotenen Links zu Websites Dritter zu entfernen, wenn diese gegen die wesentlichen Grunds\u00e4tze seines Berufs und die Werte des Unternehmens versto\u00dfen.<\/p>\r\n\r\n<p>Benutzer der Website d\u00fcrfen ohne die vorherige schriftliche Genehmigung von Minitop keinen Deep-Link zu dieser Website einrichten.<\/p>\r\n\r\n\r\n\r\n<h3 class=\"wp-block-heading\"><strong>2-8- Modifikation<\/strong><\/h3>\r\n\r\n<p>Minitop beh\u00e4lt sich das Recht vor, den Inhalt dieser Mitteilung jederzeit und ohne Vorank\u00fcndigung zu \u00e4ndern. Der Benutzer wird daher aufgefordert, es regelm\u00e4\u00dfig zu konsultieren.<\/p>\r\n\r\n\r\n\r\n<h2 class=\"wp-block-heading\"><strong>Ben\u00f6tigen Sie Hilfe, um diese rechtlichen Hinweise besser zu verstehen?<\/strong><\/h2>\r\n\r\n<p>Sie k\u00f6nnen uns kontaktieren und uns Ihre Fragen per E-Mail senden: <a href=\"mailto:info@Minitop.it\">info@Minitop.it<\/a><\/p>\r\n\r\n<p>&nbsp;<\/p>\r\n<p>[\/vc_column_text][\/vc_column][\/vc_row]<\/p><\/div>","protected":false},"excerpt":{"rendered":"<p>[vc_row][vc_column][vc_column_text] 1- RECHTLICHE HINWEISE Name der Website: Minitop.it Adresse: Minitop.it Eigent\u00fcmer: Minitop mit Sitz in Strada Europa, 39 &#8211; 10060 Bricherasio (TO) Italia Verantwortlich f\u00fcr die Ver\u00f6ffentlichung : Der Gesch\u00e4ftsf\u00fchrer von Minitop Design und Produktion: Minitop.it Hosting: Logica Network Via Emilio De Marchi 22, 10148 Torino info@logicanetwork.it 2- DATENSCHUTZERKL\u00c4RUNG 2-1 Haftung Der Manager der Firma [&hellip;]<\/p>\n","protected":false},"author":1,"featured_media":0,"parent":0,"menu_order":0,"comment_status":"closed","ping_status":"closed","template":"","meta":{"_themeisle_gutenberg_block_has_review":false,"footnotes":""},"class_list":["post-13252","page","type-page","status-publish","hentry"],"yoast_head":"<!-- This site is optimized with the Yoast SEO plugin v22.2 - https:\/\/yoast.com\/wordpress\/plugins\/seo\/ -->\n<title>Impressum und Datenschutzerkl\u00e4rung - Minitop<\/title>\n<meta name=\"description\" content=\"Unser Impressum und unsere Datenschutzbestimmungen versichern Ihnen die Seriosit\u00e4t unseres Unternehmens f\u00fcr den Vertrieb von Gummiketten.\" \/>\n<meta name=\"robots\" content=\"index, follow, max-snippet:-1, max-image-preview:large, max-video-preview:-1\" \/>\n<link rel=\"canonical\" href=\"https:\/\/minitop.it\/de\/impressum-und-datenschutzerklaerung\/\" \/>\n<meta property=\"og:locale\" content=\"de_DE\" \/>\n<meta property=\"og:type\" content=\"article\" \/>\n<meta property=\"og:title\" content=\"Impressum und Datenschutzerkl\u00e4rung - Minitop\" \/>\n<meta property=\"og:description\" content=\"Unser Impressum und unsere Datenschutzbestimmungen versichern Ihnen die Seriosit\u00e4t unseres Unternehmens f\u00fcr den Vertrieb von Gummiketten.\" \/>\n<meta property=\"og:url\" content=\"https:\/\/minitop.it\/de\/impressum-und-datenschutzerklaerung\/\" \/>\n<meta property=\"og:site_name\" content=\"Minitop\" \/>\n<meta property=\"article:publisher\" content=\"https:\/\/www.facebook.com\/minitopsrl\" \/>\n<meta property=\"article:modified_time\" content=\"2023-01-10T09:38:56+00:00\" \/>\n<meta name=\"twitter:card\" content=\"summary_large_image\" \/>\n<meta name=\"twitter:label1\" content=\"Gesch\u00e4tzte Lesezeit\" \/>\n\t<meta name=\"twitter:data1\" content=\"10\u00a0Minuten\" \/>\n<script type=\"application\/ld+json\" class=\"yoast-schema-graph\">{\"@context\":\"https:\/\/schema.org\",\"@graph\":[{\"@type\":\"WebPage\",\"@id\":\"https:\/\/minitop.it\/de\/impressum-und-datenschutzerklaerung\/\",\"url\":\"https:\/\/minitop.it\/de\/impressum-und-datenschutzerklaerung\/\",\"name\":\"Impressum und Datenschutzerkl\u00e4rung - Minitop\",\"isPartOf\":{\"@id\":\"https:\/\/minitop.it\/#website\"},\"datePublished\":\"2022-04-14T09:36:40+00:00\",\"dateModified\":\"2023-01-10T09:38:56+00:00\",\"description\":\"Unser Impressum und unsere Datenschutzbestimmungen versichern Ihnen die Seriosit\u00e4t unseres Unternehmens f\u00fcr den Vertrieb von Gummiketten.\",\"breadcrumb\":{\"@id\":\"https:\/\/minitop.it\/de\/impressum-und-datenschutzerklaerung\/#breadcrumb\"},\"inLanguage\":\"de\",\"potentialAction\":[{\"@type\":\"ReadAction\",\"target\":[\"https:\/\/minitop.it\/de\/impressum-und-datenschutzerklaerung\/\"]}]},{\"@type\":\"BreadcrumbList\",\"@id\":\"https:\/\/minitop.it\/de\/impressum-und-datenschutzerklaerung\/#breadcrumb\",\"itemListElement\":[{\"@type\":\"ListItem\",\"position\":1,\"name\":\"Home\",\"item\":\"https:\/\/minitop.it\/de\/\"},{\"@type\":\"ListItem\",\"position\":2,\"name\":\"Impressum und Datenschutzerkl\u00e4rung\"}]},{\"@type\":\"WebSite\",\"@id\":\"https:\/\/minitop.it\/#website\",\"url\":\"https:\/\/minitop.it\/\",\"name\":\"Minitop\",\"description\":\"1. Hersteller von Gummiraupen in Europa\",\"publisher\":{\"@id\":\"https:\/\/minitop.it\/#organization\"},\"potentialAction\":[{\"@type\":\"SearchAction\",\"target\":{\"@type\":\"EntryPoint\",\"urlTemplate\":\"https:\/\/minitop.it\/?s={search_term_string}\"},\"query-input\":\"required name=search_term_string\"}],\"inLanguage\":\"de\"},{\"@type\":\"Organization\",\"@id\":\"https:\/\/minitop.it\/#organization\",\"name\":\"Minitop\",\"url\":\"https:\/\/minitop.it\/\",\"logo\":{\"@type\":\"ImageObject\",\"inLanguage\":\"de\",\"@id\":\"https:\/\/minitop.it\/#\/schema\/logo\/image\/\",\"url\":\"https:\/\/minitop.it\/wp-content\/uploads\/2022\/04\/cropped-logominitoptr.png\",\"contentUrl\":\"https:\/\/minitop.it\/wp-content\/uploads\/2022\/04\/cropped-logominitoptr.png\",\"width\":512,\"height\":512,\"caption\":\"Minitop\"},\"image\":{\"@id\":\"https:\/\/minitop.it\/#\/schema\/logo\/image\/\"},\"sameAs\":[\"https:\/\/www.facebook.com\/minitopsrl\",\"https:\/\/www.linkedin.com\/company\/gruppominitopsrl\/\",\"https:\/\/www.youtube.com\/channel\/UC4SxXfoXCpelUKZa-ui9vuA\/featured?cbrd=1\"]}]}<\/script>\n<!-- \/ Yoast SEO plugin. -->","yoast_head_json":{"title":"Impressum und Datenschutzerkl\u00e4rung - Minitop","description":"Unser Impressum und unsere Datenschutzbestimmungen versichern Ihnen die Seriosit\u00e4t unseres Unternehmens f\u00fcr den Vertrieb von Gummiketten.","robots":{"index":"index","follow":"follow","max-snippet":"max-snippet:-1","max-image-preview":"max-image-preview:large","max-video-preview":"max-video-preview:-1"},"canonical":"https:\/\/minitop.it\/de\/impressum-und-datenschutzerklaerung\/","og_locale":"de_DE","og_type":"article","og_title":"Impressum und Datenschutzerkl\u00e4rung - Minitop","og_description":"Unser Impressum und unsere Datenschutzbestimmungen versichern Ihnen die Seriosit\u00e4t unseres Unternehmens f\u00fcr den Vertrieb von Gummiketten.","og_url":"https:\/\/minitop.it\/de\/impressum-und-datenschutzerklaerung\/","og_site_name":"Minitop","article_publisher":"https:\/\/www.facebook.com\/minitopsrl","article_modified_time":"2023-01-10T09:38:56+00:00","twitter_card":"summary_large_image","twitter_misc":{"Gesch\u00e4tzte Lesezeit":"10\u00a0Minuten"},"schema":{"@context":"https:\/\/schema.org","@graph":[{"@type":"WebPage","@id":"https:\/\/minitop.it\/de\/impressum-und-datenschutzerklaerung\/","url":"https:\/\/minitop.it\/de\/impressum-und-datenschutzerklaerung\/","name":"Impressum und Datenschutzerkl\u00e4rung - Minitop","isPartOf":{"@id":"https:\/\/minitop.it\/#website"},"datePublished":"2022-04-14T09:36:40+00:00","dateModified":"2023-01-10T09:38:56+00:00","description":"Unser Impressum und unsere Datenschutzbestimmungen versichern Ihnen die Seriosit\u00e4t unseres Unternehmens f\u00fcr den Vertrieb von Gummiketten.","breadcrumb":{"@id":"https:\/\/minitop.it\/de\/impressum-und-datenschutzerklaerung\/#breadcrumb"},"inLanguage":"de","potentialAction":[{"@type":"ReadAction","target":["https:\/\/minitop.it\/de\/impressum-und-datenschutzerklaerung\/"]}]},{"@type":"BreadcrumbList","@id":"https:\/\/minitop.it\/de\/impressum-und-datenschutzerklaerung\/#breadcrumb","itemListElement":[{"@type":"ListItem","position":1,"name":"Home","item":"https:\/\/minitop.it\/de\/"},{"@type":"ListItem","position":2,"name":"Impressum und Datenschutzerkl\u00e4rung"}]},{"@type":"WebSite","@id":"https:\/\/minitop.it\/#website","url":"https:\/\/minitop.it\/","name":"Minitop","description":"1. Hersteller von Gummiraupen in Europa","publisher":{"@id":"https:\/\/minitop.it\/#organization"},"potentialAction":[{"@type":"SearchAction","target":{"@type":"EntryPoint","urlTemplate":"https:\/\/minitop.it\/?s={search_term_string}"},"query-input":"required name=search_term_string"}],"inLanguage":"de"},{"@type":"Organization","@id":"https:\/\/minitop.it\/#organization","name":"Minitop","url":"https:\/\/minitop.it\/","logo":{"@type":"ImageObject","inLanguage":"de","@id":"https:\/\/minitop.it\/#\/schema\/logo\/image\/","url":"https:\/\/minitop.it\/wp-content\/uploads\/2022\/04\/cropped-logominitoptr.png","contentUrl":"https:\/\/minitop.it\/wp-content\/uploads\/2022\/04\/cropped-logominitoptr.png","width":512,"height":512,"caption":"Minitop"},"image":{"@id":"https:\/\/minitop.it\/#\/schema\/logo\/image\/"},"sameAs":["https:\/\/www.facebook.com\/minitopsrl","https:\/\/www.linkedin.com\/company\/gruppominitopsrl\/","https:\/\/www.youtube.com\/channel\/UC4SxXfoXCpelUKZa-ui9vuA\/featured?cbrd=1"]}]}},"_links":{"self":[{"href":"https:\/\/minitop.it\/de\/wp-json\/wp\/v2\/pages\/13252","targetHints":{"allow":["GET"]}}],"collection":[{"href":"https:\/\/minitop.it\/de\/wp-json\/wp\/v2\/pages"}],"about":[{"href":"https:\/\/minitop.it\/de\/wp-json\/wp\/v2\/types\/page"}],"author":[{"embeddable":true,"href":"https:\/\/minitop.it\/de\/wp-json\/wp\/v2\/users\/1"}],"replies":[{"embeddable":true,"href":"https:\/\/minitop.it\/de\/wp-json\/wp\/v2\/comments?post=13252"}],"version-history":[{"count":0,"href":"https:\/\/minitop.it\/de\/wp-json\/wp\/v2\/pages\/13252\/revisions"}],"wp:attachment":[{"href":"https:\/\/minitop.it\/de\/wp-json\/wp\/v2\/media?parent=13252"}],"curies":[{"name":"wp","href":"https:\/\/api.w.org\/{rel}","templated":true}]}}