
{"id":13236,"date":"2022-04-14T11:36:32","date_gmt":"2022-04-14T09:36:32","guid":{"rendered":"http:\/\/minitop.it\/dienstleistungen\/"},"modified":"2024-09-09T12:20:11","modified_gmt":"2024-09-09T10:20:11","slug":"dienstleistungen-gummiketten-minibagger","status":"publish","type":"page","link":"https:\/\/minitop.it\/de\/dienstleistungen-gummiketten-minibagger\/","title":{"rendered":"Dienstleistungen"},"content":{"rendered":"<div class=\"wpb-content-wrapper\"><p>[vc_row content_placement=&#8221;middle&#8221;][vc_column css=&#8221;.vc_custom_1573154049887{padding-top: 0px !important;}&#8221; offset=&#8221;vc_col-lg-6 vc_col-md-6&#8243;][ct_heading text=&#8221;Gewidmet den H\u00e4ndlern von Baumaschinen&#8221; font_weight=&#8221;&#8221; font_style=&#8221;&#8221; description=&#8221;Minitop eine Referenz f\u00fcr H\u00e4ndler in der Baubranche.&#8221; description_font_size=&#8221;26&#8243; description_line_height=&#8221;40&#8243; des_font_weight=&#8221;500&#8243; description_color=&#8221;#999999&#8243; margin_bottom=&#8221;25&#8243; sub_margin_bottom=&#8221;7&#8243;][ct_heading font_weight=&#8221;&#8221; font_style=&#8221;&#8221; description=&#8221;An jedem Schritt, von der Herstellung der Gummischiene bis zur Lieferung an den Empf\u00e4nger, sind die Mitarbeiter von Minitop direkt beteiligt, die dank ihrer Erfahrung und ihres Fachwissens ein hochprofessionelles Produkt und einen hochprofessionellen Service garantieren k\u00f6nnen. In unseren optimierten Lagerh\u00e4usern k\u00f6nnen wir \u00fcber 400 verschiedene Gr\u00f6\u00dfen von Gummiraupen verwalten und zuweisen, was durch eine konstante Versorgung die Verf\u00fcgbarkeit von mehreren tausend Gummiraupen gew\u00e4hrleistet, die bereit sind, jeden Ort der Welt zu erreichen. Minitop logistics ist durch ausgew\u00e4hlte Spediteure in der Lage, den Empf\u00e4nger in k\u00fcrzester Zeit zu beliefern, da dem Einzelh\u00e4ndler verschiedene Optionen zur Verf\u00fcgung stehen. F\u00fcr Minitop ist der Einzelh\u00e4ndler ein hervorragender Partner, dem wir ein ma\u00dfgeschneidertes Produkt und eine Reihe von Dienstleistungen anbieten, und diese Arbeitsweise ist ein Grundprinzip f\u00fcr alle Mitarbeiter von Minitop.&#8221; des_font_weight=&#8221;&#8221; description_color=&#8221;#222222&#8243; sub_margin_bottom=&#8221;7&#8243;][ct_space space_lg=&#8221;23&#8243; space_md=&#8221;23&#8243; space_sm=&#8221;23&#8243; space_xs=&#8221;23&#8243;][ct_button button_text=&#8221;Die Geschichte von Minitop&#8221; button_link=&#8221;url:%2Fde%2Fueber-uns%2F%23Geschichte|title:Geschichte&#8221; padding_top=&#8221;2&#8243; padding_bottom=&#8221;2&#8243;][ct_space space_lg=&#8221;0&#8243; space_md=&#8221;0&#8243; space_sm=&#8221;55&#8243; space_xs=&#8221;55&#8243;][\/vc_column][vc_column offset=&#8221;vc_col-lg-6 vc_col-md-6&#8243;][ct_banner image_feature=&#8221;13182&#8243; img_size=&#8221;600&#215;800&#8243; ct_image_align=&#8221;image_align_xs_right&#8221; cms_template=&#8221;ct_banner.php&#8221;][\/vc_column][\/vc_row][vc_row][vc_column css=&#8221;.vc_custom_1573153784108{padding-top: 0px !important;}&#8221;][ct_space space_lg=&#8221;100&#8243; space_md=&#8221;100&#8243; space_sm=&#8221;60&#8243; space_xs=&#8221;40&#8243;][\/vc_column][\/vc_row][vc_row full_width=&#8221;stretch_row_content_no_spaces&#8221; equal_height=&#8221;yes&#8221; el_id=&#8221;Angebotf\u00fcralleProfis&#8221;][vc_column parallax=&#8221;content-moving&#8221; parallax_image=&#8221;13188&#8243; parallax_speed_bg=&#8221;1&#8243; css=&#8221;.vc_custom_1649771561762{padding-top: 0px !important;}&#8221; offset=&#8221;vc_col-lg-6 vc_col-md-6&#8243;][ct_space space_lg=&#8221;700&#8243; space_md=&#8221;700&#8243; space_sm=&#8221;700&#8243; space_xs=&#8221;575&#8243;][\/vc_column][vc_column ct_column_class=&#8221;rm-padding-lg&#8221; css=&#8221;.vc_custom_1640961644548{padding-top: 0px !important;padding-right: 65px !important;padding-left: 65px !important;background-color: #de0c16 !important;}&#8221; offset=&#8221;vc_col-lg-6 vc_col-md-6&#8243;][ct_space space_lg=&#8221;50&#8243; space_md=&#8221;50&#8243; space_sm=&#8221;50&#8243; space_xs=&#8221;50&#8243;][ct_heading text=&#8221;F\u00fcr alle Fachleute aus der Welt der Baumaschinen&#8221; font_size=&#8221;32&#8243; font_size_md=&#8221;32&#8243; font_size_sm=&#8221;32&#8243; font_size_xs=&#8221;32&#8243; line_height=&#8221;45&#8243; line_height_md=&#8221;45&#8243; line_height_sm=&#8221;45&#8243; line_height_xs=&#8221;45&#8243; font_weight=&#8221;&#8221; font_style=&#8221;&#8221; text_color=&#8221;#ffffff&#8221; description=&#8221;Minitop verf\u00fcgt \u00fcber ein angepasstes Angebot und Dienstleistungen, die zu 100% auf Ihr Gesch\u00e4ft zugeschnitten sind!&#8221; des_font_weight=&#8221;&#8221; description_color=&#8221;#ffffff&#8221; margin_bottom=&#8221;25&#8243;][ct_fancybox cms_template=&#8221;ct_fancybox&#8211;layout2.php&#8221; title_color=&#8221;#ffffff&#8221; description_color=&#8221;#ffffff&#8221; icon_list=&#8221;flaticon&#8221; icon_color=&#8221;#ffffff&#8221; title=&#8221;Maschinenh\u00e4ndler&#8221; description=&#8221;In mehr als 25 Jahren Gesch\u00e4ftst\u00e4tigkeit hat Minitop die verschiedenen Entwicklungen der Gummiketten erlebt, die die Branche der Erdbaumaschinen gepr\u00e4gt haben. Im Alltag bedeutet das f\u00fcr uns, Auftragsbest\u00e4tigungen und Lieferungen zu verwalten, von der einfachen Gummiketten bis hin zum 20-Zoll-Container mit Hunderten von Artikeln.&#8221; icon_flaticon=&#8221;flaticon-coding&#8221;][ct_space space_lg=&#8221;15&#8243; space_md=&#8221;15&#8243; space_sm=&#8221;15&#8243; space_xs=&#8221;15&#8243;][ct_fancybox cms_template=&#8221;ct_fancybox&#8211;layout2.php&#8221; title_color=&#8221;#ffffff&#8221; description_color=&#8221;#ffffff&#8221; icon_list=&#8221;flaticon&#8221; icon_color=&#8221;#ffffff&#8221; title=&#8221;Einzelh\u00e4ndler von Ersatzteilen&#8221; description=&#8221;Minitop beliefert zahlreiche H\u00e4ndler in ganz Europa mit Ersatzteilen f\u00fcr die Wartung und Reparatur von Minibaggern und Baggern. Unser Logistikangebot versteht es perfekt, sich an die Einzelh\u00e4ndler auf zugeschnittenen Auftragsgr\u00f6\u00dfen anzupassen und gleichzeitig den Service eines st\u00e4ndig verf\u00fcgbaren Lagerbestands in unseren Depots zu bieten.&#8221; icon_flaticon=&#8221;flaticon-tooth-2&#8243;][ct_space space_lg=&#8221;15&#8243; space_md=&#8221;15&#8243; space_sm=&#8221;15&#8243; space_xs=&#8221;15&#8243;][ct_fancybox cms_template=&#8221;ct_fancybox&#8211;layout2.php&#8221; title_color=&#8221;#ffffff&#8221; description_color=&#8221;#ffffff&#8221; icon_list=&#8221;flaticon&#8221; icon_color=&#8221;#ffffff&#8221; title=&#8221;Online-H\u00e4ndler&#8221; description=&#8221;Minitop ist der ideale und zuverl\u00e4ssige Partner f\u00fcr alle H\u00e4ndler, die Gummiketten \u00fcber ihre E-Commerce-Website verkaufen, auch wegen der Vertraulichkeit der verarbeiteten Daten \u00fcber die Empf\u00e4nger der Waren.<br \/>\nDer ROL-Dienst (Reseller On Line) bietet alle Vorteile, die Verk\u00e4ufer ben\u00f6tigen, die Nutzern den Kauf von Artikeln anbieten m\u00f6chten, die nicht in ihrem Eigentum stehen, sondern aufgrund besonderer Vereinbarungen zwischen H\u00e4ndlern und Herstellern der \u00d6ffentlichkeit zur Verf\u00fcgung gestellt werden: Der Besitzer eines solchen Gesch\u00e4fts beschr\u00e4nkt sich also darauf, als Vermittler zwischen dem Lieferanten und dem Verbraucher zu fungieren, ohne sich um die Suche und Lieferung des Produkts k\u00fcmmern zu m\u00fcssen.<br \/>\nDiese Art von Dienstleistung wird mit anonymem Versand und anonymer Verpackung abgewickelt, wobei die Transportunterlagen des Einzelh\u00e4ndlers bei Bedarf per Expresslieferung beigef\u00fcgt werden.<br \/>\nDutzende von internationalen Online-Einzelh\u00e4ndlern vertrauen ihr Gesch\u00e4ft t\u00e4glich Minitop an, aufgrund des hohen Verf\u00fcgbarkeitsfaktors der Waren und der Effizienz des Services.&#8221; icon_flaticon=&#8221;flaticon-hospital&#8221;][ct_space space_lg=&#8221;52&#8243; space_md=&#8221;52&#8243; space_sm=&#8221;52&#8243; space_xs=&#8221;52&#8243;][\/vc_column][\/vc_row][vc_row full_width=&#8221;stretch_row&#8221; css=&#8221;.vc_custom_1649252537143{background-color: #eaeaea !important;}&#8221; el_id=&#8221;Servicesauxpros&#8221;][vc_column css=&#8221;.vc_custom_1570724274135{padding-top: 0px !important;}&#8221;][ct_space space_lg=&#8221;90&#8243; space_md=&#8221;90&#8243; space_sm=&#8221;60&#8243; space_xs=&#8221;60&#8243;][vc_row_inner][vc_column_inner width=&#8221;1\/6&#8243;][\/vc_column_inner][vc_column_inner width=&#8221;2\/3&#8243;][ct_heading text=&#8221;Spezielle Dienstleistungen f\u00fcr H\u00e4ndler&#8221; align_lg=&#8221;align-center&#8221; align_md=&#8221;center&#8221; align_sm=&#8221;align-center-sm&#8221; align_xs=&#8221;align-center-xs&#8221; font_weight=&#8221;&#8221; font_style=&#8221;&#8221; description=&#8221;<strong>Von Profis f\u00fcr Profis entwickelt,<\/strong> unsere speziellen Dienstleistungen f\u00fcr H\u00e4ndler von Gummiketten erm\u00f6glichen es wir, Ihnen Folgendes <strong> einen qualitativ hochwertigen Service <\/strong>zu garantieren, <strong> der perfekt auf Ihre Bed\u00fcrfnisse zugeschnitten ist. <\/strong>&#8221; des_font_weight=&#8221;&#8221;][ct_space space_lg=&#8221;60&#8243; space_md=&#8221;60&#8243; space_sm=&#8221;60&#8243; space_xs=&#8221;60&#8243;][\/vc_column_inner][vc_column_inner width=&#8221;1\/6&#8243;][\/vc_column_inner][\/vc_row_inner][ct_fancybox_grid content_list=&#8221;%5B%7B%22title%22%3A%22EINEN%20ZUGEWIESENEN%20TECHNISCHEN%20UND%20KOMMERZIELLEN%20BERATER%22%2C%22number_title%22%3A%221%22%2C%22fcb_content%22%3A%22Die%20Verkaufsberater%20von%20Minitop%20sind%20darauf%20fertig%2C%20alle%20Ihre%20technischen%20und%20kaufm%C3%A4nnischen%20Fragen%20zu%20beantworten.%20Sie%20sind%20in%20der%20Lage%2C%20innerhalb%20k%C3%BCrzester%20Zeit%20Standard-%20oder%20kundenspezifische%20Angebote%20und%20Bestellungen%20zu%20formulieren.%3C%2Fbr%3E%20%5CnUnsere%20H%C3%A4ndler%20sind%20immer%20%3Cstrong%3E%20Betreuung%20durch%20einen%20zugewiesenen%20Minitop-Referenzverk%C3%A4ufer%20%3C%2Fstrong%3E%20f%C3%BCr%20eine%20direkte%20Kommunikation%20und%20eine%20perfekte%20Kenntnis%20ihres%20Unternehmens.%3C%2Fbr%3E%5Cn%3Ca%20href%3D%5C%22%2Fde%2Fkontakt-de%2F%5C%22%3EKontaktieren%20Sie%20Ihren%20zust%C3%A4ndigen%20Vertriebsmitarbeiter%3C%2Fa%3E%22%2C%22icon_flaticon%22%3A%22flaticon-phone-call%22%2C%22item_link%22%3A%22url%3A%2523%7C%7C%7C%22%7D%2C%7B%22title%22%3A%22EIN%20EXTRANET-PORTAL%22%2C%22number_title%22%3A%222%22%2C%22fcb_content%22%3A%22Dank%20des%20%3Ca%20href%3D%5C%22https%3A%2F%2Fexnet.minitop.it%2F%5C%22%3EExtranet-Portal%20von%20Minitop%3C%2Fa%3E%2Ck%C3%B6nnen%20Sie%20jederzeit%20%3Cstrong%3E%20das%20Modell%20der%20Gummiketten%20f%C3%BCr%20Ihr%20Ger%C3%A4t%20leicht%20identifizieren%2C%20%3C%2Fstrong%3E%20und%20auch%20%3Cstrong%3E%20die%20Verf%C3%BCgbarkeit%20auf%20Lager%20pr%C3%BCfen%20%3C%2Fstrong%3E%20von%20Ketten%20und%20%3Cstrong%3E%20Ihre%20Bestellungen%20online%20aufgeben.%20%3C%2Fstrong%3E%20%3C%2Fbr%3E%5CnDer%20Anwendungskatalog%20verf%C3%BCgt%20%C3%BCber%20eine%20neue%20Suchmaschine%2C%20um%20die%20korrekte%20Auswahl%20der%20Spuren%20bei%20Modellen%20mit%20unterschiedlichen%20L%C3%B6sungen%20zu%20erleichtern.%3C%2Fbr%3E%5CnAu%C3%9Ferdem%2C%20erm%C3%B6glicht%20das%20Extranet-Portal%20Ihnen%2C%20den%20Verlauf%20Ihrer%20Bestellungen%20zu%20verfolgen.%22%2C%22icon_flaticon%22%3A%22flaticon-hospital%22%2C%22item_link%22%3A%22url%3A%2523%7C%7C%7C%22%7D%2C%7B%22title%22%3A%22EINE%20DEDIZIERTE%20LOGISTIK%22%2C%22number_title%22%3A%223%22%2C%22fcb_content%22%3A%22Jede%20versandte%20Bestellung%20von%20Minitop%20folgt%20einem%20genauen%20Protokoll%2C%20das%20die%20kommerziellen%20und%20logistischen%20Bedingungen%20ber%C3%BCcksichtigt%2C%20die%20mit%20dem%20Einzelh%C3%A4ndler%20bestehen.%20%3Cstrong%3E%20Jeder%20H%C3%A4ndler%20wird%20vollkommen%20individuell%20betrachtet.%20%3C%2Fstrong%3E%20Von%20der%20Art%20der%20Paletten%20%C3%BCber%20die%20Verpackung%20bis%20hin%20zum%20Sicherheitssiegel%20oder%20Versandformat%2024h%2C%2048h%20oder%2072h%20-%20alles%20ist%20%3Cstrong%3E100%25%20realisiert%20nach%20den%20W%C3%BCnschen%20des%20H%C3%A4ndlers.%20%3C%2Fstrong%3E%20Die%20international%20t%C3%A4tigen%20Partnerspediteure%20von%20Minitop%20werden%20regelm%C3%A4%C3%9Fig%20%C3%BCberpr%C3%BCft%2C%20um%20sicherzustellen%2C%20dass%20die%20vereinbarten%20Lieferbedingungen%20eingehalten%20werden.%20%22%2C%22icon_flaticon%22%3A%22flaticon-twitter%22%7D%5D&#8221; col_xs=&#8221;1&#8243; col_sm=&#8221;2&#8243; col_md=&#8221;3&#8243; col_lg=&#8221;3&#8243; col_xl=&#8221;3&#8243;][ct_space space_lg=&#8221;60&#8243; space_md=&#8221;60&#8243; space_sm=&#8221;20&#8243; space_xs=&#8221;20&#8243;][\/vc_column][\/vc_row][vc_row full_width=&#8221;stretch_row_content_no_spaces&#8221; equal_height=&#8221;yes&#8221; css=&#8221;.vc_custom_1572018142518{background-color: #ffffff !important;}&#8221;][vc_column ct_column_class=&#8221;rm-padding-lg&#8221; css=&#8221;.vc_custom_1573153960206{padding-top: 0px !important;padding-right: 115px !important;padding-left: 115px !important;}&#8221; offset=&#8221;vc_col-lg-7 vc_col-md-7&#8243;][ct_space space_lg=&#8221;75&#8243; space_md=&#8221;75&#8243; space_sm=&#8221;40&#8243; space_xs=&#8221;40&#8243;][ct_heading text=&#8221;Ein Team von Fachleuten, das sich verpflichtet, um unseren Kunden den besten Service zu bieten.&#8221; font_weight=&#8221;&#8221; font_style=&#8221;&#8221; description=&#8221;Das gesamte Minitop Team ist auf eine einzige Aufgabe ausgerichtet: Ihre W\u00fcnsche zu erf\u00fcllen!&#8221; description_font_size=&#8221;15&#8243; des_font_weight=&#8221;&#8221; description_color=&#8221;#494949&#8243;][ct_space space_lg=&#8221;50&#8243; space_md=&#8221;50&#8243; space_sm=&#8221;25&#8243; space_xs=&#8221;25&#8243;][ct_heading text=&#8221;Minitop: Zufriedenheitsindex unserer Kunden*&#8221; font_weight=&#8221;&#8221; font_style=&#8221;&#8221; des_font_weight=&#8221;&#8221;][ct_space space_lg=&#8221;50&#8243; space_md=&#8221;50&#8243; space_sm=&#8221;25&#8243; space_xs=&#8221;25&#8243;][ct_progressbar ct_progressbar_list=&#8221;%5B%7B%22item_title%22%3A%22Produktqualit%C3%A4t%22%2C%22value%22%3A%2298%22%7D%2C%7B%22item_title%22%3A%22Verf%C3%BCgbarkeit%20der%20Produkte%20auf%20dem%20Lager%22%2C%22value%22%3A%2293%22%7D%2C%7B%22item_title%22%3A%22Technische%20und%20kommerzielle%20Unterst%C3%BCtzung%22%2C%22value%22%3A%2299%22%7D%2C%7B%22item_title%22%3A%22Kundentreue%22%2C%22value%22%3A%2289%22%7D%5D&#8221; font_weight=&#8221;600&#8243;][ct_heading font_weight=&#8221;&#8221; font_style=&#8221;&#8221; description=&#8221;* Laut internem Report 31.12.2021&#8243; description_font_size=&#8221;15&#8243; des_font_weight=&#8221;&#8221; description_color=&#8221;#494949&#8243;][ct_space space_lg=&#8221;75&#8243; space_md=&#8221;75&#8243; space_sm=&#8221;40&#8243; space_xs=&#8221;40&#8243;][ct_heading text=&#8221;Werden Sie auch ein Minitop-Kette Verk\u00e4ufer!&#8221; font_size=&#8221;35&#8243; font_size_md=&#8221;35&#8243; font_size_sm=&#8221;35&#8243; font_size_xs=&#8221;35&#8243; line_height=&#8221;45&#8243; line_height_md=&#8221;45&#8243; line_height_sm=&#8221;45&#8243; line_height_xs=&#8221;45&#8243; font_weight=&#8221;600&#8243; font_style=&#8221;&#8221; description=&#8221;Kontaktieren Sie einen unserer Verkaufsberatern, um Verk\u00e4ufer zu werden.&#8221; description_font_size=&#8221;15&#8243; des_font_weight=&#8221;&#8221; description_color=&#8221;#494949&#8243;][ct_space space_lg=&#8221;50&#8243; space_md=&#8221;50&#8243; space_sm=&#8221;25&#8243; space_xs=&#8221;25&#8243;][ct_button button_text=&#8221;Kontaktieren Sie Ihren lokalen Berater&#8221; button_link=&#8221;url:%2Fde%2Fkontakt-de%2F|title:Kontakt&#8221; button_size=&#8221;size-lg&#8221; icon_fontawesome=&#8221;fas fa-address-card&#8221; padding_top=&#8221;2&#8243; padding_bottom=&#8221;2&#8243; animation=&#8221;bounceInDown&#8221;][ct_space space_lg=&#8221;55&#8243; space_md=&#8221;55&#8243; space_sm=&#8221;40&#8243; space_xs=&#8221;40&#8243;][\/vc_column][vc_column parallax=&#8221;content-moving&#8221; parallax_image=&#8221;21380&#8243; parallax_speed_bg=&#8221;1.2&#8243; offset=&#8221;vc_col-lg-5 vc_col-md-5&#8243;][ct_space space_lg=&#8221;540&#8243; space_md=&#8221;450&#8243; space_sm=&#8221;450&#8243; space_xs=&#8221;450&#8243;][\/vc_column][\/vc_row]<\/p>\n<\/div>","protected":false},"excerpt":{"rendered":"<p>[vc_row content_placement=&#8221;middle&#8221;][vc_column css=&#8221;.vc_custom_1573154049887{padding-top: 0px !important;}&#8221; offset=&#8221;vc_col-lg-6 vc_col-md-6&#8243;][ct_heading text=&#8221;Gewidmet den H\u00e4ndlern von Baumaschinen&#8221; font_weight=&#8221;&#8221; font_style=&#8221;&#8221; description=&#8221;Minitop eine Referenz f\u00fcr H\u00e4ndler in der Baubranche.&#8221; description_font_size=&#8221;26&#8243; description_line_height=&#8221;40&#8243; des_font_weight=&#8221;500&#8243; description_color=&#8221;#999999&#8243; margin_bottom=&#8221;25&#8243; sub_margin_bottom=&#8221;7&#8243;][ct_heading font_weight=&#8221;&#8221; font_style=&#8221;&#8221; description=&#8221;An jedem Schritt, von der Herstellung der Gummischiene bis zur Lieferung an den Empf\u00e4nger, sind die Mitarbeiter von Minitop direkt beteiligt, die dank ihrer Erfahrung [&hellip;]<\/p>\n","protected":false},"author":1,"featured_media":0,"parent":0,"menu_order":0,"comment_status":"closed","ping_status":"closed","template":"","meta":{"_themeisle_gutenberg_block_has_review":false,"footnotes":""},"class_list":["post-13236","page","type-page","status-publish","hentry"],"yoast_head":"<!-- This site is optimized with the Yoast SEO plugin v22.2 - https:\/\/yoast.com\/wordpress\/plugins\/seo\/ -->\n<title>Dienstleistungen - Minitop f\u00fcr H\u00e4ndler von Gummiketten<\/title>\n<meta name=\"description\" content=\"Entdecken Sie das 100%ige Angebot f\u00fcr H\u00e4ndler von Gummiketten und werden Sie H\u00e4ndler von Minibagger-Ketten!\" \/>\n<meta name=\"robots\" content=\"index, follow, max-snippet:-1, max-image-preview:large, max-video-preview:-1\" \/>\n<link rel=\"canonical\" href=\"https:\/\/minitop.it\/de\/dienstleistungen-gummiketten-minibagger\/\" \/>\n<meta property=\"og:locale\" content=\"de_DE\" \/>\n<meta property=\"og:type\" content=\"article\" \/>\n<meta property=\"og:title\" content=\"Dienstleistungen - Minitop f\u00fcr H\u00e4ndler von Gummiketten\" \/>\n<meta property=\"og:description\" content=\"Entdecken Sie das 100%ige Angebot f\u00fcr H\u00e4ndler von Gummiketten und werden Sie H\u00e4ndler von Minibagger-Ketten!\" \/>\n<meta property=\"og:url\" content=\"https:\/\/minitop.it\/de\/dienstleistungen-gummiketten-minibagger\/\" \/>\n<meta property=\"og:site_name\" content=\"Minitop\" \/>\n<meta property=\"article:publisher\" content=\"https:\/\/www.facebook.com\/minitopsrl\" \/>\n<meta property=\"article:modified_time\" content=\"2024-09-09T10:20:11+00:00\" \/>\n<meta name=\"twitter:card\" content=\"summary_large_image\" \/>\n<meta name=\"twitter:label1\" content=\"Gesch\u00e4tzte Lesezeit\" \/>\n\t<meta name=\"twitter:data1\" content=\"4\u00a0Minuten\" \/>\n<script type=\"application\/ld+json\" class=\"yoast-schema-graph\">{\"@context\":\"https:\/\/schema.org\",\"@graph\":[{\"@type\":\"WebPage\",\"@id\":\"https:\/\/minitop.it\/de\/dienstleistungen-gummiketten-minibagger\/\",\"url\":\"https:\/\/minitop.it\/de\/dienstleistungen-gummiketten-minibagger\/\",\"name\":\"Dienstleistungen - Minitop f\u00fcr H\u00e4ndler von Gummiketten\",\"isPartOf\":{\"@id\":\"https:\/\/minitop.it\/#website\"},\"datePublished\":\"2022-04-14T09:36:32+00:00\",\"dateModified\":\"2024-09-09T10:20:11+00:00\",\"description\":\"Entdecken Sie das 100%ige Angebot f\u00fcr H\u00e4ndler von Gummiketten und werden Sie H\u00e4ndler von Minibagger-Ketten!\",\"breadcrumb\":{\"@id\":\"https:\/\/minitop.it\/de\/dienstleistungen-gummiketten-minibagger\/#breadcrumb\"},\"inLanguage\":\"de\",\"potentialAction\":[{\"@type\":\"ReadAction\",\"target\":[\"https:\/\/minitop.it\/de\/dienstleistungen-gummiketten-minibagger\/\"]}]},{\"@type\":\"BreadcrumbList\",\"@id\":\"https:\/\/minitop.it\/de\/dienstleistungen-gummiketten-minibagger\/#breadcrumb\",\"itemListElement\":[{\"@type\":\"ListItem\",\"position\":1,\"name\":\"Home\",\"item\":\"https:\/\/minitop.it\/de\/\"},{\"@type\":\"ListItem\",\"position\":2,\"name\":\"Dienstleistungen\"}]},{\"@type\":\"WebSite\",\"@id\":\"https:\/\/minitop.it\/#website\",\"url\":\"https:\/\/minitop.it\/\",\"name\":\"Minitop\",\"description\":\"1. Hersteller von Gummiraupen in Europa\",\"publisher\":{\"@id\":\"https:\/\/minitop.it\/#organization\"},\"potentialAction\":[{\"@type\":\"SearchAction\",\"target\":{\"@type\":\"EntryPoint\",\"urlTemplate\":\"https:\/\/minitop.it\/?s={search_term_string}\"},\"query-input\":\"required name=search_term_string\"}],\"inLanguage\":\"de\"},{\"@type\":\"Organization\",\"@id\":\"https:\/\/minitop.it\/#organization\",\"name\":\"Minitop\",\"url\":\"https:\/\/minitop.it\/\",\"logo\":{\"@type\":\"ImageObject\",\"inLanguage\":\"de\",\"@id\":\"https:\/\/minitop.it\/#\/schema\/logo\/image\/\",\"url\":\"https:\/\/minitop.it\/wp-content\/uploads\/2022\/04\/cropped-logominitoptr.png\",\"contentUrl\":\"https:\/\/minitop.it\/wp-content\/uploads\/2022\/04\/cropped-logominitoptr.png\",\"width\":512,\"height\":512,\"caption\":\"Minitop\"},\"image\":{\"@id\":\"https:\/\/minitop.it\/#\/schema\/logo\/image\/\"},\"sameAs\":[\"https:\/\/www.facebook.com\/minitopsrl\",\"https:\/\/www.linkedin.com\/company\/gruppominitopsrl\/\",\"https:\/\/www.youtube.com\/channel\/UC4SxXfoXCpelUKZa-ui9vuA\/featured?cbrd=1\"]}]}<\/script>\n<!-- \/ Yoast SEO plugin. -->","yoast_head_json":{"title":"Dienstleistungen - Minitop f\u00fcr H\u00e4ndler von Gummiketten","description":"Entdecken Sie das 100%ige Angebot f\u00fcr H\u00e4ndler von Gummiketten und werden Sie H\u00e4ndler von Minibagger-Ketten!","robots":{"index":"index","follow":"follow","max-snippet":"max-snippet:-1","max-image-preview":"max-image-preview:large","max-video-preview":"max-video-preview:-1"},"canonical":"https:\/\/minitop.it\/de\/dienstleistungen-gummiketten-minibagger\/","og_locale":"de_DE","og_type":"article","og_title":"Dienstleistungen - Minitop f\u00fcr H\u00e4ndler von Gummiketten","og_description":"Entdecken Sie das 100%ige Angebot f\u00fcr H\u00e4ndler von Gummiketten und werden Sie H\u00e4ndler von Minibagger-Ketten!","og_url":"https:\/\/minitop.it\/de\/dienstleistungen-gummiketten-minibagger\/","og_site_name":"Minitop","article_publisher":"https:\/\/www.facebook.com\/minitopsrl","article_modified_time":"2024-09-09T10:20:11+00:00","twitter_card":"summary_large_image","twitter_misc":{"Gesch\u00e4tzte Lesezeit":"4\u00a0Minuten"},"schema":{"@context":"https:\/\/schema.org","@graph":[{"@type":"WebPage","@id":"https:\/\/minitop.it\/de\/dienstleistungen-gummiketten-minibagger\/","url":"https:\/\/minitop.it\/de\/dienstleistungen-gummiketten-minibagger\/","name":"Dienstleistungen - Minitop f\u00fcr H\u00e4ndler von Gummiketten","isPartOf":{"@id":"https:\/\/minitop.it\/#website"},"datePublished":"2022-04-14T09:36:32+00:00","dateModified":"2024-09-09T10:20:11+00:00","description":"Entdecken Sie das 100%ige Angebot f\u00fcr H\u00e4ndler von Gummiketten und werden Sie H\u00e4ndler von Minibagger-Ketten!","breadcrumb":{"@id":"https:\/\/minitop.it\/de\/dienstleistungen-gummiketten-minibagger\/#breadcrumb"},"inLanguage":"de","potentialAction":[{"@type":"ReadAction","target":["https:\/\/minitop.it\/de\/dienstleistungen-gummiketten-minibagger\/"]}]},{"@type":"BreadcrumbList","@id":"https:\/\/minitop.it\/de\/dienstleistungen-gummiketten-minibagger\/#breadcrumb","itemListElement":[{"@type":"ListItem","position":1,"name":"Home","item":"https:\/\/minitop.it\/de\/"},{"@type":"ListItem","position":2,"name":"Dienstleistungen"}]},{"@type":"WebSite","@id":"https:\/\/minitop.it\/#website","url":"https:\/\/minitop.it\/","name":"Minitop","description":"1. Hersteller von Gummiraupen in Europa","publisher":{"@id":"https:\/\/minitop.it\/#organization"},"potentialAction":[{"@type":"SearchAction","target":{"@type":"EntryPoint","urlTemplate":"https:\/\/minitop.it\/?s={search_term_string}"},"query-input":"required name=search_term_string"}],"inLanguage":"de"},{"@type":"Organization","@id":"https:\/\/minitop.it\/#organization","name":"Minitop","url":"https:\/\/minitop.it\/","logo":{"@type":"ImageObject","inLanguage":"de","@id":"https:\/\/minitop.it\/#\/schema\/logo\/image\/","url":"https:\/\/minitop.it\/wp-content\/uploads\/2022\/04\/cropped-logominitoptr.png","contentUrl":"https:\/\/minitop.it\/wp-content\/uploads\/2022\/04\/cropped-logominitoptr.png","width":512,"height":512,"caption":"Minitop"},"image":{"@id":"https:\/\/minitop.it\/#\/schema\/logo\/image\/"},"sameAs":["https:\/\/www.facebook.com\/minitopsrl","https:\/\/www.linkedin.com\/company\/gruppominitopsrl\/","https:\/\/www.youtube.com\/channel\/UC4SxXfoXCpelUKZa-ui9vuA\/featured?cbrd=1"]}]}},"_links":{"self":[{"href":"https:\/\/minitop.it\/de\/wp-json\/wp\/v2\/pages\/13236","targetHints":{"allow":["GET"]}}],"collection":[{"href":"https:\/\/minitop.it\/de\/wp-json\/wp\/v2\/pages"}],"about":[{"href":"https:\/\/minitop.it\/de\/wp-json\/wp\/v2\/types\/page"}],"author":[{"embeddable":true,"href":"https:\/\/minitop.it\/de\/wp-json\/wp\/v2\/users\/1"}],"replies":[{"embeddable":true,"href":"https:\/\/minitop.it\/de\/wp-json\/wp\/v2\/comments?post=13236"}],"version-history":[{"count":0,"href":"https:\/\/minitop.it\/de\/wp-json\/wp\/v2\/pages\/13236\/revisions"}],"wp:attachment":[{"href":"https:\/\/minitop.it\/de\/wp-json\/wp\/v2\/media?parent=13236"}],"curies":[{"name":"wp","href":"https:\/\/api.w.org\/{rel}","templated":true}]}}